{"id":91,"date":"2023-05-08T11:32:52","date_gmt":"2023-05-08T09:32:52","guid":{"rendered":"https:\/\/boogaerdthout.bonsaidev.nl\/?page_id=91"},"modified":"2023-10-23T15:58:26","modified_gmt":"2023-10-23T13:58:26","slug":"chi-siamo","status":"publish","type":"page","link":"https:\/\/europeeshout.bonsaidev.nl\/it\/over-ons\/","title":{"rendered":"Chi siamo"},"content":{"rendered":"<div  class='flex_column av-5hl17-f2d4889b216188880d93636851633ff0 av_two_third  avia-builder-el-0  el_before_av_one_third  avia-builder-el-first  first flex_column_div'     ><section  class='av_textblock_section av-58q7-ecf30bba0148a3dcd1c724d1120bce6c'   itemscope=\"itemscope\" itemtype=\"https:\/\/schema.org\/CreativeWork\" ><div class='avia_textblock'  itemprop=\"text\" ><h1><span style=\"color: #000000;\">Legno di Boogaerdt<\/span><\/h1>\n<p>Boogaerdt Hout fa parte del gruppo Royal Boogaerdt ed \u00e8 attiva nel settore del legno dal 1741. Abbiamo iniziato come segheria e siamo cresciuti fino a diventare un ampio e moderno commerciante di legname con i nostri canali di importazione e un&#039;ampia segheria per macchine e legname tondo. Boogaerdt fornisce legno e soluzioni in legno a trasformatori professionisti e commercianti di materiali edili.<\/p>\n<p>Siamo un importatore di scorte di vari tipi di legno con certificazione ambientale provenienti da Africa, Europa, Sud-est asiatico, Nord e Sud America. L&#039;ampio stock vi garantisce flessibilit\u00e0 nella scelta e nella qualit\u00e0.<\/p>\n<p>Boogaerdt Hout sa meglio di chiunque altro che garantire una gestione sostenibile delle foreste e un raccolto sostenibile del legname sono essenziali per il futuro del nostro settore. Ove possibile, Boogaerdt Hout importa solo tipologie di legno certificate FSC\u00ae e PEFC.<\/p>\n<p>Ciascuno dei nostri dipendenti ha la propria specializzazione. Il team addetto alle vendite vanta una vasta conoscenza del legno ed \u00e8 specializzato in applicazioni specifiche per il cliente.<\/p>\n<p>A Krimpen aan de Lek disponiamo di una nostra segheria meccanica e per legname tondo. Per ulteriori elaborazioni collaboriamo a stretto contatto con partner esterni. Ci\u00f2 vi offre possibilit\u00e0 pressoch\u00e9 illimitate per i progetti specifici dei vostri clienti.<\/p>\n<\/div><\/section><br \/>\n<div  class='avia-button-wrap av-llq9tdbb-e4905ada4ba576dd59970cc1f26ef905-wrap avia-button-left  avia-builder-el-2  el_after_av_textblock  el_before_av_hr'><a href=''  class='avia-button av-llq9tdbb-e4905ada4ba576dd59970cc1f26ef905 av-link-btn avia-icon_select-no avia-size-small avia-position-left avia-color-theme-color'   aria-label=\"I nostri esperti del legno\"><span class='avia_iconbox_title' >I nostri esperti del legno<\/span><\/a><\/div><br \/>\n\n<style type=\"text\/css\" data-created_by=\"avia_inline_auto\" id=\"style-css-av-ljqvgnz9-0968711cafcced4e28b637b9086d6d00\">\n#top .hr.hr-invisible.av-ljqvgnz9-0968711cafcced4e28b637b9086d6d00{\nheight:50px;\n}\n<\/style>\n<div  class='hr av-ljqvgnz9-0968711cafcced4e28b637b9086d6d00 hr-invisible  avia-builder-el-3  el_after_av_button  el_before_av_image'><span class='hr-inner'><span class=\"hr-inner-style\"><\/span><\/span><\/div><br \/>\n\n<style type=\"text\/css\" data-created_by=\"avia_inline_auto\" id=\"style-css-av-3ayh7-01075c52684a9091024fef86d2975d9a\">\n.avia-image-container.av-3ayh7-01075c52684a9091024fef86d2975d9a img.avia_image{\nbox-shadow:none;\n}\n.avia-image-container.av-3ayh7-01075c52684a9091024fef86d2975d9a .av-image-caption-overlay-center{\ncolor:#ffffff;\n}\n<\/style>\n<div  class='avia-image-container av-3ayh7-01075c52684a9091024fef86d2975d9a av-styling-no-styling avia-align-center  avia-builder-el-4  el_after_av_hr  el_before_av_hr'   itemprop=\"image\" itemscope=\"itemscope\" itemtype=\"https:\/\/schema.org\/ImageObject\" ><div class=\"avia-image-container-inner\"><div class=\"avia-image-overlay-wrap\"><img decoding=\"async\" fetchpriority=\"high\" class='wp-image- avia-img-lazy-loading-not- avia_image' src=\"https:\/\/www.boogaerdthout.nl\/wp-content\/uploads\/2023\/08\/Boogaerdt-header-sfeer-1.jpg\" alt='' title=''   itemprop=\"thumbnailUrl\"  \/><\/div><\/div><\/div><br \/>\n\n<style type=\"text\/css\" data-created_by=\"avia_inline_auto\" id=\"style-css-av-usk3-597c0e856c709b4dd13d31539303c4c5\">\n#top .hr.hr-invisible.av-usk3-597c0e856c709b4dd13d31539303c4c5{\nheight:50px;\n}\n<\/style>\n<div  class='hr av-usk3-597c0e856c709b4dd13d31539303c4c5 hr-invisible  avia-builder-el-5  el_after_av_image  el_before_av_hr'><span class='hr-inner'><span class=\"hr-inner-style\"><\/span><\/span><\/div><br \/>\n\n<style type=\"text\/css\" data-created_by=\"avia_inline_auto\" id=\"style-css-av-11m2z-ca07100f1c8ff7dccf9c6f7ec0df5c6b\">\n#top .hr.hr-invisible.av-11m2z-ca07100f1c8ff7dccf9c6f7ec0df5c6b{\nheight:50px;\n}\n<\/style>\n<div  class='hr av-11m2z-ca07100f1c8ff7dccf9c6f7ec0df5c6b hr-invisible  avia-builder-el-6  el_after_av_hr  el_before_av_masonry_gallery  avia-builder-el-last'><span class='hr-inner'><span class=\"hr-inner-style\"><\/span><\/span><\/div><br \/>\n<div id='av-masonry-1' class='av-masonry av-llqc2lak-2ecaf02028f6ef6608d18a9e5e4f3e5e noHover av-flex-size av-large-gap av-hover-overlay- av-masonry-animation-active av-masonry-col-3 av-caption-always av-caption-style- av-masonry-gallery' data-post_id=\"91\"><div class=\"av-masonry-container isotope av-js-disabled\"><div class='av-masonry-entry isotope-item av-masonry-item-no-image'><\/div><a href=\"https:\/\/europeeshout.bonsaidev.nl\/wp-content\/uploads\/2023\/08\/Boogaerdt-header-sfeer-33.jpg\" data-srcset=\"https:\/\/europeeshout.bonsaidev.nl\/wp-content\/uploads\/2023\/08\/Boogaerdt-header-sfeer-33.jpg 1000w, https:\/\/europeeshout.bonsaidev.nl\/wp-content\/uploads\/2023\/08\/Boogaerdt-header-sfeer-33-300x180.jpg 300w, https:\/\/europeeshout.bonsaidev.nl\/wp-content\/uploads\/2023\/08\/Boogaerdt-header-sfeer-33-768x461.jpg 768w, https:\/\/europeeshout.bonsaidev.nl\/wp-content\/uploads\/2023\/08\/Boogaerdt-header-sfeer-33-705x423.jpg 705w\" data-sizes=\"(max-width: 1000px) 100vw, 1000px\"  aria-label=\"immagine Boogaerdt-header-atmosphere-33\"  id='av-masonry-1-item-1751' data-av-masonry-item='1751' class='av-masonry-entry isotope-item post-1751 attachment type-attachment status-inherit hentry  av-masonry-item-with-image' title=\"Boogaerdt-intestazione-atmosfera-33\" alt=\"header sfeer 33\"    itemprop=\"thumbnailUrl\" ><div class='av-inner-masonry-sizer'><\/div><figure class='av-inner-masonry main_color'><div class=\"av-masonry-outerimage-container\"><div class='av-masonry-image-container'  ><img decoding=\"async\" width=\"705\" height=\"423\" fetchpriority=\"high\" class=\"wp-image-1751 avia-img-lazy-loading-not-1751\"  src=\"https:\/\/europeeshout.bonsaidev.nl\/wp-content\/uploads\/2023\/08\/Boogaerdt-header-sfeer-33-705x423.jpg\" title=\"Boogaerdt-intestazione-atmosfera-33\" alt=\"atmosfera di intestazione 33\" srcset=\"https:\/\/europeeshout.bonsaidev.nl\/wp-content\/uploads\/2023\/08\/Boogaerdt-header-sfeer-33-705x423.jpg 705w, https:\/\/europeeshout.bonsaidev.nl\/wp-content\/uploads\/2023\/08\/Boogaerdt-header-sfeer-33-300x180.jpg 300w, https:\/\/europeeshout.bonsaidev.nl\/wp-content\/uploads\/2023\/08\/Boogaerdt-header-sfeer-33-768x461.jpg 768w, https:\/\/europeeshout.bonsaidev.nl\/wp-content\/uploads\/2023\/08\/Boogaerdt-header-sfeer-33.jpg 1000w\" sizes=\"(max-width: 705px) 100vw, 705px\" \/><\/div><\/div><\/figure><\/a><!--end av-masonry entry--><a href=\"https:\/\/europeeshout.bonsaidev.nl\/wp-content\/uploads\/2023\/09\/Overleg-Accoyawebsite-1030x687.jpg\" data-srcset=\"https:\/\/europeeshout.bonsaidev.nl\/wp-content\/uploads\/2023\/09\/Overleg-Accoyawebsite-1030x687.jpg 1030w, https:\/\/europeeshout.bonsaidev.nl\/wp-content\/uploads\/2023\/09\/Overleg-Accoyawebsite-300x200.jpg 300w, https:\/\/europeeshout.bonsaidev.nl\/wp-content\/uploads\/2023\/09\/Overleg-Accoyawebsite-768x512.jpg 768w, https:\/\/europeeshout.bonsaidev.nl\/wp-content\/uploads\/2023\/09\/Overleg-Accoyawebsite-705x470.jpg 705w, https:\/\/europeeshout.bonsaidev.nl\/wp-content\/uploads\/2023\/09\/Overleg-Accoyawebsite.jpg 1080w\" data-sizes=\"(max-width: 1030px) 100vw, 1030px\"  aria-label=\"immagine Consultazione-Accoya(sito web)\"  id='av-masonry-1-item-2210' data-av-masonry-item='2210' class='av-masonry-entry isotope-item post-2210 attachment type-attachment status-inherit hentry  av-masonry-item-with-image' title=\"Consultazione-Accoya(sito web)\" alt=\"Boogaerdt Header sfeer 2\"    itemprop=\"thumbnailUrl\" ><div class='av-inner-masonry-sizer'><\/div><figure class='av-inner-masonry main_color'><div class=\"av-masonry-outerimage-container\"><div class='av-masonry-image-container'  ><img decoding=\"async\" width=\"705\" height=\"470\" fetchpriority=\"high\" class=\"wp-image-2210 avia-img-lazy-loading-not-2210\"  src=\"https:\/\/europeeshout.bonsaidev.nl\/wp-content\/uploads\/2023\/09\/Overleg-Accoyawebsite-705x470.jpg\" title=\"Consultazione-Accoya(sito web)\" alt=\"Atmosfera di intestazione Boogaerdt 2\" srcset=\"https:\/\/europeeshout.bonsaidev.nl\/wp-content\/uploads\/2023\/09\/Overleg-Accoyawebsite-705x470.jpg 705w, https:\/\/europeeshout.bonsaidev.nl\/wp-content\/uploads\/2023\/09\/Overleg-Accoyawebsite-300x200.jpg 300w, https:\/\/europeeshout.bonsaidev.nl\/wp-content\/uploads\/2023\/09\/Overleg-Accoyawebsite-1030x687.jpg 1030w, https:\/\/europeeshout.bonsaidev.nl\/wp-content\/uploads\/2023\/09\/Overleg-Accoyawebsite-768x512.jpg 768w, https:\/\/europeeshout.bonsaidev.nl\/wp-content\/uploads\/2023\/09\/Overleg-Accoyawebsite.jpg 1080w\" sizes=\"(max-width: 705px) 100vw, 705px\" \/><\/div><\/div><\/figure><\/a><!--end av-masonry entry--><\/div><\/div><\/p><\/div><div  class='flex_column av-1rsaf-810a51138aac2ca0e87828967ded179c av_one_third  avia-builder-el-8  el_after_av_two_third  avia-builder-el-last  flex_column_div'     ><div  class='avia-builder-widget-area clearfix  avia-builder-el-9  avia-builder-el-no-sibling'><section id=\"avia_auto_toc-2\" class=\"widget clearfix avia-widget-container avia_auto_toc avia_no_block_preview\"><div class=\"avia-preview-headline\">Enfold Child Tablela dei contenuti<\/div><div class=\"avia-preview-info\">Titolo: Contenuto della pagina<\/div><div class=\"avia-preview-in-front\">La tabella pu\u00f2 essere resa solo nel frontend.<\/div><span class=\"seperator extralight-border\"><\/span><\/section><section id=\"text-7\" class=\"widget clearfix widget_text\"><h3 class=\"widgettitle\">Ulteriori informazioni<\/h3>\t\t\t<div class=\"textwidget\"><ul>\n<li><a href=\"https:\/\/www.boogaerdthout.nl\/inspiratie\/kennisbank\/\">Base di conoscenza<\/a><\/li>\n<li><a href=\"https:\/\/www.boogaerdthout.nl\/over-ons\/downloads\/\">Scaricare<\/a><\/li>\n<li><a href=\"https:\/\/www.boogaerdthout.nl\/inspiratie\/projecten\/\">Progetti<\/a><\/li>\n<li><a href=\"https:\/\/www.boogaerdthout.nl\/profielen-gevelbekleding\/\">Profili di rivestimento di facciata<\/a><\/li>\n<li><a href=\"https:\/\/www.boogaerdthout.nl\/profielen-vlonders\/\">Profili per decking<\/a><\/li>\n<li><a href=\"https:\/\/www.boogaerdthout.nl\/over-ons\/behandelingen-van-hout\/\">Trattamenti del legno<\/a><\/li>\n<\/ul>\n<\/div>\n\t\t<span class=\"seperator extralight-border\"><\/span><\/section><section id=\"custom_html-2\" class=\"widget_text widget clearfix widget_custom_html\"><h3 class=\"widgettitle\">Fai la tua domanda<\/h3><div class=\"textwidget custom-html-widget\">\n\n\t\t\n\t    \t    \n        <div class=\"cta-foto\">\n                    <\/div>\n        <div class=\"cta-info\">\n            <p>Lars Bastiaansen<\/p>\n            <p class=\"functie\">Direttore delle vendite<\/p>\n            <p>0180-551 552<\/p>\n            <a href=\"\/it\/contatto\/\" class=\"avia-button avia-icon_select-no avia-size-small btn-side avia-position-left avia-color-theme-color\"><span class=\"avia_iconbox_title\">Invia un messaggio<\/span><\/a>\n        <\/div>\n        \n\t\t\n\t\t\n<\/div><span class=\"seperator extralight-border\"><\/span><\/section><section id=\"text-2\" class=\"widget clearfix widget_text\">\t\t\t<div class=\"textwidget\"><div class=\"artikelen\">\n<h4>Articoli di notizie<\/h4>\n<p>\t\t\t\t\t\t\t<a href=\"https:\/\/europeeshout.bonsaidev.nl\/it\/2020\/04\/20\/eiken-panelen\/\">\t<\/p>\n<div class=\"wrapper\">\n<div class=\"artikel-content\">\n<p>Pannelli in rovere<\/p>\n<\/div><\/div>\n<p>        <\/a><br \/>\n\t\t\t\t\t\t\t<a href=\"https:\/\/europeeshout.bonsaidev.nl\/it\/2019\/10\/02\/eiken-blokhout-voor-zeer-interessante-prijzen\/\">\t<\/p>\n<div class=\"wrapper\">\n<div class=\"artikel-content\">\n<p>Tronchi di quercia a prezzi molto interessanti<\/p>\n<\/div><\/div>\n<p>        <\/a><\/p><\/div>\n<\/div>\n\t\t<span class=\"seperator extralight-border\"><\/span><\/section><\/div><\/div><\/p>","protected":false},"excerpt":{"rendered":"","protected":false},"author":1,"featured_media":0,"parent":0,"menu_order":0,"comment_status":"closed","ping_status":"closed","template":"","meta":{"_acf_changed":false,"footnotes":""},"class_list":["post-91","page","type-page","status-publish","hentry"],"acf":[],"yoast_head":"<!-- This site is optimized with the Yoast SEO plugin v27.4 - https:\/\/yoast.com\/product\/yoast-seo-wordpress\/ -->\n<title>Over ons - Europees hout<\/title>\n<meta name=\"robots\" content=\"noindex, follow, max-snippet:-1, max-image-preview:large, max-video-preview:-1\" \/>\n<meta property=\"og:locale\" content=\"it_IT\" \/>\n<meta property=\"og:type\" content=\"article\" \/>\n<meta property=\"og:title\" content=\"Over ons - Europees hout\" \/>\n<meta property=\"og:url\" content=\"https:\/\/www.boogaerdthout.nl\/over-ons\/\" \/>\n<meta property=\"og:site_name\" content=\"Europees hout\" \/>\n<meta property=\"article:modified_time\" content=\"2023-10-23T13:58:26+00:00\" \/>\n<meta name=\"twitter:label1\" content=\"Tempo di lettura stimato\" \/>\n\t<meta name=\"twitter:data1\" content=\"4 minuti\" \/>\n<script type=\"application\/ld+json\" class=\"yoast-schema-graph\">{\"@context\":\"https:\\\/\\\/schema.org\",\"@graph\":[{\"@type\":\"WebPage\",\"@id\":\"https:\\\/\\\/www.boogaerdthout.nl\\\/over-ons\\\/\",\"url\":\"https:\\\/\\\/www.boogaerdthout.nl\\\/over-ons\\\/\",\"name\":\"Over ons - Europees hout\",\"isPartOf\":{\"@id\":\"https:\\\/\\\/www.boogaerdthout.nl\\\/#website\"},\"datePublished\":\"2023-05-08T09:32:52+00:00\",\"dateModified\":\"2023-10-23T13:58:26+00:00\",\"breadcrumb\":{\"@id\":\"https:\\\/\\\/www.boogaerdthout.nl\\\/over-ons\\\/#breadcrumb\"},\"inLanguage\":\"it-IT\",\"potentialAction\":[{\"@type\":\"ReadAction\",\"target\":[\"https:\\\/\\\/www.boogaerdthout.nl\\\/over-ons\\\/\"]}]},{\"@type\":\"BreadcrumbList\",\"@id\":\"https:\\\/\\\/www.boogaerdthout.nl\\\/over-ons\\\/#breadcrumb\",\"itemListElement\":[{\"@type\":\"ListItem\",\"position\":1,\"name\":\"Home\",\"item\":\"https:\\\/\\\/europeeshout.bonsaidev.nl\\\/home-2\\\/\"},{\"@type\":\"ListItem\",\"position\":2,\"name\":\"Over ons\"}]},{\"@type\":\"WebSite\",\"@id\":\"https:\\\/\\\/www.boogaerdthout.nl\\\/#website\",\"url\":\"https:\\\/\\\/www.boogaerdthout.nl\\\/\",\"name\":\"Europees hout\",\"description\":\"Koninklijke houthandel Boogaerdt B.V.\",\"potentialAction\":[{\"@type\":\"SearchAction\",\"target\":{\"@type\":\"EntryPoint\",\"urlTemplate\":\"https:\\\/\\\/www.boogaerdthout.nl\\\/?s={search_term_string}\"},\"query-input\":{\"@type\":\"PropertyValueSpecification\",\"valueRequired\":true,\"valueName\":\"search_term_string\"}}],\"inLanguage\":\"it-IT\"}]}<\/script>\n<!-- \/ Yoast SEO plugin. -->","yoast_head_json":{"title":"Over ons - Europees hout","robots":{"index":"noindex","follow":"follow","max-snippet":"max-snippet:-1","max-image-preview":"max-image-preview:large","max-video-preview":"max-video-preview:-1"},"og_locale":"it_IT","og_type":"article","og_title":"Over ons - Europees hout","og_url":"https:\/\/www.boogaerdthout.nl\/over-ons\/","og_site_name":"Europees hout","article_modified_time":"2023-10-23T13:58:26+00:00","twitter_misc":{"Tempo di lettura stimato":"4 minuti"},"schema":{"@context":"https:\/\/schema.org","@graph":[{"@type":"WebPage","@id":"https:\/\/www.boogaerdthout.nl\/over-ons\/","url":"https:\/\/www.boogaerdthout.nl\/over-ons\/","name":"Over ons - Europees hout","isPartOf":{"@id":"https:\/\/www.boogaerdthout.nl\/#website"},"datePublished":"2023-05-08T09:32:52+00:00","dateModified":"2023-10-23T13:58:26+00:00","breadcrumb":{"@id":"https:\/\/www.boogaerdthout.nl\/over-ons\/#breadcrumb"},"inLanguage":"it-IT","potentialAction":[{"@type":"ReadAction","target":["https:\/\/www.boogaerdthout.nl\/over-ons\/"]}]},{"@type":"BreadcrumbList","@id":"https:\/\/www.boogaerdthout.nl\/over-ons\/#breadcrumb","itemListElement":[{"@type":"ListItem","position":1,"name":"Home","item":"https:\/\/europeeshout.bonsaidev.nl\/home-2\/"},{"@type":"ListItem","position":2,"name":"Over ons"}]},{"@type":"WebSite","@id":"https:\/\/www.boogaerdthout.nl\/#website","url":"https:\/\/www.boogaerdthout.nl\/","name":"Donne europee","description":"Commercio reale di legname Boogaerdt BV","potentialAction":[{"@type":"SearchAction","target":{"@type":"EntryPoint","urlTemplate":"https:\/\/www.boogaerdthout.nl\/?s={search_term_string}"},"query-input":{"@type":"PropertyValueSpecification","valueRequired":true,"valueName":"search_term_string"}}],"inLanguage":"it-IT"}]}},"_links":{"self":[{"href":"https:\/\/europeeshout.bonsaidev.nl\/it\/wp-json\/wp\/v2\/pages\/91","targetHints":{"allow":["GET"]}}],"collection":[{"href":"https:\/\/europeeshout.bonsaidev.nl\/it\/wp-json\/wp\/v2\/pages"}],"about":[{"href":"https:\/\/europeeshout.bonsaidev.nl\/it\/wp-json\/wp\/v2\/types\/page"}],"author":[{"embeddable":true,"href":"https:\/\/europeeshout.bonsaidev.nl\/it\/wp-json\/wp\/v2\/users\/1"}],"replies":[{"embeddable":true,"href":"https:\/\/europeeshout.bonsaidev.nl\/it\/wp-json\/wp\/v2\/comments?post=91"}],"version-history":[{"count":0,"href":"https:\/\/europeeshout.bonsaidev.nl\/it\/wp-json\/wp\/v2\/pages\/91\/revisions"}],"wp:attachment":[{"href":"https:\/\/europeeshout.bonsaidev.nl\/it\/wp-json\/wp\/v2\/media?parent=91"}],"curies":[{"name":"wp","href":"https:\/\/api.w.org\/{rel}","templated":true}]}}