{"id":2811,"date":"2023-09-26T13:38:51","date_gmt":"2023-09-26T11:38:51","guid":{"rendered":"https:\/\/boogaerdthout.bonsaidev.nl\/?page_id=2811"},"modified":"2024-09-19T10:29:43","modified_gmt":"2024-09-19T08:29:43","slug":"colore","status":"publish","type":"page","link":"https:\/\/europeeshout.bonsaidev.nl\/it\/over-ons\/behandelingen-van-hout\/verf\/","title":{"rendered":"Colore"},"content":{"rendered":"<div id='av-layout-grid-1'  class='av-layout-grid-container av-6xum6j-7efdd5be425b29ad7c646d65d3bf92bd entry-content-wrapper main_color av-flex-cells  avia-builder-el-0  el_before_av_section  avia-builder-el-first   container_wrap sidebar_right'  >\n\n<style type=\"text\/css\" data-created_by=\"avia_inline_auto\" id=\"style-css-av-64zqhn-fb4a6efb77c7cbd2b0d666e1427bcb03\">\n.flex_cell.av-64zqhn-fb4a6efb77c7cbd2b0d666e1427bcb03{\nvertical-align:middle;\nheight:580px;\nmin-height:580px;\nbackground-color:#004629;\n}\n.responsive #top #wrap_all .flex_cell.av-64zqhn-fb4a6efb77c7cbd2b0d666e1427bcb03{\npadding:2% 2% 2% 2% !important;\n}\n\n@media only screen and (min-width: 480px) and (max-width: 767px){ \n.responsive #top #wrap_all .flex_cell.av-64zqhn-fb4a6efb77c7cbd2b0d666e1427bcb03{\npadding:40px 40px 40px 40px !important;\n}\n}\n\n@media only screen and (max-width: 479px){ \n.responsive #top #wrap_all .flex_cell.av-64zqhn-fb4a6efb77c7cbd2b0d666e1427bcb03{\npadding:40px 40px 40px 40px !important;\n}\n}\n<\/style>\n<div class='flex_cell av-64zqhn-fb4a6efb77c7cbd2b0d666e1427bcb03 av-gridrow-cell av_one_half no_margin  avia-builder-el-1  el_before_av_cell_one_half  avia-builder-el-first  banner-tekst content-align-middle'  ><div class='flex_cell_inner'>\n<style type=\"text\/css\" data-created_by=\"avia_inline_auto\" id=\"style-css-av-ln8li16k-1d825ca3ec37dd1e5ca34551fb06e450\">\n#top .av_textblock_section.av-ln8li16k-1d825ca3ec37dd1e5ca34551fb06e450 .avia_textblock{\nfont-size:22px;\ncolor:#ffffff;\n}\n<\/style>\n<section  class='av_textblock_section av-ln8li16k-1d825ca3ec37dd1e5ca34551fb06e450'   itemscope=\"itemscope\" itemtype=\"https:\/\/schema.org\/CreativeWork\" ><div class='avia_textblock av_inherit_color'  itemprop=\"text\" ><h1><span style=\"color: #ffffff;\">Colore<\/span><\/h1>\n<p>Il rivestimento in legno offre un aspetto unico e naturale che piace a molte persone. Ma in alcuni casi, la durevolezza o il colore sono un desiderio ancora pi\u00f9 grande. Se si scelgono determinati tipi di legno per l&#039;uso esterno, \u00e8 opportuno trattarli per migliorarne la durata. Ma anche il colore e la conservazione del tipo di legno sono aspetti importanti. Per entrambe le opzioni ci sono diverse possibilit\u00e0. Un&#039;opzione \u00e8 la vernice filmogena, ma sono possibili anche un trattamento (semi)trasparente o Shou Sugi ban.<\/p>\n<\/div><\/section>\n<\/div><\/div>\n<style type=\"text\/css\" data-created_by=\"avia_inline_auto\" id=\"style-css-av-ln8liwad-bf22065879e5988bce11b235bb0592e0\">\n.flex_cell.av-ln8liwad-bf22065879e5988bce11b235bb0592e0{\nvertical-align:middle;\nheight:580px;\nmin-height:580px;\nbackground:url(https:\/\/europeeshout.bonsaidev.nl\/wp-content\/uploads\/2023\/08\/20220311_095958-1-scaled.jpg) 50% 50% no-repeat scroll ;\n}\n.responsive #top #wrap_all .flex_cell.av-ln8liwad-bf22065879e5988bce11b235bb0592e0{\npadding:60px 60px 60px 60px !important;\n}\n<\/style>\n<div class='flex_cell av-ln8liwad-bf22065879e5988bce11b235bb0592e0 av-gridrow-cell av_one_half no_margin  avia-builder-el-3  el_after_av_cell_one_half  avia-builder-el-last  banner-foto content-align-middle avia-full-stretch'  ><div class='flex_cell_inner'>\n<style type=\"text\/css\" data-created_by=\"avia_inline_auto\" id=\"style-css-av-434hgr-eee0d6324fc4d87e226a5c7dbfcfb40c\">\n.flex_column.av-434hgr-eee0d6324fc4d87e226a5c7dbfcfb40c{\nborder-width:1px;\nborder-color:#ffffff;\nborder-style:solid;\npadding:370px 30px 30px 30px;\n}\n<\/style>\n<div  class='flex_column av-434hgr-eee0d6324fc4d87e226a5c7dbfcfb40c av_one_half  avia-builder-el-4  avia-builder-el-no-sibling  first flex_column_div'     ><section  class='av_textblock_section av-2uwenf-63e76be1cc3bec8197b54fa6849bf5d9'   itemscope=\"itemscope\" itemtype=\"https:\/\/schema.org\/CreativeWork\" ><div class='avia_textblock toepassing-logo'  itemprop=\"text\" ><p><img loading=\"lazy\" decoding=\"async\" class=\"alignnone wp-image-3162 size-full\" src=\"https:\/\/www.boogaerdthout.nl\/wp-content\/uploads\/2023\/10\/verf.png\" alt=\"\" width=\"310\" height=\"89\" srcset=\"https:\/\/europeeshout.bonsaidev.nl\/wp-content\/uploads\/2023\/10\/verf.png 310w, https:\/\/europeeshout.bonsaidev.nl\/wp-content\/uploads\/2023\/10\/verf-300x86.png 300w\" sizes=\"auto, (max-width: 310px) 100vw, 310px\" \/><\/p>\n<\/div><\/section><\/div>\n<\/div><\/div>\n<\/div>\n<div id='av_section_1'  class='avia-section av-12mh3i-610ce12294cfbec14be2807c2860364f main_color avia-section-large avia-no-border-styling  avia-builder-el-6  el_after_av_layout_row  avia-builder-el-last  avia-bg-style-scroll container_wrap sidebar_right'  ><div class='container av-section-cont-open' ><div class='template-page content  av-content-small alpha units'><div class='post-entry post-entry-type-page post-entry-2811'><div class='entry-content-wrapper clearfix'>\n<div  class='flex_column av-ys1au-d5f10af7cea9246befb7baeb59eb286e av_two_third  avia-builder-el-7  el_before_av_one_third  avia-builder-el-first  first flex_column_div'     ><section  class='av_textblock_section av-ljzlxw9o-0e2227b383f0e55921219c865e74af58'   itemscope=\"itemscope\" itemtype=\"https:\/\/schema.org\/CreativeWork\" ><div class='avia_textblock'  itemprop=\"text\" ><h2>Vernice opaca per una finitura colorata<\/h2>\n<p>\u00c8 stato dimostrato che vari trattamenti di colorazione prolungano la durata del legno, riducendo la necessit\u00e0 di manutenzione. All&#039;interno della collezione colori sono presenti diverse tipologie di trattamenti. Due delle opzioni sono: sistemi di verniciatura filmogena e un sistema di verniciatura semitrasparente. La scelta dipende in larga misura dal tipo di legno e dai desideri. Sono disponibili vari colori. Questo trattamento pu\u00f2 essere effettuato meccanicamente o manualmente e richiede alcune rifiniture durante l&#039;installazione. Il periodo di manutenzione o verniciatura \u00e8 di circa 5 anni*.<\/p>\n<p><em>*Dipende dall&#039;esposizione agli agenti atmosferici, come pioggia e sole, che influiscono direttamente sulla durata di vita del legno.<\/em><\/p>\n<\/div><\/section><br \/>\n\n<style type=\"text\/css\" data-created_by=\"avia_inline_auto\" id=\"style-css-av-bqii3-55afe2f614f82f4b6eb0bc0c0508fb5e\">\n#top .hr.hr-invisible.av-bqii3-55afe2f614f82f4b6eb0bc0c0508fb5e{\nheight:50px;\n}\n<\/style>\n<div  class='hr av-bqii3-55afe2f614f82f4b6eb0bc0c0508fb5e hr-invisible  avia-builder-el-9  el_after_av_textblock  el_before_av_textblock'><span class='hr-inner'><span class=\"hr-inner-style\"><\/span><\/span><\/div><br \/>\n<section  class='av_textblock_section av-lq0y3xaw-06af882b5d1c13faba85c1f0f8050a2e'   itemscope=\"itemscope\" itemtype=\"https:\/\/schema.org\/CreativeWork\" ><div class='avia_textblock'  itemprop=\"text\" ><h2>Filmogeno o no<\/h2>\n<p>Per scegliere tra prodotti filmogeni e non filmogeni, \u00e8 necessario innanzitutto comprenderne la differenza. In breve, i prodotti filmogeni creano una pellicola. Applicando una pellicola, il prodotto rimane sulla superficie come strato aggiuntivo. Se non forma una pellicola, viene assorbito dal legno, proteggendolo cos\u00ec dall&#039;interno.<\/p>\n<h3>Vernice filmogena<\/h3>\n<p>I prodotti filmogeni sono prodotti che formano un nuovo strato sul legno, proteggendolo cos\u00ec dagli agenti esterni. Questo vale per pitture e vernici. Questi prodotti sono estremamente adatti alla protezione. Il grande vantaggio \u00e8 che questi prodotti forniscono anche uno strato extra di protezione UV. Ci\u00f2 lo rende pi\u00f9 resistente alla luce solare cocente. La protezione \u00e8 generalmente pi\u00f9 forte di quella dei prodotti non filmogeni. Questi prodotti sono particolarmente adatti ai tipi di legno pi\u00f9 duri. Nel legno tenero, la vernice e la pittura sono pi\u00f9 soggette a screpolature. Se dopo un po&#039; di tempo diventa necessario applicare una nuova mano di vernice, \u00e8 opportuno prima carteggiare quella vecchia. Ci\u00f2 causer\u00e0 un leggero cambiamento di colore nel tempo.<\/p>\n<h3>Non filmogeno<\/h3>\n<p>Poich\u00e9 il prodotto non forma pellicola, penetra in profondit\u00e0 nel legno e lo protegge dall&#039;interno. I prodotti non filmogeni sono (la maggior parte dei tipi) coloranti e oli orticoli. Questi prodotti sono molto facili da applicare. Il grande vantaggio dei prodotti non filmogeni \u00e8 che in molti casi migliorano l&#039;aspetto del legno. Le venature del legno rimangono ben visibili e il legno non perde il suo carattere. Esistono varianti chiare e colorate. La protezione di questi prodotti \u00e8 leggermente inferiore a quella dei prodotti filmogeni. Ad esempio, offre una minore protezione contro i raggi UV. Nella maggior parte dei casi le macchie sono pi\u00f9 forti degli oli.<\/p>\n<\/div><\/section><br \/>\n\n<style type=\"text\/css\" data-created_by=\"avia_inline_auto\" id=\"style-css-av-1vp9d7-f3074c206aab02e3e5781db7768c4b11\">\n#top .hr.hr-invisible.av-1vp9d7-f3074c206aab02e3e5781db7768c4b11{\nheight:50px;\n}\n<\/style>\n<div  class='hr av-1vp9d7-f3074c206aab02e3e5781db7768c4b11 hr-invisible  avia-builder-el-11  el_after_av_textblock  el_before_av_textblock'><span class='hr-inner'><span class=\"hr-inner-style\"><\/span><\/span><\/div><br \/>\n<section  class='av_textblock_section av-lq0tqabj-c2177dd860d9ab8b4b3318b108b05b67'   itemscope=\"itemscope\" itemtype=\"https:\/\/schema.org\/CreativeWork\" ><div class='avia_textblock'  itemprop=\"text\" ><h2>Aspetto naturale: AC Stain<\/h2>\n<p>Un esempio di sistema di verniciatura non filmogena \u00e8 l&#039;AC Stain. Se vuoi preservare meglio il colore naturale e l&#039;aspetto caldo del legno, puoi usare una tinta AC. Con AC Stain il legno mantiene il suo colore caldo originale pi\u00f9 a lungo. Questa tinta opaca contiene, tra le altre cose, un filtro UV e offre protezione contro i raggi UV, lo sporco e l&#039;umidit\u00e0. Dopo l&#039;installazione, \u00e8 comunque necessario aggiornarlo e l&#039;intervallo di manutenzione \u00e8 di circa 4-5 anni*. Questo rivestimento \u00e8 noto come AC Stain. Questo trattamento pu\u00f2 essere applicato a tutti i tipi di legno, ma la vernice avr\u00e0 un effetto diverso su ogni tipo di legno. Per ogni tipo di legno e applicazione \u00e8 necessario trovare la soluzione giusta.<\/p>\n<p>A causa del sottile strato di macchia AC Stain e della tendenza dell&#039;Accoya ad attrarre funghi trasportati dall&#039;aria, si consiglia di applicare un ulteriore strato inibitore di funghi all&#039;Accoya.<\/p>\n<\/div><\/section><br \/>\n<br \/>\n\n<style type=\"text\/css\" data-created_by=\"avia_inline_auto\" id=\"style-css-av-2o8cob-1a2ff4ca49c6869c2303d07df4b44219\">\n#top .hr.hr-invisible.av-2o8cob-1a2ff4ca49c6869c2303d07df4b44219{\nheight:50px;\n}\n<\/style>\n<div  class='hr av-2o8cob-1a2ff4ca49c6869c2303d07df4b44219 hr-invisible  avia-builder-el-14  el_after_av_masonry_gallery  el_before_av_textblock  avia-builder-el-first'><span class='hr-inner'><span class=\"hr-inner-style\"><\/span><\/span><\/div><br \/>\n<section  class='av_textblock_section av-ln08xs2t-4baf9435fce4468c595cb915fb339e6f'   itemscope=\"itemscope\" itemtype=\"https:\/\/schema.org\/CreativeWork\" ><div class='avia_textblock'  itemprop=\"text\" ><h2 id=\"shou-sugi-ban\">Shou Sugi Ban<\/h2>\n<p>Shou Sugi Ban \u00e8 un&#039;antica tecnica giapponese che offre un modo unico per conferire al legno un aspetto meraviglioso. Bruciandolo nel forno si crea uno strato di carbonio che accentua la consistenza del legno. Questo processo \u00e8 atossico e rispettoso dell&#039;ambiente. L&#039;aggiunta di un olio naturale, di una lacca o di una resina stabilizza la finitura senza trasferirla.<\/p>\n<p>Il legno Accoya\u00ae, con le sue propriet\u00e0 durevoli e stabili, \u00e8 ideale per i rivestimenti neri e pu\u00f2 essere installato in classe di durabilit\u00e0 1. Ci\u00f2 gli conferisce la pi\u00f9 alta classificazione di sostenibilit\u00e0.<\/p>\n<\/div><\/section><br \/>\n\n<style type=\"text\/css\" data-created_by=\"avia_inline_auto\" id=\"style-css-av-lnvgbo97-f71fc110892449068301cf2394e40886\">\n.avia-image-container.av-lnvgbo97-f71fc110892449068301cf2394e40886 img.avia_image{\nbox-shadow:none;\n}\n.avia-image-container.av-lnvgbo97-f71fc110892449068301cf2394e40886 .av-image-caption-overlay-center{\ncolor:#ffffff;\n}\n<\/style>\n<div  class='avia-image-container av-lnvgbo97-f71fc110892449068301cf2394e40886 av-styling- avia-align-center  avia-builder-el-16  el_after_av_textblock  avia-builder-el-last'   itemprop=\"image\" itemscope=\"itemscope\" itemtype=\"https:\/\/schema.org\/ImageObject\" ><div class=\"avia-image-container-inner\"><div class=\"avia-image-overlay-wrap\"><img decoding=\"async\" fetchpriority=\"high\" class='wp-image- avia-img-lazy-loading-not- avia_image' src=\"https:\/\/www.boogaerdthout.nl\/wp-content\/uploads\/2023\/06\/shou-sugi-ban-zwarte-gevelbekleding.jpg\" alt='' title=''   itemprop=\"thumbnailUrl\"  \/><\/div><\/div><\/div><\/p><\/div><div  class='flex_column av-h8a8u-44dd9c63ec2f295194774810235164f8 av_one_third  avia-builder-el-17  el_after_av_two_third  avia-builder-el-last  flex_column_div'     ><div  class='avia-builder-widget-area clearfix  avia-builder-el-18  avia-builder-el-no-sibling'><section id=\"avia_auto_toc-2\" class=\"widget clearfix avia-widget-container avia_auto_toc avia_no_block_preview\"><div class=\"avia-preview-headline\">Enfold Child Tablela dei contenuti<\/div><div class=\"avia-preview-info\">Titolo: Contenuto della pagina<\/div><div class=\"avia-preview-in-front\">La tabella pu\u00f2 essere resa solo nel frontend.<\/div><span class=\"seperator extralight-border\"><\/span><\/section><section id=\"text-7\" class=\"widget clearfix widget_text\"><h3 class=\"widgettitle\">Ulteriori informazioni<\/h3>\t\t\t<div class=\"textwidget\"><ul>\n<li><a href=\"https:\/\/www.boogaerdthout.nl\/inspiratie\/kennisbank\/\">Base di conoscenza<\/a><\/li>\n<li><a href=\"https:\/\/www.boogaerdthout.nl\/over-ons\/downloads\/\">Scaricare<\/a><\/li>\n<li><a href=\"https:\/\/www.boogaerdthout.nl\/inspiratie\/projecten\/\">Progetti<\/a><\/li>\n<li><a href=\"https:\/\/www.boogaerdthout.nl\/profielen-gevelbekleding\/\">Profili di rivestimento di facciata<\/a><\/li>\n<li><a href=\"https:\/\/www.boogaerdthout.nl\/profielen-vlonders\/\">Profili per decking<\/a><\/li>\n<li><a href=\"https:\/\/www.boogaerdthout.nl\/over-ons\/behandelingen-van-hout\/\">Trattamenti del legno<\/a><\/li>\n<\/ul>\n<\/div>\n\t\t<span class=\"seperator extralight-border\"><\/span><\/section><section id=\"custom_html-2\" class=\"widget_text widget clearfix widget_custom_html\"><h3 class=\"widgettitle\">Fai la tua domanda<\/h3><div class=\"textwidget custom-html-widget\">\n\n\t\t\n\t    \t    \n        <div class=\"cta-foto\">\n                    <\/div>\n        <div class=\"cta-info\">\n            <p>Lars Bastiaansen<\/p>\n            <p class=\"functie\">Direttore delle vendite<\/p>\n            <p>0180-551 552<\/p>\n            <a href=\"\/it\/contatto\/\" class=\"avia-button avia-icon_select-no avia-size-small btn-side avia-position-left avia-color-theme-color\"><span class=\"avia_iconbox_title\">Invia un messaggio<\/span><\/a>\n        <\/div>\n        \n\t\t\n\t\t\n<\/div><span class=\"seperator extralight-border\"><\/span><\/section><section id=\"text-2\" class=\"widget clearfix widget_text\">\t\t\t<div class=\"textwidget\"><div class=\"artikelen\">\n<h4>Articoli di notizie<\/h4>\n<p>\t\t\t\t\t\t\t<a href=\"https:\/\/europeeshout.bonsaidev.nl\/it\/2020\/04\/20\/eiken-panelen\/\">\t<\/p>\n<div class=\"wrapper\">\n<div class=\"artikel-content\">\n<p>Pannelli in rovere<\/p>\n<\/div><\/div>\n<p>        <\/a><br \/>\n\t\t\t\t\t\t\t<a href=\"https:\/\/europeeshout.bonsaidev.nl\/it\/2019\/10\/02\/eiken-blokhout-voor-zeer-interessante-prijzen\/\">\t<\/p>\n<div class=\"wrapper\">\n<div class=\"artikel-content\">\n<p>Tronchi di quercia a prezzi molto interessanti<\/p>\n<\/div><\/div>\n<p>        <\/a><\/p><\/div>\n<\/div>\n\t\t<span class=\"seperator extralight-border\"><\/span><\/section><\/div><\/div><\/div><\/div><\/div><!-- close content main div --><\/div><\/div><div id='after_section_1'  class='main_color av_default_container_wrap container_wrap sidebar_right'  ><div class='container av-section-cont-open' ><div class='template-page content  av-content-small alpha units'><div class='post-entry post-entry-type-page post-entry-2811'><div class='entry-content-wrapper clearfix'>","protected":false},"excerpt":{"rendered":"","protected":false},"author":4,"featured_media":0,"parent":312,"menu_order":0,"comment_status":"closed","ping_status":"closed","template":"","meta":{"_acf_changed":false,"footnotes":""},"class_list":["post-2811","page","type-page","status-publish","hentry"],"acf":[],"yoast_head":"<!-- This site is optimized with the Yoast SEO plugin v27.4 - https:\/\/yoast.com\/product\/yoast-seo-wordpress\/ -->\n<title>Verf - Europees hout<\/title>\n<meta name=\"robots\" content=\"noindex, follow, max-snippet:-1, max-image-preview:large, max-video-preview:-1\" \/>\n<meta property=\"og:locale\" content=\"it_IT\" \/>\n<meta property=\"og:type\" content=\"article\" \/>\n<meta property=\"og:title\" content=\"Verf - Europees hout\" \/>\n<meta property=\"og:url\" content=\"https:\/\/www.boogaerdthout.nl\/over-ons\/behandelingen-van-hout\/verf\/\" \/>\n<meta property=\"og:site_name\" content=\"Europees hout\" \/>\n<meta property=\"article:modified_time\" content=\"2024-09-19T08:29:43+00:00\" \/>\n<meta property=\"og:image\" content=\"https:\/\/www.boogaerdthout.nl\/wp-content\/uploads\/2023\/10\/verf.png\" \/>\n<meta name=\"twitter:label1\" content=\"Tempo di lettura stimato\" \/>\n\t<meta name=\"twitter:data1\" content=\"6 minuti\" \/>\n<script type=\"application\/ld+json\" class=\"yoast-schema-graph\">{\"@context\":\"https:\\\/\\\/schema.org\",\"@graph\":[{\"@type\":\"WebPage\",\"@id\":\"https:\\\/\\\/www.boogaerdthout.nl\\\/over-ons\\\/behandelingen-van-hout\\\/verf\\\/\",\"url\":\"https:\\\/\\\/www.boogaerdthout.nl\\\/over-ons\\\/behandelingen-van-hout\\\/verf\\\/\",\"name\":\"Verf - Europees hout\",\"isPartOf\":{\"@id\":\"https:\\\/\\\/www.boogaerdthout.nl\\\/#website\"},\"primaryImageOfPage\":{\"@id\":\"https:\\\/\\\/www.boogaerdthout.nl\\\/over-ons\\\/behandelingen-van-hout\\\/verf\\\/#primaryimage\"},\"image\":{\"@id\":\"https:\\\/\\\/www.boogaerdthout.nl\\\/over-ons\\\/behandelingen-van-hout\\\/verf\\\/#primaryimage\"},\"thumbnailUrl\":\"https:\\\/\\\/www.boogaerdthout.nl\\\/wp-content\\\/uploads\\\/2023\\\/10\\\/verf.png\",\"datePublished\":\"2023-09-26T11:38:51+00:00\",\"dateModified\":\"2024-09-19T08:29:43+00:00\",\"breadcrumb\":{\"@id\":\"https:\\\/\\\/www.boogaerdthout.nl\\\/over-ons\\\/behandelingen-van-hout\\\/verf\\\/#breadcrumb\"},\"inLanguage\":\"it-IT\",\"potentialAction\":[{\"@type\":\"ReadAction\",\"target\":[\"https:\\\/\\\/www.boogaerdthout.nl\\\/over-ons\\\/behandelingen-van-hout\\\/verf\\\/\"]}]},{\"@type\":\"ImageObject\",\"inLanguage\":\"it-IT\",\"@id\":\"https:\\\/\\\/www.boogaerdthout.nl\\\/over-ons\\\/behandelingen-van-hout\\\/verf\\\/#primaryimage\",\"url\":\"https:\\\/\\\/www.boogaerdthout.nl\\\/wp-content\\\/uploads\\\/2023\\\/10\\\/verf.png\",\"contentUrl\":\"https:\\\/\\\/www.boogaerdthout.nl\\\/wp-content\\\/uploads\\\/2023\\\/10\\\/verf.png\"},{\"@type\":\"BreadcrumbList\",\"@id\":\"https:\\\/\\\/www.boogaerdthout.nl\\\/over-ons\\\/behandelingen-van-hout\\\/verf\\\/#breadcrumb\",\"itemListElement\":[{\"@type\":\"ListItem\",\"position\":1,\"name\":\"Home\",\"item\":\"https:\\\/\\\/europeeshout.bonsaidev.nl\\\/home-2\\\/\"},{\"@type\":\"ListItem\",\"position\":2,\"name\":\"Over ons\",\"item\":\"https:\\\/\\\/www.boogaerdthout.nl\\\/over-ons\\\/\"},{\"@type\":\"ListItem\",\"position\":3,\"name\":\"Behandelingen van hout\",\"item\":\"https:\\\/\\\/www.boogaerdthout.nl\\\/over-ons\\\/behandelingen-van-hout\\\/\"},{\"@type\":\"ListItem\",\"position\":4,\"name\":\"Verf\"}]},{\"@type\":\"WebSite\",\"@id\":\"https:\\\/\\\/www.boogaerdthout.nl\\\/#website\",\"url\":\"https:\\\/\\\/www.boogaerdthout.nl\\\/\",\"name\":\"Europees hout\",\"description\":\"Koninklijke houthandel Boogaerdt B.V.\",\"potentialAction\":[{\"@type\":\"SearchAction\",\"target\":{\"@type\":\"EntryPoint\",\"urlTemplate\":\"https:\\\/\\\/www.boogaerdthout.nl\\\/?s={search_term_string}\"},\"query-input\":{\"@type\":\"PropertyValueSpecification\",\"valueRequired\":true,\"valueName\":\"search_term_string\"}}],\"inLanguage\":\"it-IT\"}]}<\/script>\n<!-- \/ Yoast SEO plugin. -->","yoast_head_json":{"title":"Verf - Europees hout","robots":{"index":"noindex","follow":"follow","max-snippet":"max-snippet:-1","max-image-preview":"max-image-preview:large","max-video-preview":"max-video-preview:-1"},"og_locale":"it_IT","og_type":"article","og_title":"Verf - Europees hout","og_url":"https:\/\/www.boogaerdthout.nl\/over-ons\/behandelingen-van-hout\/verf\/","og_site_name":"Europees hout","article_modified_time":"2024-09-19T08:29:43+00:00","og_image":[{"url":"https:\/\/www.boogaerdthout.nl\/wp-content\/uploads\/2023\/10\/verf.png","type":"","width":"","height":""}],"twitter_misc":{"Tempo di lettura stimato":"6 minuti"},"schema":{"@context":"https:\/\/schema.org","@graph":[{"@type":"WebPage","@id":"https:\/\/www.boogaerdthout.nl\/over-ons\/behandelingen-van-hout\/verf\/","url":"https:\/\/www.boogaerdthout.nl\/over-ons\/behandelingen-van-hout\/verf\/","name":"Verf - Europees hout","isPartOf":{"@id":"https:\/\/www.boogaerdthout.nl\/#website"},"primaryImageOfPage":{"@id":"https:\/\/www.boogaerdthout.nl\/over-ons\/behandelingen-van-hout\/verf\/#primaryimage"},"image":{"@id":"https:\/\/www.boogaerdthout.nl\/over-ons\/behandelingen-van-hout\/verf\/#primaryimage"},"thumbnailUrl":"https:\/\/www.boogaerdthout.nl\/wp-content\/uploads\/2023\/10\/verf.png","datePublished":"2023-09-26T11:38:51+00:00","dateModified":"2024-09-19T08:29:43+00:00","breadcrumb":{"@id":"https:\/\/www.boogaerdthout.nl\/over-ons\/behandelingen-van-hout\/verf\/#breadcrumb"},"inLanguage":"it-IT","potentialAction":[{"@type":"ReadAction","target":["https:\/\/www.boogaerdthout.nl\/over-ons\/behandelingen-van-hout\/verf\/"]}]},{"@type":"ImageObject","inLanguage":"it-IT","@id":"https:\/\/www.boogaerdthout.nl\/over-ons\/behandelingen-van-hout\/verf\/#primaryimage","url":"https:\/\/www.boogaerdthout.nl\/wp-content\/uploads\/2023\/10\/verf.png","contentUrl":"https:\/\/www.boogaerdthout.nl\/wp-content\/uploads\/2023\/10\/verf.png"},{"@type":"BreadcrumbList","@id":"https:\/\/www.boogaerdthout.nl\/over-ons\/behandelingen-van-hout\/verf\/#breadcrumb","itemListElement":[{"@type":"ListItem","position":1,"name":"Home","item":"https:\/\/europeeshout.bonsaidev.nl\/home-2\/"},{"@type":"ListItem","position":2,"name":"Over ons","item":"https:\/\/www.boogaerdthout.nl\/over-ons\/"},{"@type":"ListItem","position":3,"name":"Behandelingen van hout","item":"https:\/\/www.boogaerdthout.nl\/over-ons\/behandelingen-van-hout\/"},{"@type":"ListItem","position":4,"name":"Verf"}]},{"@type":"WebSite","@id":"https:\/\/www.boogaerdthout.nl\/#website","url":"https:\/\/www.boogaerdthout.nl\/","name":"Donne europee","description":"Commercio reale di legname Boogaerdt BV","potentialAction":[{"@type":"SearchAction","target":{"@type":"EntryPoint","urlTemplate":"https:\/\/www.boogaerdthout.nl\/?s={search_term_string}"},"query-input":{"@type":"PropertyValueSpecification","valueRequired":true,"valueName":"search_term_string"}}],"inLanguage":"it-IT"}]}},"_links":{"self":[{"href":"https:\/\/europeeshout.bonsaidev.nl\/it\/wp-json\/wp\/v2\/pages\/2811","targetHints":{"allow":["GET"]}}],"collection":[{"href":"https:\/\/europeeshout.bonsaidev.nl\/it\/wp-json\/wp\/v2\/pages"}],"about":[{"href":"https:\/\/europeeshout.bonsaidev.nl\/it\/wp-json\/wp\/v2\/types\/page"}],"author":[{"embeddable":true,"href":"https:\/\/europeeshout.bonsaidev.nl\/it\/wp-json\/wp\/v2\/users\/4"}],"replies":[{"embeddable":true,"href":"https:\/\/europeeshout.bonsaidev.nl\/it\/wp-json\/wp\/v2\/comments?post=2811"}],"version-history":[{"count":0,"href":"https:\/\/europeeshout.bonsaidev.nl\/it\/wp-json\/wp\/v2\/pages\/2811\/revisions"}],"up":[{"embeddable":true,"href":"https:\/\/europeeshout.bonsaidev.nl\/it\/wp-json\/wp\/v2\/pages\/312"}],"wp:attachment":[{"href":"https:\/\/europeeshout.bonsaidev.nl\/it\/wp-json\/wp\/v2\/media?parent=2811"}],"curies":[{"name":"wp","href":"https:\/\/api.w.org\/{rel}","templated":true}]}}