{"id":91,"date":"2023-05-08T11:32:52","date_gmt":"2023-05-08T09:32:52","guid":{"rendered":"https:\/\/boogaerdthout.bonsaidev.nl\/?page_id=91"},"modified":"2023-10-23T15:58:26","modified_gmt":"2023-10-23T13:58:26","slug":"a-propos-de-nous","status":"publish","type":"page","link":"https:\/\/europeeshout.bonsaidev.nl\/fr\/over-ons\/","title":{"rendered":"A propos de nous"},"content":{"rendered":"<div  class='flex_column av-5hl17-f2d4889b216188880d93636851633ff0 av_two_third  avia-builder-el-0  el_before_av_one_third  avia-builder-el-first  first flex_column_div'     ><section  class='av_textblock_section av-58q7-ecf30bba0148a3dcd1c724d1120bce6c'   itemscope=\"itemscope\" itemtype=\"https:\/\/schema.org\/CreativeWork\" ><div class='avia_textblock'  itemprop=\"text\" ><h1><span style=\"color: #000000;\">Boogaerdt Hout<\/span><\/h1>\n<p>Boogaerdt Hout fait partie du Groupe Royal Boogaerdt et est pr\u00e9sent dans le secteur du bois depuis 1741. Nous avons commenc\u00e9 par une scierie et nous nous sommes d\u00e9velopp\u00e9s pour devenir un vaste commerce moderne avec ses propres canaux d'importation, une vaste scierie m\u00e9canique et une scierie de grumes. Boogaerdt fournit du bois et des solutions bois aux transformateurs professionnels et aux n\u00e9gociants en mat\u00e9riaux de construction.<\/p>\n<p>Nous sommes importateur de stocks de diverses essences de bois certifi\u00e9es \u00e9cologiques provenant d&#039;Afrique, d&#039;Europe, d&#039;Asie du Sud-Est, d&#039;Am\u00e9rique du Nord et du Sud. Les stocks \u00e9tendus vous offrent une flexibilit\u00e9 dans les choix et la qualit\u00e9.<\/p>\n<p>Boogaerdt Hout r\u00e9alise mieux que quiconque qu&#039;une gestion durable des for\u00eats et une r\u00e9colte durable du bois sont essentielles pour l&#039;avenir de notre industrie. Dans la mesure du possible, Boogaerdt Hout importe uniquement des essences de bois certifi\u00e9es FSC\u00ae et PEFC.<\/p>\n<p>Nos employ\u00e9s ont chacun leur propre sp\u00e9cialisation. L&#039;\u00e9quipe commerciale poss\u00e8de une vaste connaissance du bois et est sp\u00e9cialis\u00e9e dans les applications du bois sp\u00e9cifiques aux clients.<\/p>\n<p>\u00c0 Krimpen aan de Lek, nous poss\u00e9dons notre propre scierie m\u00e9canique et de bois rond. Nous travaillons en \u00e9troite collaboration avec des partenaires externes pour des op\u00e9rations suppl\u00e9mentaires. Cela vous offre des possibilit\u00e9s presque illimit\u00e9es pour vos projets sp\u00e9cifiques \u00e0 vos clients.<\/p>\n<\/div><\/section><br \/>\n<div  class='avia-button-wrap av-llq9tdbb-e4905ada4ba576dd59970cc1f26ef905-wrap avia-button-left  avia-builder-el-2  el_after_av_textblock  el_before_av_hr'><a href=''  class='avia-button av-llq9tdbb-e4905ada4ba576dd59970cc1f26ef905 av-link-btn avia-icon_select-no avia-size-small avia-position-left avia-color-theme-color'   aria-label=\"Nos experts en bois\"><span class='avia_iconbox_title' >Nos experts en bois<\/span><\/a><\/div><br \/>\n\n<style type=\"text\/css\" data-created_by=\"avia_inline_auto\" id=\"style-css-av-ljqvgnz9-0968711cafcced4e28b637b9086d6d00\">\n#top .hr.hr-invisible.av-ljqvgnz9-0968711cafcced4e28b637b9086d6d00{\nheight:50px;\n}\n<\/style>\n<div  class='hr av-ljqvgnz9-0968711cafcced4e28b637b9086d6d00 hr-invisible  avia-builder-el-3  el_after_av_button  el_before_av_image'><span class='hr-inner'><span class=\"hr-inner-style\"><\/span><\/span><\/div><br \/>\n\n<style type=\"text\/css\" data-created_by=\"avia_inline_auto\" id=\"style-css-av-3ayh7-01075c52684a9091024fef86d2975d9a\">\n.avia-image-container.av-3ayh7-01075c52684a9091024fef86d2975d9a img.avia_image{\nbox-shadow:none;\n}\n.avia-image-container.av-3ayh7-01075c52684a9091024fef86d2975d9a .av-image-caption-overlay-center{\ncolor:#ffffff;\n}\n<\/style>\n<div  class='avia-image-container av-3ayh7-01075c52684a9091024fef86d2975d9a av-styling-no-styling avia-align-center  avia-builder-el-4  el_after_av_hr  el_before_av_hr'   itemprop=\"image\" itemscope=\"itemscope\" itemtype=\"https:\/\/schema.org\/ImageObject\" ><div class=\"avia-image-container-inner\"><div class=\"avia-image-overlay-wrap\"><img decoding=\"async\" fetchpriority=\"high\" class='wp-image- avia-img-lazy-loading-not- avia_image' src=\"https:\/\/www.boogaerdthout.nl\/wp-content\/uploads\/2023\/08\/Boogaerdt-header-sfeer-1.jpg\" alt='' title=''   itemprop=\"thumbnailUrl\"  \/><\/div><\/div><\/div><br \/>\n\n<style type=\"text\/css\" data-created_by=\"avia_inline_auto\" id=\"style-css-av-usk3-597c0e856c709b4dd13d31539303c4c5\">\n#top .hr.hr-invisible.av-usk3-597c0e856c709b4dd13d31539303c4c5{\nheight:50px;\n}\n<\/style>\n<div  class='hr av-usk3-597c0e856c709b4dd13d31539303c4c5 hr-invisible  avia-builder-el-5  el_after_av_image  el_before_av_hr'><span class='hr-inner'><span class=\"hr-inner-style\"><\/span><\/span><\/div><br \/>\n\n<style type=\"text\/css\" data-created_by=\"avia_inline_auto\" id=\"style-css-av-11m2z-ca07100f1c8ff7dccf9c6f7ec0df5c6b\">\n#top .hr.hr-invisible.av-11m2z-ca07100f1c8ff7dccf9c6f7ec0df5c6b{\nheight:50px;\n}\n<\/style>\n<div  class='hr av-11m2z-ca07100f1c8ff7dccf9c6f7ec0df5c6b hr-invisible  avia-builder-el-6  el_after_av_hr  el_before_av_masonry_gallery  avia-builder-el-last'><span class='hr-inner'><span class=\"hr-inner-style\"><\/span><\/span><\/div><br \/>\n<div id='av-masonry-1' class='av-masonry av-llqc2lak-2ecaf02028f6ef6608d18a9e5e4f3e5e noHover av-flex-size av-large-gap av-hover-overlay- av-masonry-animation-active av-masonry-col-3 av-caption-always av-caption-style- av-masonry-gallery' data-post_id=\"91\"><div class=\"av-masonry-container isotope av-js-disabled\"><div class='av-masonry-entry isotope-item av-masonry-item-no-image'><\/div><a href=\"https:\/\/europeeshout.bonsaidev.nl\/wp-content\/uploads\/2023\/08\/Boogaerdt-header-sfeer-33.jpg\" data-srcset=\"https:\/\/europeeshout.bonsaidev.nl\/wp-content\/uploads\/2023\/08\/Boogaerdt-header-sfeer-33.jpg 1000w, https:\/\/europeeshout.bonsaidev.nl\/wp-content\/uploads\/2023\/08\/Boogaerdt-header-sfeer-33-300x180.jpg 300w, https:\/\/europeeshout.bonsaidev.nl\/wp-content\/uploads\/2023\/08\/Boogaerdt-header-sfeer-33-768x461.jpg 768w, https:\/\/europeeshout.bonsaidev.nl\/wp-content\/uploads\/2023\/08\/Boogaerdt-header-sfeer-33-705x423.jpg 705w\" data-sizes=\"(max-width: 1000px) 100vw, 1000px\"  aria-label=\"image Boogaerdt-en-t\u00eate-sph\u00e8re-33\"  id='av-masonry-1-item-1751' data-av-masonry-item='1751' class='av-masonry-entry isotope-item post-1751 attachment type-attachment status-inherit hentry  av-masonry-item-with-image' title=\"Boogaerdt-en-t\u00eate-sph\u00e8re-33\" alt=\"header sfeer 33\"    itemprop=\"thumbnailUrl\" ><div class='av-inner-masonry-sizer'><\/div><figure class='av-inner-masonry main_color'><div class=\"av-masonry-outerimage-container\"><div class='av-masonry-image-container'  ><img decoding=\"async\" width=\"705\" height=\"423\" fetchpriority=\"high\" class=\"wp-image-1751 avia-img-lazy-loading-not-1751\"  src=\"https:\/\/europeeshout.bonsaidev.nl\/wp-content\/uploads\/2023\/08\/Boogaerdt-header-sfeer-33-705x423.jpg\" title=\"Boogaerdt-en-t\u00eate-sph\u00e8re-33\" alt=\"atmosph\u00e8re d&#039;en-t\u00eate 33\" srcset=\"https:\/\/europeeshout.bonsaidev.nl\/wp-content\/uploads\/2023\/08\/Boogaerdt-header-sfeer-33-705x423.jpg 705w, https:\/\/europeeshout.bonsaidev.nl\/wp-content\/uploads\/2023\/08\/Boogaerdt-header-sfeer-33-300x180.jpg 300w, https:\/\/europeeshout.bonsaidev.nl\/wp-content\/uploads\/2023\/08\/Boogaerdt-header-sfeer-33-768x461.jpg 768w, https:\/\/europeeshout.bonsaidev.nl\/wp-content\/uploads\/2023\/08\/Boogaerdt-header-sfeer-33.jpg 1000w\" sizes=\"(max-width: 705px) 100vw, 705px\" \/><\/div><\/div><\/figure><\/a><!--end av-masonry entry--><a href=\"https:\/\/europeeshout.bonsaidev.nl\/wp-content\/uploads\/2023\/09\/Overleg-Accoyawebsite-1030x687.jpg\" data-srcset=\"https:\/\/europeeshout.bonsaidev.nl\/wp-content\/uploads\/2023\/09\/Overleg-Accoyawebsite-1030x687.jpg 1030w, https:\/\/europeeshout.bonsaidev.nl\/wp-content\/uploads\/2023\/09\/Overleg-Accoyawebsite-300x200.jpg 300w, https:\/\/europeeshout.bonsaidev.nl\/wp-content\/uploads\/2023\/09\/Overleg-Accoyawebsite-768x512.jpg 768w, https:\/\/europeeshout.bonsaidev.nl\/wp-content\/uploads\/2023\/09\/Overleg-Accoyawebsite-705x470.jpg 705w, https:\/\/europeeshout.bonsaidev.nl\/wp-content\/uploads\/2023\/09\/Overleg-Accoyawebsite.jpg 1080w\" data-sizes=\"(max-width: 1030px) 100vw, 1030px\"  aria-label=\"image Consultation-Accoya(site web)\"  id='av-masonry-1-item-2210' data-av-masonry-item='2210' class='av-masonry-entry isotope-item post-2210 attachment type-attachment status-inherit hentry  av-masonry-item-with-image' title=\"Consultation-Accoya(site web)\" alt=\"Boogaerdt Header sfeer 2\"    itemprop=\"thumbnailUrl\" ><div class='av-inner-masonry-sizer'><\/div><figure class='av-inner-masonry main_color'><div class=\"av-masonry-outerimage-container\"><div class='av-masonry-image-container'  ><img decoding=\"async\" width=\"705\" height=\"470\" fetchpriority=\"high\" class=\"wp-image-2210 avia-img-lazy-loading-not-2210\"  src=\"https:\/\/europeeshout.bonsaidev.nl\/wp-content\/uploads\/2023\/09\/Overleg-Accoyawebsite-705x470.jpg\" title=\"Consultation-Accoya(site web)\" alt=\"Boogaerdt En-t\u00eate ambiance 2\" srcset=\"https:\/\/europeeshout.bonsaidev.nl\/wp-content\/uploads\/2023\/09\/Overleg-Accoyawebsite-705x470.jpg 705w, https:\/\/europeeshout.bonsaidev.nl\/wp-content\/uploads\/2023\/09\/Overleg-Accoyawebsite-300x200.jpg 300w, https:\/\/europeeshout.bonsaidev.nl\/wp-content\/uploads\/2023\/09\/Overleg-Accoyawebsite-1030x687.jpg 1030w, https:\/\/europeeshout.bonsaidev.nl\/wp-content\/uploads\/2023\/09\/Overleg-Accoyawebsite-768x512.jpg 768w, https:\/\/europeeshout.bonsaidev.nl\/wp-content\/uploads\/2023\/09\/Overleg-Accoyawebsite.jpg 1080w\" sizes=\"(max-width: 705px) 100vw, 705px\" \/><\/div><\/div><\/figure><\/a><!--end av-masonry entry--><\/div><\/div><\/p><\/div><div  class='flex_column av-1rsaf-810a51138aac2ca0e87828967ded179c av_one_third  avia-builder-el-8  el_after_av_two_third  avia-builder-el-last  flex_column_div'     ><div  class='avia-builder-widget-area clearfix  avia-builder-el-9  avia-builder-el-no-sibling'><section id=\"avia_auto_toc-2\" class=\"widget clearfix avia-widget-container avia_auto_toc avia_no_block_preview\"><div class=\"avia-preview-headline\">Enfold Child Table des contenus<\/div><div class=\"avia-preview-info\">Titre : Contenu de la page<\/div><div class=\"avia-preview-in-front\">Le tableau n\u2019est pas la bonne affiche au moment de sa publication.<\/div><span class=\"seperator extralight-border\"><\/span><\/section><section id=\"text-7\" class=\"widget clearfix widget_text\"><h3 class=\"widgettitle\">Plus d&#039;information<\/h3>\t\t\t<div class=\"textwidget\"><ul>\n<li><a href=\"https:\/\/www.boogaerdthout.nl\/inspiratie\/kennisbank\/\">Base de connaissances<\/a><\/li>\n<li><a href=\"https:\/\/www.boogaerdthout.nl\/over-ons\/downloads\/\">T\u00e9l\u00e9chargements<\/a><\/li>\n<li><a href=\"https:\/\/www.boogaerdthout.nl\/inspiratie\/projecten\/\">Projets<\/a><\/li>\n<li><a href=\"https:\/\/www.boogaerdthout.nl\/profielen-gevelbekleding\/\">Profil\u00e9s rev\u00eatement de fa\u00e7ade<\/a><\/li>\n<li><a href=\"https:\/\/www.boogaerdthout.nl\/profielen-vlonders\/\">Profils de terrasse<\/a><\/li>\n<li><a href=\"https:\/\/www.boogaerdthout.nl\/over-ons\/behandelingen-van-hout\/\">Traitements du bois<\/a><\/li>\n<\/ul>\n<\/div>\n\t\t<span class=\"seperator extralight-border\"><\/span><\/section><section id=\"custom_html-2\" class=\"widget_text widget clearfix widget_custom_html\"><h3 class=\"widgettitle\">Pose ta question<\/h3><div class=\"textwidget custom-html-widget\">\n\n\t\t\n\t    \t    \n        <div class=\"cta-foto\">\n                    <\/div>\n        <div class=\"cta-info\">\n            <p>Lars Bastiaansen<\/p>\n            <p class=\"functie\">Directeur des ventes<\/p>\n            <p>0180-551 552<\/p>\n            <a href=\"\/fr\/contact\/\" class=\"avia-button avia-icon_select-no avia-size-small btn-side avia-position-left avia-color-theme-color\"><span class=\"avia_iconbox_title\">Envoyer un message<\/span><\/a>\n        <\/div>\n        \n\t\t\n\t\t\n<\/div><span class=\"seperator extralight-border\"><\/span><\/section><section id=\"text-2\" class=\"widget clearfix widget_text\">\t\t\t<div class=\"textwidget\"><div class=\"artikelen\">\n<h4>Articles de presse<\/h4>\n<p>\t\t\t\t\t\t\t<a href=\"https:\/\/europeeshout.bonsaidev.nl\/fr\/2020\/04\/20\/eiken-panelen\/\">\t<\/p>\n<div class=\"wrapper\">\n<div class=\"artikel-content\">\n<p>Panneaux de ch\u00eane<\/p>\n<\/div><\/div>\n<p>        <\/a><br \/>\n\t\t\t\t\t\t\t<a href=\"https:\/\/europeeshout.bonsaidev.nl\/fr\/2019\/10\/02\/eiken-blokhout-voor-zeer-interessante-prijzen\/\">\t<\/p>\n<div class=\"wrapper\">\n<div class=\"artikel-content\">\n<p>B\u00fbches de ch\u00eane \u00e0 des prix tr\u00e8s int\u00e9ressants<\/p>\n<\/div><\/div>\n<p>        <\/a><\/p><\/div>\n<\/div>\n\t\t<span class=\"seperator extralight-border\"><\/span><\/section><\/div><\/div><\/p>","protected":false},"excerpt":{"rendered":"","protected":false},"author":1,"featured_media":0,"parent":0,"menu_order":0,"comment_status":"closed","ping_status":"closed","template":"","meta":{"_acf_changed":false,"footnotes":""},"class_list":["post-91","page","type-page","status-publish","hentry"],"acf":[],"yoast_head":"<!-- This site is optimized with the Yoast SEO plugin v27.4 - https:\/\/yoast.com\/product\/yoast-seo-wordpress\/ -->\n<title>Over ons - Europees hout<\/title>\n<meta name=\"robots\" content=\"noindex, follow, max-snippet:-1, max-image-preview:large, max-video-preview:-1\" \/>\n<meta property=\"og:locale\" content=\"fr_FR\" \/>\n<meta property=\"og:type\" content=\"article\" \/>\n<meta property=\"og:title\" content=\"Over ons - Europees hout\" \/>\n<meta property=\"og:url\" content=\"https:\/\/www.boogaerdthout.nl\/over-ons\/\" \/>\n<meta property=\"og:site_name\" content=\"Europees hout\" \/>\n<meta property=\"article:modified_time\" content=\"2023-10-23T13:58:26+00:00\" \/>\n<meta name=\"twitter:label1\" content=\"Dur\u00e9e de lecture estim\u00e9e\" \/>\n\t<meta name=\"twitter:data1\" content=\"4 minutes\" \/>\n<script type=\"application\/ld+json\" class=\"yoast-schema-graph\">{\"@context\":\"https:\\\/\\\/schema.org\",\"@graph\":[{\"@type\":\"WebPage\",\"@id\":\"https:\\\/\\\/www.boogaerdthout.nl\\\/over-ons\\\/\",\"url\":\"https:\\\/\\\/www.boogaerdthout.nl\\\/over-ons\\\/\",\"name\":\"Over ons - Europees hout\",\"isPartOf\":{\"@id\":\"https:\\\/\\\/www.boogaerdthout.nl\\\/#website\"},\"datePublished\":\"2023-05-08T09:32:52+00:00\",\"dateModified\":\"2023-10-23T13:58:26+00:00\",\"breadcrumb\":{\"@id\":\"https:\\\/\\\/www.boogaerdthout.nl\\\/over-ons\\\/#breadcrumb\"},\"inLanguage\":\"fr-FR\",\"potentialAction\":[{\"@type\":\"ReadAction\",\"target\":[\"https:\\\/\\\/www.boogaerdthout.nl\\\/over-ons\\\/\"]}]},{\"@type\":\"BreadcrumbList\",\"@id\":\"https:\\\/\\\/www.boogaerdthout.nl\\\/over-ons\\\/#breadcrumb\",\"itemListElement\":[{\"@type\":\"ListItem\",\"position\":1,\"name\":\"Home\",\"item\":\"https:\\\/\\\/europeeshout.bonsaidev.nl\\\/home-2\\\/\"},{\"@type\":\"ListItem\",\"position\":2,\"name\":\"Over ons\"}]},{\"@type\":\"WebSite\",\"@id\":\"https:\\\/\\\/www.boogaerdthout.nl\\\/#website\",\"url\":\"https:\\\/\\\/www.boogaerdthout.nl\\\/\",\"name\":\"Europees hout\",\"description\":\"Koninklijke houthandel Boogaerdt B.V.\",\"potentialAction\":[{\"@type\":\"SearchAction\",\"target\":{\"@type\":\"EntryPoint\",\"urlTemplate\":\"https:\\\/\\\/www.boogaerdthout.nl\\\/?s={search_term_string}\"},\"query-input\":{\"@type\":\"PropertyValueSpecification\",\"valueRequired\":true,\"valueName\":\"search_term_string\"}}],\"inLanguage\":\"fr-FR\"}]}<\/script>\n<!-- \/ Yoast SEO plugin. -->","yoast_head_json":{"title":"Over ons - Europees hout","robots":{"index":"noindex","follow":"follow","max-snippet":"max-snippet:-1","max-image-preview":"max-image-preview:large","max-video-preview":"max-video-preview:-1"},"og_locale":"fr_FR","og_type":"article","og_title":"Over ons - Europees hout","og_url":"https:\/\/www.boogaerdthout.nl\/over-ons\/","og_site_name":"Europees hout","article_modified_time":"2023-10-23T13:58:26+00:00","twitter_misc":{"Dur\u00e9e de lecture estim\u00e9e":"4 minutes"},"schema":{"@context":"https:\/\/schema.org","@graph":[{"@type":"WebPage","@id":"https:\/\/www.boogaerdthout.nl\/over-ons\/","url":"https:\/\/www.boogaerdthout.nl\/over-ons\/","name":"Over ons - Europees hout","isPartOf":{"@id":"https:\/\/www.boogaerdthout.nl\/#website"},"datePublished":"2023-05-08T09:32:52+00:00","dateModified":"2023-10-23T13:58:26+00:00","breadcrumb":{"@id":"https:\/\/www.boogaerdthout.nl\/over-ons\/#breadcrumb"},"inLanguage":"fr-FR","potentialAction":[{"@type":"ReadAction","target":["https:\/\/www.boogaerdthout.nl\/over-ons\/"]}]},{"@type":"BreadcrumbList","@id":"https:\/\/www.boogaerdthout.nl\/over-ons\/#breadcrumb","itemListElement":[{"@type":"ListItem","position":1,"name":"Home","item":"https:\/\/europeeshout.bonsaidev.nl\/home-2\/"},{"@type":"ListItem","position":2,"name":"Over ons"}]},{"@type":"WebSite","@id":"https:\/\/www.boogaerdthout.nl\/#website","url":"https:\/\/www.boogaerdthout.nl\/","name":"Bois europ\u00e9en","description":"Entreprises commerciales Boogaerdt BV","potentialAction":[{"@type":"SearchAction","target":{"@type":"EntryPoint","urlTemplate":"https:\/\/www.boogaerdthout.nl\/?s={search_term_string}"},"query-input":{"@type":"PropertyValueSpecification","valueRequired":true,"valueName":"search_term_string"}}],"inLanguage":"fr-FR"}]}},"_links":{"self":[{"href":"https:\/\/europeeshout.bonsaidev.nl\/fr\/wp-json\/wp\/v2\/pages\/91","targetHints":{"allow":["GET"]}}],"collection":[{"href":"https:\/\/europeeshout.bonsaidev.nl\/fr\/wp-json\/wp\/v2\/pages"}],"about":[{"href":"https:\/\/europeeshout.bonsaidev.nl\/fr\/wp-json\/wp\/v2\/types\/page"}],"author":[{"embeddable":true,"href":"https:\/\/europeeshout.bonsaidev.nl\/fr\/wp-json\/wp\/v2\/users\/1"}],"replies":[{"embeddable":true,"href":"https:\/\/europeeshout.bonsaidev.nl\/fr\/wp-json\/wp\/v2\/comments?post=91"}],"version-history":[{"count":0,"href":"https:\/\/europeeshout.bonsaidev.nl\/fr\/wp-json\/wp\/v2\/pages\/91\/revisions"}],"wp:attachment":[{"href":"https:\/\/europeeshout.bonsaidev.nl\/fr\/wp-json\/wp\/v2\/media?parent=91"}],"curies":[{"name":"wp","href":"https:\/\/api.w.org\/{rel}","templated":true}]}}