{"id":314,"date":"2023-05-23T15:20:27","date_gmt":"2023-05-23T13:20:27","guid":{"rendered":"https:\/\/boogaerdthout.bonsaidev.nl\/?page_id=314"},"modified":"2025-11-03T11:05:40","modified_gmt":"2025-11-03T10:05:40","slug":"postes-vacants","status":"publish","type":"page","link":"https:\/\/europeeshout.bonsaidev.nl\/fr\/over-ons\/vacatures\/","title":{"rendered":"Postes vacants"},"content":{"rendered":"<div  class='flex_column av-2i75m-29bb5d02e21d4341205fce402438ae95 av_two_third  avia-builder-el-0  el_before_av_one_third  avia-builder-el-first  first flex_column_div'     ><section  class='av_textblock_section av-lk2cgcef-1492233dd64916c655d7584add612e05'   itemscope=\"itemscope\" itemtype=\"https:\/\/schema.org\/CreativeWork\" ><div class='avia_textblock'  itemprop=\"text\" ><h1><span style=\"color: #000000;\">Postes vacants<\/span><\/h1>\n<p>Nous avons actuellement un poste vacant. Si votre profil ne correspond pas \u00e0 cette offre, mais que vous souhaitez travailler chez Boogaerdt Hout, sur site ou au bureau, nous vous invitons \u00e0 nous envoyer votre candidature spontan\u00e9e et votre CV par courriel. <a href=\"mailto:info@boogaerdt.nl\">info@boogaerdt.nl<\/a>.<\/p>\n<\/div><\/section><br \/>\n\n<style type=\"text\/css\" data-created_by=\"avia_inline_auto\" id=\"style-css-av-mraua-09d1179e5fca4add59e1fa0d3c597857\">\n#top .hr.hr-invisible.av-mraua-09d1179e5fca4add59e1fa0d3c597857{\nheight:50px;\n}\n<\/style>\n<div  class='hr av-mraua-09d1179e5fca4add59e1fa0d3c597857 hr-invisible  avia-builder-el-2  el_after_av_textblock  el_before_av_blog'><span class='hr-inner'><span class=\"hr-inner-style\"><\/span><\/span><\/div><br \/>\n<\/p><\/div><div  class='flex_column av-h66ve-832288819f37f74873b32ebbf633b075 av_one_third  avia-builder-el-4  el_after_av_two_third  avia-builder-el-last  flex_column_div'     ><div  class='avia-builder-widget-area clearfix  avia-builder-el-5  avia-builder-el-no-sibling'><section id=\"avia_auto_toc-2\" class=\"widget clearfix avia-widget-container avia_auto_toc avia_no_block_preview\"><div class=\"avia-preview-headline\">Enfold Child Table des contenus<\/div><div class=\"avia-preview-info\">Titre : Contenu de la page<\/div><div class=\"avia-preview-in-front\">Le tableau n\u2019est pas la bonne affiche au moment de sa publication.<\/div><span class=\"seperator extralight-border\"><\/span><\/section><section id=\"text-7\" class=\"widget clearfix widget_text\"><h3 class=\"widgettitle\">Plus d&#039;information<\/h3>\t\t\t<div class=\"textwidget\"><ul>\n<li><a href=\"https:\/\/www.boogaerdthout.nl\/inspiratie\/kennisbank\/\">Base de connaissances<\/a><\/li>\n<li><a href=\"https:\/\/www.boogaerdthout.nl\/over-ons\/downloads\/\">T\u00e9l\u00e9chargements<\/a><\/li>\n<li><a href=\"https:\/\/www.boogaerdthout.nl\/inspiratie\/projecten\/\">Projets<\/a><\/li>\n<li><a href=\"https:\/\/www.boogaerdthout.nl\/profielen-gevelbekleding\/\">Profil\u00e9s rev\u00eatement de fa\u00e7ade<\/a><\/li>\n<li><a href=\"https:\/\/www.boogaerdthout.nl\/profielen-vlonders\/\">Profils de terrasse<\/a><\/li>\n<li><a href=\"https:\/\/www.boogaerdthout.nl\/over-ons\/behandelingen-van-hout\/\">Traitements du bois<\/a><\/li>\n<\/ul>\n<\/div>\n\t\t<span class=\"seperator extralight-border\"><\/span><\/section><section id=\"custom_html-2\" class=\"widget_text widget clearfix widget_custom_html\"><h3 class=\"widgettitle\">Pose ta question<\/h3><div class=\"textwidget custom-html-widget\">\n\n\t\t\n\t    \t    \n        <div class=\"cta-foto\">\n                    <\/div>\n        <div class=\"cta-info\">\n            <p>Lars Bastiaansen<\/p>\n            <p class=\"functie\">Directeur des ventes<\/p>\n            <p>0180-551 552<\/p>\n            <a href=\"\/fr\/contact\/\" class=\"avia-button avia-icon_select-no avia-size-small btn-side avia-position-left avia-color-theme-color\"><span class=\"avia_iconbox_title\">Envoyer un message<\/span><\/a>\n        <\/div>\n        \n\t\t\n\t\t\n<\/div><span class=\"seperator extralight-border\"><\/span><\/section><section id=\"text-2\" class=\"widget clearfix widget_text\">\t\t\t<div class=\"textwidget\"><div class=\"artikelen\">\n<h4>Articles de presse<\/h4>\n<p>\t\t\t\t\t\t\t<a href=\"https:\/\/europeeshout.bonsaidev.nl\/fr\/2020\/04\/20\/eiken-panelen\/\">\t<\/p>\n<div class=\"wrapper\">\n<div class=\"artikel-content\">\n<p>Panneaux de ch\u00eane<\/p>\n<\/div><\/div>\n<p>        <\/a><br \/>\n\t\t\t\t\t\t\t<a href=\"https:\/\/europeeshout.bonsaidev.nl\/fr\/2019\/10\/02\/eiken-blokhout-voor-zeer-interessante-prijzen\/\">\t<\/p>\n<div class=\"wrapper\">\n<div class=\"artikel-content\">\n<p>B\u00fbches de ch\u00eane \u00e0 des prix tr\u00e8s int\u00e9ressants<\/p>\n<\/div><\/div>\n<p>        <\/a><\/p><\/div>\n<\/div>\n\t\t<span class=\"seperator extralight-border\"><\/span><\/section><\/div><\/div><\/p>","protected":false},"excerpt":{"rendered":"","protected":false},"author":1,"featured_media":0,"parent":91,"menu_order":0,"comment_status":"closed","ping_status":"closed","template":"","meta":{"_acf_changed":false,"footnotes":""},"class_list":["post-314","page","type-page","status-publish","hentry"],"acf":[],"yoast_head":"<!-- This site is optimized with the Yoast SEO plugin v27.4 - https:\/\/yoast.com\/product\/yoast-seo-wordpress\/ -->\n<title>Vacatures - Europees hout<\/title>\n<meta name=\"robots\" content=\"noindex, follow, max-snippet:-1, max-image-preview:large, max-video-preview:-1\" \/>\n<meta property=\"og:locale\" content=\"fr_FR\" \/>\n<meta property=\"og:type\" content=\"article\" \/>\n<meta property=\"og:title\" content=\"Vacatures - Europees hout\" \/>\n<meta property=\"og:url\" content=\"https:\/\/www.boogaerdthout.nl\/over-ons\/vacatures\/\" \/>\n<meta property=\"og:site_name\" content=\"Europees hout\" \/>\n<meta property=\"article:modified_time\" content=\"2025-11-03T10:05:40+00:00\" \/>\n<meta name=\"twitter:label1\" content=\"Dur\u00e9e de lecture estim\u00e9e\" \/>\n\t<meta name=\"twitter:data1\" content=\"3 minutes\" \/>\n<script type=\"application\/ld+json\" class=\"yoast-schema-graph\">{\"@context\":\"https:\\\/\\\/schema.org\",\"@graph\":[{\"@type\":\"WebPage\",\"@id\":\"https:\\\/\\\/www.boogaerdthout.nl\\\/over-ons\\\/vacatures\\\/\",\"url\":\"https:\\\/\\\/www.boogaerdthout.nl\\\/over-ons\\\/vacatures\\\/\",\"name\":\"Vacatures - Europees hout\",\"isPartOf\":{\"@id\":\"https:\\\/\\\/www.boogaerdthout.nl\\\/#website\"},\"datePublished\":\"2023-05-23T13:20:27+00:00\",\"dateModified\":\"2025-11-03T10:05:40+00:00\",\"breadcrumb\":{\"@id\":\"https:\\\/\\\/www.boogaerdthout.nl\\\/over-ons\\\/vacatures\\\/#breadcrumb\"},\"inLanguage\":\"fr-FR\",\"potentialAction\":[{\"@type\":\"ReadAction\",\"target\":[\"https:\\\/\\\/www.boogaerdthout.nl\\\/over-ons\\\/vacatures\\\/\"]}]},{\"@type\":\"BreadcrumbList\",\"@id\":\"https:\\\/\\\/www.boogaerdthout.nl\\\/over-ons\\\/vacatures\\\/#breadcrumb\",\"itemListElement\":[{\"@type\":\"ListItem\",\"position\":1,\"name\":\"Home\",\"item\":\"https:\\\/\\\/europeeshout.bonsaidev.nl\\\/home-2\\\/\"},{\"@type\":\"ListItem\",\"position\":2,\"name\":\"Over ons\",\"item\":\"https:\\\/\\\/www.boogaerdthout.nl\\\/over-ons\\\/\"},{\"@type\":\"ListItem\",\"position\":3,\"name\":\"Vacatures\"}]},{\"@type\":\"WebSite\",\"@id\":\"https:\\\/\\\/www.boogaerdthout.nl\\\/#website\",\"url\":\"https:\\\/\\\/www.boogaerdthout.nl\\\/\",\"name\":\"Europees hout\",\"description\":\"Koninklijke houthandel Boogaerdt B.V.\",\"potentialAction\":[{\"@type\":\"SearchAction\",\"target\":{\"@type\":\"EntryPoint\",\"urlTemplate\":\"https:\\\/\\\/www.boogaerdthout.nl\\\/?s={search_term_string}\"},\"query-input\":{\"@type\":\"PropertyValueSpecification\",\"valueRequired\":true,\"valueName\":\"search_term_string\"}}],\"inLanguage\":\"fr-FR\"}]}<\/script>\n<!-- \/ Yoast SEO plugin. -->","yoast_head_json":{"title":"Vacatures - Europees hout","robots":{"index":"noindex","follow":"follow","max-snippet":"max-snippet:-1","max-image-preview":"max-image-preview:large","max-video-preview":"max-video-preview:-1"},"og_locale":"fr_FR","og_type":"article","og_title":"Vacatures - Europees hout","og_url":"https:\/\/www.boogaerdthout.nl\/over-ons\/vacatures\/","og_site_name":"Europees hout","article_modified_time":"2025-11-03T10:05:40+00:00","twitter_misc":{"Dur\u00e9e de lecture estim\u00e9e":"3 minutes"},"schema":{"@context":"https:\/\/schema.org","@graph":[{"@type":"WebPage","@id":"https:\/\/www.boogaerdthout.nl\/over-ons\/vacatures\/","url":"https:\/\/www.boogaerdthout.nl\/over-ons\/vacatures\/","name":"Vacatures - Europees hout","isPartOf":{"@id":"https:\/\/www.boogaerdthout.nl\/#website"},"datePublished":"2023-05-23T13:20:27+00:00","dateModified":"2025-11-03T10:05:40+00:00","breadcrumb":{"@id":"https:\/\/www.boogaerdthout.nl\/over-ons\/vacatures\/#breadcrumb"},"inLanguage":"fr-FR","potentialAction":[{"@type":"ReadAction","target":["https:\/\/www.boogaerdthout.nl\/over-ons\/vacatures\/"]}]},{"@type":"BreadcrumbList","@id":"https:\/\/www.boogaerdthout.nl\/over-ons\/vacatures\/#breadcrumb","itemListElement":[{"@type":"ListItem","position":1,"name":"Home","item":"https:\/\/europeeshout.bonsaidev.nl\/home-2\/"},{"@type":"ListItem","position":2,"name":"Over ons","item":"https:\/\/www.boogaerdthout.nl\/over-ons\/"},{"@type":"ListItem","position":3,"name":"Vacatures"}]},{"@type":"WebSite","@id":"https:\/\/www.boogaerdthout.nl\/#website","url":"https:\/\/www.boogaerdthout.nl\/","name":"Bois europ\u00e9en","description":"Entreprises commerciales Boogaerdt BV","potentialAction":[{"@type":"SearchAction","target":{"@type":"EntryPoint","urlTemplate":"https:\/\/www.boogaerdthout.nl\/?s={search_term_string}"},"query-input":{"@type":"PropertyValueSpecification","valueRequired":true,"valueName":"search_term_string"}}],"inLanguage":"fr-FR"}]}},"_links":{"self":[{"href":"https:\/\/europeeshout.bonsaidev.nl\/fr\/wp-json\/wp\/v2\/pages\/314","targetHints":{"allow":["GET"]}}],"collection":[{"href":"https:\/\/europeeshout.bonsaidev.nl\/fr\/wp-json\/wp\/v2\/pages"}],"about":[{"href":"https:\/\/europeeshout.bonsaidev.nl\/fr\/wp-json\/wp\/v2\/types\/page"}],"author":[{"embeddable":true,"href":"https:\/\/europeeshout.bonsaidev.nl\/fr\/wp-json\/wp\/v2\/users\/1"}],"replies":[{"embeddable":true,"href":"https:\/\/europeeshout.bonsaidev.nl\/fr\/wp-json\/wp\/v2\/comments?post=314"}],"version-history":[{"count":1,"href":"https:\/\/europeeshout.bonsaidev.nl\/fr\/wp-json\/wp\/v2\/pages\/314\/revisions"}],"predecessor-version":[{"id":5197,"href":"https:\/\/europeeshout.bonsaidev.nl\/fr\/wp-json\/wp\/v2\/pages\/314\/revisions\/5197"}],"up":[{"embeddable":true,"href":"https:\/\/europeeshout.bonsaidev.nl\/fr\/wp-json\/wp\/v2\/pages\/91"}],"wp:attachment":[{"href":"https:\/\/europeeshout.bonsaidev.nl\/fr\/wp-json\/wp\/v2\/media?parent=314"}],"curies":[{"name":"wp","href":"https:\/\/api.w.org\/{rel}","templated":true}]}}