{"id":304,"date":"2023-05-23T15:19:29","date_gmt":"2023-05-23T13:19:29","guid":{"rendered":"https:\/\/boogaerdthout.bonsaidev.nl\/?page_id=304"},"modified":"2023-09-22T13:28:43","modified_gmt":"2023-09-22T11:28:43","slug":"durabilite","status":"publish","type":"page","link":"https:\/\/europeeshout.bonsaidev.nl\/fr\/over-ons\/duurzaamheid\/","title":{"rendered":"Durabilit\u00e9"},"content":{"rendered":"<div  class='flex_column av-11nuf4-225e73e240c8e1da2ea89e8d83a7504f av_two_third  avia-builder-el-0  el_before_av_one_third  avia-builder-el-first  first flex_column_div'     ><section  class='av_textblock_section av-ljwm6oor-cd1eac02d53c2fdcc6ec843923dd8db8'   itemscope=\"itemscope\" itemtype=\"https:\/\/schema.org\/CreativeWork\" ><div class='avia_textblock'  itemprop=\"text\" ><h1><span style=\"color: #000000;\">Durabilit\u00e9<\/span><\/h1>\n<p>Boogaerdt Hout r\u00e9alise mieux que quiconque qu&#039;une gestion durable des for\u00eats et une r\u00e9colte durable du bois sont essentielles pour l&#039;avenir de notre industrie. En tant qu&#039;entreprise avec une longue histoire dans le secteur du bois, nous aspirons \u00e0 la continuit\u00e9 et avons jou\u00e9 un r\u00f4le actif dans la politique du Royal VVNH visant \u00e0 importer autant de bois certifi\u00e9 durable que possible aux Pays-Bas.<\/p>\n<\/div><\/section><br \/>\n\n<style type=\"text\/css\" data-created_by=\"avia_inline_auto\" id=\"style-css-av-vx9ow-b988d91c1fb2a9487bd07bc5ec029137\">\n#top .hr.hr-invisible.av-vx9ow-b988d91c1fb2a9487bd07bc5ec029137{\nheight:50px;\n}\n<\/style>\n<div  class='hr av-vx9ow-b988d91c1fb2a9487bd07bc5ec029137 hr-invisible  avia-builder-el-2  el_after_av_textblock  el_before_av_image'><span class='hr-inner'><span class=\"hr-inner-style\"><\/span><\/span><\/div><br \/>\n\n<style type=\"text\/css\" data-created_by=\"avia_inline_auto\" id=\"style-css-av-ljwmfl53-56320e08026cdfb2a57cd5324154a77a\">\n.avia-image-container.av-ljwmfl53-56320e08026cdfb2a57cd5324154a77a img.avia_image{\nbox-shadow:none;\n}\n.avia-image-container.av-ljwmfl53-56320e08026cdfb2a57cd5324154a77a .av-image-caption-overlay-center{\ncolor:#ffffff;\n}\n<\/style>\n<div  class='avia-image-container av-ljwmfl53-56320e08026cdfb2a57cd5324154a77a av-styling-no-styling avia-align-center  avia-builder-el-3  el_after_av_hr  el_before_av_hr'   itemprop=\"image\" itemscope=\"itemscope\" itemtype=\"https:\/\/schema.org\/ImageObject\" ><div class=\"avia-image-container-inner\"><div class=\"avia-image-overlay-wrap\"><img decoding=\"async\" fetchpriority=\"high\" class='wp-image-2161 avia-img-lazy-loading-not-2161 avia_image' src=\"https:\/\/europeeshout.bonsaidev.nl\/wp-content\/uploads\/2023\/09\/burgers_zoo_2-1500x430.jpg\" alt='burger zoo bois' title='hamburgers_zoo_2'  height=\"430\" width=\"1500\"  itemprop=\"thumbnailUrl\"  \/><\/div><\/div><\/div><br \/>\n\n<style type=\"text\/css\" data-created_by=\"avia_inline_auto\" id=\"style-css-av-r9knk-3595122fc7c3e4535fe18c4b927c66bb\">\n#top .hr.hr-invisible.av-r9knk-3595122fc7c3e4535fe18c4b927c66bb{\nheight:50px;\n}\n<\/style>\n<div  class='hr av-r9knk-3595122fc7c3e4535fe18c4b927c66bb hr-invisible  avia-builder-el-4  el_after_av_image  el_before_av_textblock'><span class='hr-inner'><span class=\"hr-inner-style\"><\/span><\/span><\/div><br \/>\n<section  class='av_textblock_section av-ljwmdzj9-8c8f9400c0a0c6ed1b5dc37cda440eff'   itemscope=\"itemscope\" itemtype=\"https:\/\/schema.org\/CreativeWork\" ><div class='avia_textblock'  itemprop=\"text\" ><h2>Politique environnementale<\/h2>\n<p>Boogaerdt Hout importe uniquement du bois dont la production est manifestement l\u00e9gale et durable. En \u00e9troite collaboration avec nos partenaires dans les pays d&#039;origine, nous nous effor\u00e7ons d&#039;augmenter la part de bois produit de mani\u00e8re durable. De cette mani\u00e8re, nous stimulons la conservation d&#039;une for\u00eat et contribuons indirectement \u00e0 de meilleures conditions sociales et \u00e9conomiques dans le pays d&#039;origine.<\/p>\n<p>Chez Boogaerdt Hout, nous sommes pr\u00e9occup\u00e9s par la pression croissante sur les for\u00eats. Nous nous effor\u00e7ons de minimiser nos cons\u00e9quences sur l&#039;environnement et menons une politique active visant \u00e0 accro\u00eetre l&#039;utilisation de produits en bois durables.<\/p>\n<\/div><\/section><br \/>\n<div  class='avia-button-wrap av-773e8-6bf5f1a54bbe4080fdde6752e6c8fa70-wrap avia-button-left  avia-builder-el-6  el_after_av_textblock  el_before_av_hr'><a href='https:\/\/www.boogaerdthout.nl\/wp-content\/uploads\/2023\/07\/220929-Policy-Declaration-Boogaerdt-Hout-September-2022-signed.pdf'  class='avia-button av-773e8-6bf5f1a54bbe4080fdde6752e6c8fa70 av-link-btn avia-icon_select-no avia-size-small avia-position-left avia-color-theme-color'  target=\"_blank\"  rel=\"noopener noreferrer\"  aria-label=\"D\u00e9claration de politique\"><span class='avia_iconbox_title' >D\u00e9claration de politique<\/span><\/a><\/div><br \/>\n\n<style type=\"text\/css\" data-created_by=\"avia_inline_auto\" id=\"style-css-av-aldeg-3b107f5d116dbc8750a1ce71e493bdff\">\n#top .hr.hr-invisible.av-aldeg-3b107f5d116dbc8750a1ce71e493bdff{\nheight:50px;\n}\n<\/style>\n<div  class='hr av-aldeg-3b107f5d116dbc8750a1ce71e493bdff hr-invisible  avia-builder-el-7  el_after_av_button  el_before_av_textblock'><span class='hr-inner'><span class=\"hr-inner-style\"><\/span><\/span><\/div><br \/>\n<section  class='av_textblock_section av-lm7j4bui-7fe2b1b02b03e0fedd063316951861f1'   itemscope=\"itemscope\" itemtype=\"https:\/\/schema.org\/CreativeWork\" ><div class='avia_textblock'  itemprop=\"text\" ><h2>Empreinte carbone du bois<\/h2>\n<p>Construire en bois, c&#039;est l&#039;avenir. Le bois a une empreinte CO2 inf\u00e9rieure \u00e0 celle du b\u00e9ton, de l\u2019acier et du plastique. Chaque m\u00e8tre cube de bois capte pr\u00e8s d\u2019une tonne de CO2. En combinaison avec les \u00e9conomies sur les \u00e9missions de CO2 en \u00e9vitant d&#039;autres mat\u00e9riaux, cela se traduit par un b\u00e9n\u00e9fice climatique total allant jusqu&#039;\u00e0 deux tonnes de CO2 ! Calculez en deux \u00e9tapes la quantit\u00e9 de CO2 capt\u00e9e dans vos produits bois.<\/p>\n<\/div><\/section><br \/>\n<div  class='avia-button-wrap av-lm7j6xl0-0ee36554e30afd37403842ff7fef3703-wrap avia-button-left  avia-builder-el-9  el_after_av_textblock  el_before_av_hr'><a href='https:\/\/opslagco2inhout.nl'  class='avia-button av-lm7j6xl0-0ee36554e30afd37403842ff7fef3703 av-link-btn avia-icon_select-no avia-size-small avia-position-left avia-color-theme-color'  target=\"_blank\"  rel=\"noopener noreferrer\"  aria-label=\"Calculez votre empreinte carbone\"><span class='avia_iconbox_title' >Calculez votre empreinte carbone<\/span><\/a><\/div><br \/>\n\n<style type=\"text\/css\" data-created_by=\"avia_inline_auto\" id=\"style-css-av-7ysb4-0e2526997e3ad1a05d0e7699fed177cf\">\n#top .hr.hr-invisible.av-7ysb4-0e2526997e3ad1a05d0e7699fed177cf{\nheight:50px;\n}\n<\/style>\n<div  class='hr av-7ysb4-0e2526997e3ad1a05d0e7699fed177cf hr-invisible  avia-builder-el-10  el_after_av_button  el_before_av_textblock'><span class='hr-inner'><span class=\"hr-inner-style\"><\/span><\/span><\/div><br \/>\n<section  class='av_textblock_section av-lm7j4vnx-c48a661310abde209786946eecbcd75b'   itemscope=\"itemscope\" itemtype=\"https:\/\/schema.org\/CreativeWork\" ><div class='avia_textblock'  itemprop=\"text\" ><h2>Certification \u00e0 Boogaerdt Hout<\/h2>\n<p>Boogaerdt Hout est certifi\u00e9 FSC\u00ae et PEFC. La vaste cha\u00eene de tra\u00e7abilit\u00e9 (CoC) garantit que nous avons un aper\u00e7u de l&#039;origine de nos flux de bois, du pays d&#039;origine jusqu&#039;au produit final. Si vous souhaitez en savoir plus sur ces syst\u00e8mes de certification, visitez le site Internet <a href=\"https:\/\/nl.fsc.org\/nl-nl\" target=\"_blank\" rel=\"noopener\">FSC\u00ae<\/a> ou <a href=\"https:\/\/pefc.nl\/\" target=\"_blank\" rel=\"noopener\">PEFC<\/a>.<\/p>\n<\/div><\/section><br \/>\n<div  class='avia-buttonrow-wrap av-lm7iwvso-1f530055fe54904bc2f132d8a738c1a9 avia-buttonrow-left  avia-builder-el-12  el_after_av_textblock  avia-builder-el-last'>\n\n<style type=\"text\/css\" data-created_by=\"avia_inline_auto\" id=\"style-css-av-lm7ixho0-97f527281b37ab72f5c80db0f453302d\">\n#top #wrap_all .avia-button.av-lm7ixho0-97f527281b37ab72f5c80db0f453302d{\nmargin-bottom:5px;\nmargin-right:5px;\n}\n<\/style>\n<a href='https:\/\/www.boogaerdthout.nl\/wp-content\/uploads\/2023\/09\/280327-FSC-Multisite-Certificate_865505.pdf'  class='avia-button av-lm7ixho0-97f527281b37ab72f5c80db0f453302d avia-icon_select-no avia-size-small avia-color-theme-color'  target=\"_blank\"  rel=\"noopener noreferrer\"  aria-label=\"Certificat FSC\u00ae FSC-C021732\"><span class='avia_iconbox_title' >Certificat FSC\u00ae FSC-C021732<\/span><\/a>\n\n<style type=\"text\/css\" data-created_by=\"avia_inline_auto\" id=\"style-css-av-lm7iwseo-dc2a01f281ddc917c1df9149ba709885\">\n#top #wrap_all .avia-button.av-lm7iwseo-dc2a01f281ddc917c1df9149ba709885{\nmargin-bottom:5px;\nmargin-right:5px;\n}\n<\/style>\n<a href='https:\/\/www.boogaerdthout.nl\/wp-content\/uploads\/2023\/09\/280327-PEFC-Multi-site-certificaat-865505.pdf'  class='avia-button av-lm7iwseo-dc2a01f281ddc917c1df9149ba709885 avia-icon_select-no avia-size-small avia-color-theme-color'   aria-label=\"Certificat PEFC PEFC\/30-31-024\"><span class='avia_iconbox_title' >Certificat PEFC PEFC\/30-31-024<\/span><\/a>\n<\/div><\/p><\/div><div  class='flex_column av-cz9zs-a2e4a9b7400248847a1fef4db97460b0 av_one_third  avia-builder-el-13  el_after_av_two_third  avia-builder-el-last  flex_column_div'     ><div  class='avia-builder-widget-area clearfix  avia-builder-el-14  avia-builder-el-no-sibling'><section id=\"avia_auto_toc-2\" class=\"widget clearfix avia-widget-container avia_auto_toc avia_no_block_preview\"><div class=\"avia-preview-headline\">Enfold Child Table des contenus<\/div><div class=\"avia-preview-info\">Titre : Contenu de la page<\/div><div class=\"avia-preview-in-front\">Le tableau n\u2019est pas la bonne affiche au moment de sa publication.<\/div><span class=\"seperator extralight-border\"><\/span><\/section><section id=\"text-7\" class=\"widget clearfix widget_text\"><h3 class=\"widgettitle\">Plus d&#039;information<\/h3>\t\t\t<div class=\"textwidget\"><ul>\n<li><a href=\"https:\/\/www.boogaerdthout.nl\/inspiratie\/kennisbank\/\">Base de connaissances<\/a><\/li>\n<li><a href=\"https:\/\/www.boogaerdthout.nl\/over-ons\/downloads\/\">T\u00e9l\u00e9chargements<\/a><\/li>\n<li><a href=\"https:\/\/www.boogaerdthout.nl\/inspiratie\/projecten\/\">Projets<\/a><\/li>\n<li><a href=\"https:\/\/www.boogaerdthout.nl\/profielen-gevelbekleding\/\">Profil\u00e9s rev\u00eatement de fa\u00e7ade<\/a><\/li>\n<li><a href=\"https:\/\/www.boogaerdthout.nl\/profielen-vlonders\/\">Profils de terrasse<\/a><\/li>\n<li><a href=\"https:\/\/www.boogaerdthout.nl\/over-ons\/behandelingen-van-hout\/\">Traitements du bois<\/a><\/li>\n<\/ul>\n<\/div>\n\t\t<span class=\"seperator extralight-border\"><\/span><\/section><section id=\"custom_html-2\" class=\"widget_text widget clearfix widget_custom_html\"><h3 class=\"widgettitle\">Pose ta question<\/h3><div class=\"textwidget custom-html-widget\">\n\n\t\t\n\t    \t    \n        <div class=\"cta-foto\">\n                    <\/div>\n        <div class=\"cta-info\">\n            <p>Lars Bastiaansen<\/p>\n            <p class=\"functie\">Directeur des ventes<\/p>\n            <p>0180-551 552<\/p>\n            <a href=\"\/fr\/contact\/\" class=\"avia-button avia-icon_select-no avia-size-small btn-side avia-position-left avia-color-theme-color\"><span class=\"avia_iconbox_title\">Envoyer un message<\/span><\/a>\n        <\/div>\n        \n\t\t\n\t\t\n<\/div><span class=\"seperator extralight-border\"><\/span><\/section><section id=\"text-2\" class=\"widget clearfix widget_text\">\t\t\t<div class=\"textwidget\"><div class=\"artikelen\">\n<h4>Articles de presse<\/h4>\n<p>\t\t\t\t\t\t\t<a href=\"https:\/\/europeeshout.bonsaidev.nl\/fr\/2020\/04\/20\/eiken-panelen\/\">\t<\/p>\n<div class=\"wrapper\">\n<div class=\"artikel-content\">\n<p>Panneaux de ch\u00eane<\/p>\n<\/div><\/div>\n<p>        <\/a><br \/>\n\t\t\t\t\t\t\t<a href=\"https:\/\/europeeshout.bonsaidev.nl\/fr\/2019\/10\/02\/eiken-blokhout-voor-zeer-interessante-prijzen\/\">\t<\/p>\n<div class=\"wrapper\">\n<div class=\"artikel-content\">\n<p>B\u00fbches de ch\u00eane \u00e0 des prix tr\u00e8s int\u00e9ressants<\/p>\n<\/div><\/div>\n<p>        <\/a><\/p><\/div>\n<\/div>\n\t\t<span class=\"seperator extralight-border\"><\/span><\/section><\/div><\/div><\/p>","protected":false},"excerpt":{"rendered":"","protected":false},"author":1,"featured_media":0,"parent":91,"menu_order":0,"comment_status":"closed","ping_status":"closed","template":"","meta":{"_acf_changed":false,"footnotes":""},"class_list":["post-304","page","type-page","status-publish","hentry"],"acf":[],"yoast_head":"<!-- This site is optimized with the Yoast SEO plugin v27.4 - https:\/\/yoast.com\/product\/yoast-seo-wordpress\/ -->\n<title>Duurzaamheid - Europees hout<\/title>\n<meta name=\"robots\" content=\"noindex, follow, max-snippet:-1, max-image-preview:large, max-video-preview:-1\" \/>\n<meta property=\"og:locale\" content=\"fr_FR\" \/>\n<meta property=\"og:type\" content=\"article\" \/>\n<meta property=\"og:title\" content=\"Duurzaamheid - Europees hout\" \/>\n<meta property=\"og:url\" content=\"https:\/\/www.boogaerdthout.nl\/over-ons\/duurzaamheid\/\" \/>\n<meta property=\"og:site_name\" content=\"Europees hout\" \/>\n<meta property=\"article:modified_time\" content=\"2023-09-22T11:28:43+00:00\" \/>\n<meta name=\"twitter:label1\" content=\"Dur\u00e9e de lecture estim\u00e9e\" \/>\n\t<meta name=\"twitter:data1\" content=\"6 minutes\" \/>\n<script type=\"application\/ld+json\" class=\"yoast-schema-graph\">{\"@context\":\"https:\\\/\\\/schema.org\",\"@graph\":[{\"@type\":\"WebPage\",\"@id\":\"https:\\\/\\\/www.boogaerdthout.nl\\\/over-ons\\\/duurzaamheid\\\/\",\"url\":\"https:\\\/\\\/www.boogaerdthout.nl\\\/over-ons\\\/duurzaamheid\\\/\",\"name\":\"Duurzaamheid - Europees hout\",\"isPartOf\":{\"@id\":\"https:\\\/\\\/www.boogaerdthout.nl\\\/#website\"},\"datePublished\":\"2023-05-23T13:19:29+00:00\",\"dateModified\":\"2023-09-22T11:28:43+00:00\",\"breadcrumb\":{\"@id\":\"https:\\\/\\\/www.boogaerdthout.nl\\\/over-ons\\\/duurzaamheid\\\/#breadcrumb\"},\"inLanguage\":\"fr-FR\",\"potentialAction\":[{\"@type\":\"ReadAction\",\"target\":[\"https:\\\/\\\/www.boogaerdthout.nl\\\/over-ons\\\/duurzaamheid\\\/\"]}]},{\"@type\":\"BreadcrumbList\",\"@id\":\"https:\\\/\\\/www.boogaerdthout.nl\\\/over-ons\\\/duurzaamheid\\\/#breadcrumb\",\"itemListElement\":[{\"@type\":\"ListItem\",\"position\":1,\"name\":\"Home\",\"item\":\"https:\\\/\\\/europeeshout.bonsaidev.nl\\\/home-2\\\/\"},{\"@type\":\"ListItem\",\"position\":2,\"name\":\"Over ons\",\"item\":\"https:\\\/\\\/www.boogaerdthout.nl\\\/over-ons\\\/\"},{\"@type\":\"ListItem\",\"position\":3,\"name\":\"Duurzaamheid\"}]},{\"@type\":\"WebSite\",\"@id\":\"https:\\\/\\\/www.boogaerdthout.nl\\\/#website\",\"url\":\"https:\\\/\\\/www.boogaerdthout.nl\\\/\",\"name\":\"Europees hout\",\"description\":\"Koninklijke houthandel Boogaerdt B.V.\",\"potentialAction\":[{\"@type\":\"SearchAction\",\"target\":{\"@type\":\"EntryPoint\",\"urlTemplate\":\"https:\\\/\\\/www.boogaerdthout.nl\\\/?s={search_term_string}\"},\"query-input\":{\"@type\":\"PropertyValueSpecification\",\"valueRequired\":true,\"valueName\":\"search_term_string\"}}],\"inLanguage\":\"fr-FR\"}]}<\/script>\n<!-- \/ Yoast SEO plugin. -->","yoast_head_json":{"title":"Duurzaamheid - Europees hout","robots":{"index":"noindex","follow":"follow","max-snippet":"max-snippet:-1","max-image-preview":"max-image-preview:large","max-video-preview":"max-video-preview:-1"},"og_locale":"fr_FR","og_type":"article","og_title":"Duurzaamheid - Europees hout","og_url":"https:\/\/www.boogaerdthout.nl\/over-ons\/duurzaamheid\/","og_site_name":"Europees hout","article_modified_time":"2023-09-22T11:28:43+00:00","twitter_misc":{"Dur\u00e9e de lecture estim\u00e9e":"6 minutes"},"schema":{"@context":"https:\/\/schema.org","@graph":[{"@type":"WebPage","@id":"https:\/\/www.boogaerdthout.nl\/over-ons\/duurzaamheid\/","url":"https:\/\/www.boogaerdthout.nl\/over-ons\/duurzaamheid\/","name":"Duurzaamheid - Europees hout","isPartOf":{"@id":"https:\/\/www.boogaerdthout.nl\/#website"},"datePublished":"2023-05-23T13:19:29+00:00","dateModified":"2023-09-22T11:28:43+00:00","breadcrumb":{"@id":"https:\/\/www.boogaerdthout.nl\/over-ons\/duurzaamheid\/#breadcrumb"},"inLanguage":"fr-FR","potentialAction":[{"@type":"ReadAction","target":["https:\/\/www.boogaerdthout.nl\/over-ons\/duurzaamheid\/"]}]},{"@type":"BreadcrumbList","@id":"https:\/\/www.boogaerdthout.nl\/over-ons\/duurzaamheid\/#breadcrumb","itemListElement":[{"@type":"ListItem","position":1,"name":"Home","item":"https:\/\/europeeshout.bonsaidev.nl\/home-2\/"},{"@type":"ListItem","position":2,"name":"Over ons","item":"https:\/\/www.boogaerdthout.nl\/over-ons\/"},{"@type":"ListItem","position":3,"name":"Duurzaamheid"}]},{"@type":"WebSite","@id":"https:\/\/www.boogaerdthout.nl\/#website","url":"https:\/\/www.boogaerdthout.nl\/","name":"Bois europ\u00e9en","description":"Entreprises commerciales Boogaerdt BV","potentialAction":[{"@type":"SearchAction","target":{"@type":"EntryPoint","urlTemplate":"https:\/\/www.boogaerdthout.nl\/?s={search_term_string}"},"query-input":{"@type":"PropertyValueSpecification","valueRequired":true,"valueName":"search_term_string"}}],"inLanguage":"fr-FR"}]}},"_links":{"self":[{"href":"https:\/\/europeeshout.bonsaidev.nl\/fr\/wp-json\/wp\/v2\/pages\/304","targetHints":{"allow":["GET"]}}],"collection":[{"href":"https:\/\/europeeshout.bonsaidev.nl\/fr\/wp-json\/wp\/v2\/pages"}],"about":[{"href":"https:\/\/europeeshout.bonsaidev.nl\/fr\/wp-json\/wp\/v2\/types\/page"}],"author":[{"embeddable":true,"href":"https:\/\/europeeshout.bonsaidev.nl\/fr\/wp-json\/wp\/v2\/users\/1"}],"replies":[{"embeddable":true,"href":"https:\/\/europeeshout.bonsaidev.nl\/fr\/wp-json\/wp\/v2\/comments?post=304"}],"version-history":[{"count":0,"href":"https:\/\/europeeshout.bonsaidev.nl\/fr\/wp-json\/wp\/v2\/pages\/304\/revisions"}],"up":[{"embeddable":true,"href":"https:\/\/europeeshout.bonsaidev.nl\/fr\/wp-json\/wp\/v2\/pages\/91"}],"wp:attachment":[{"href":"https:\/\/europeeshout.bonsaidev.nl\/fr\/wp-json\/wp\/v2\/media?parent=304"}],"curies":[{"name":"wp","href":"https:\/\/api.w.org\/{rel}","templated":true}]}}