{"id":302,"date":"2023-05-23T15:19:16","date_gmt":"2023-05-23T13:19:16","guid":{"rendered":"https:\/\/boogaerdthout.bonsaidev.nl\/?page_id=302"},"modified":"2024-11-25T14:14:01","modified_gmt":"2024-11-25T13:14:01","slug":"histoire","status":"publish","type":"page","link":"https:\/\/europeeshout.bonsaidev.nl\/fr\/over-ons\/historie\/","title":{"rendered":"L'histoire"},"content":{"rendered":"<div id='av-layout-grid-1'  class='av-layout-grid-container av-3840m-961c1dc1a584e24a210a4b715d218afd entry-content-wrapper main_color av-flex-cells  avia-builder-el-0  el_before_av_two_third  avia-builder-el-first   container_wrap sidebar_right'  >\n\n<style type=\"text\/css\" data-created_by=\"avia_inline_auto\" id=\"style-css-av-qwxem-6cc864eddfd0af66acd0bdc496fa16ad\">\n.flex_cell.av-qwxem-6cc864eddfd0af66acd0bdc496fa16ad{\nvertical-align:middle;\nheight:580px;\nmin-height:580px;\nbackground-color:#004629;\n}\n.responsive #top #wrap_all .flex_cell.av-qwxem-6cc864eddfd0af66acd0bdc496fa16ad{\npadding:2% 2% 2% 2% !important;\n}\n\n@media only screen and (min-width: 480px) and (max-width: 767px){ \n.responsive #top #wrap_all .flex_cell.av-qwxem-6cc864eddfd0af66acd0bdc496fa16ad{\npadding:40px 40px 40px 40px !important;\n}\n}\n\n@media only screen and (max-width: 479px){ \n.responsive #top #wrap_all .flex_cell.av-qwxem-6cc864eddfd0af66acd0bdc496fa16ad{\npadding:40px 40px 40px 40px !important;\n}\n}\n<\/style>\n<div class='flex_cell av-qwxem-6cc864eddfd0af66acd0bdc496fa16ad av-gridrow-cell av_one_half no_margin  avia-builder-el-1  el_before_av_cell_one_half  avia-builder-el-first  banner-tekst content-align-middle'  ><div class='flex_cell_inner'>\n<style type=\"text\/css\" data-created_by=\"avia_inline_auto\" id=\"style-css-av-m3x1awyb-6a1ce7f5020e690b8e244db4e813527b\">\n#top .av_textblock_section.av-m3x1awyb-6a1ce7f5020e690b8e244db4e813527b .avia_textblock{\nfont-size:22px;\ncolor:#ffffff;\n}\n<\/style>\n<section  class='av_textblock_section av-m3x1awyb-6a1ce7f5020e690b8e244db4e813527b'   itemscope=\"itemscope\" itemtype=\"https:\/\/schema.org\/CreativeWork\" ><div class='avia_textblock av_inherit_color'  itemprop=\"text\" ><p>D\u00e9j\u00e0 plus de 283 cernes de croissance.<br \/>\nSculpt\u00e9 dans du bon bois en 1741.<\/p>\n<p>De g\u00e9n\u00e9ration en g\u00e9n\u00e9ration.<br \/>\nCultiv\u00e9, connaissances partag\u00e9es<br \/>\net les comp\u00e9tences transf\u00e9r\u00e9es.<\/p>\n<p>Continuez toujours \u00e0 planifier.<\/p>\n<p>Notre c\u0153ur est en bois.<br \/>\nDe la sciure dans notre sang.<\/p>\n<p>Parce que la beaut\u00e9, le pouvoir<br \/>\net la polyvalence du bois.<\/p>\n<p>C&#039;est pour cela que nous vivons.<br \/>\nNous vivons de cela.<\/p>\n<p>Naturellement! Bois<\/p>\n<\/div><\/section>\n<\/div><\/div>\n<style type=\"text\/css\" data-created_by=\"avia_inline_auto\" id=\"style-css-av-j99sm-c60926fb80d36fbe17ed898a3c8c378b\">\n.flex_cell.av-j99sm-c60926fb80d36fbe17ed898a3c8c378b{\nvertical-align:middle;\nheight:580px;\nmin-height:580px;\n}\n.responsive #top #wrap_all .flex_cell.av-j99sm-c60926fb80d36fbe17ed898a3c8c378b{\npadding:60px 60px 60px 60px !important;\n}\n<\/style>\n<div class='flex_cell av-j99sm-c60926fb80d36fbe17ed898a3c8c378b av-gridrow-cell av_one_half no_margin  avia-builder-el-3  el_after_av_cell_one_half  avia-builder-el-last  banner-foto content-align-middle avia-full-stretch'  ><div class='flex_cell_inner'><\/div><\/div><\/div><div id='after_grid_row_1'  class='main_color av_default_container_wrap container_wrap sidebar_right'  ><div class='container av-section-cont-open' ><div class='template-page content  av-content-small alpha units'><div class='post-entry post-entry-type-page post-entry-302'><div class='entry-content-wrapper clearfix'><div  class='flex_column av-142cm6-c8ceb0f6f0371f4bb18259ca879d2c70 av_two_third  avia-builder-el-4  el_after_av_layout_row  el_before_av_one_third  avia-builder-el-first  first flex_column_div'     ><section  class='av_textblock_section av-ljwmthow-12fde5785784484284df2ab8b2ecc798'   itemscope=\"itemscope\" itemtype=\"https:\/\/schema.org\/CreativeWork\" ><div class='avia_textblock'  itemprop=\"text\" ><h1><span style=\"color: #000000;\">L\u2019histoire de Boogaerdt Hout<\/span><\/h1>\n<p>Boogaerdt Hout trouve son origine \u00e0 Rotterdam en 1741, o\u00f9 Ary et Bart Boogaerdt ont \u00e9tabli leur entreprise d&#039;achat de bois dans l&#039;une des scieries de Hooge Zeedijk.<\/p>\n<p>Le 6 mai 1811, pendant l&#039;occupation fran\u00e7aise, Meindert Boogaerdt ach\u00e8te la scierie hexagonale \u00ab De Karper \u00bb \u00e0 Krimpen aan de Lek. De nombreuses informations ont \u00e9t\u00e9 conserv\u00e9es depuis. En 1845, la nouvelle et plus grande scierie \u00ab Weltevreden \u00bb fut construite. L&#039;entreprise prosp\u00e9ra et en 1856 la premi\u00e8re scierie \u00e0 vapeur des Pays-Bas fut construite \u00e0 l&#039;ext\u00e9rieur du village. Malgr\u00e9 des temps difficiles, l&#039;entreprise a pu se d\u00e9velopper pour devenir une soci\u00e9t\u00e9 de commerce de bois moderne qui s&#039;est fait conna\u00eetre comme fournisseur pour l&#039;industrie des yachts et de la construction navale, de la menuiserie et des escaliers, de l&#039;industrie du bois r\u00e9sineux et du g\u00e9nie civil.<\/p>\n<\/div><\/section><br \/>\n\n<style type=\"text\/css\" data-created_by=\"avia_inline_auto\" id=\"style-css-av-zkxnq-c3b9e7ebe643b0a5d4d7c6cca92cdfd4\">\n#top .hr.hr-invisible.av-zkxnq-c3b9e7ebe643b0a5d4d7c6cca92cdfd4{\nheight:50px;\n}\n<\/style>\n<div  class='hr av-zkxnq-c3b9e7ebe643b0a5d4d7c6cca92cdfd4 hr-invisible  avia-builder-el-6  el_after_av_textblock  el_before_av_image'><span class='hr-inner'><span class=\"hr-inner-style\"><\/span><\/span><\/div><br \/>\n\n<style type=\"text\/css\" data-created_by=\"avia_inline_auto\" id=\"style-css-av-ljwmrn9m-054f5f4391f2989c1edd81c4a806d826\">\n.avia-image-container.av-ljwmrn9m-054f5f4391f2989c1edd81c4a806d826 img.avia_image{\nbox-shadow:none;\n}\n.avia-image-container.av-ljwmrn9m-054f5f4391f2989c1edd81c4a806d826 .av-image-caption-overlay-center{\ncolor:#ffffff;\n}\n<\/style>\n<div  class='avia-image-container av-ljwmrn9m-054f5f4391f2989c1edd81c4a806d826 av-styling-no-styling avia-align-center  avia-builder-el-7  el_after_av_hr  el_before_av_hr'   itemprop=\"image\" itemscope=\"itemscope\" itemtype=\"https:\/\/schema.org\/ImageObject\" ><div class=\"avia-image-container-inner\"><div class=\"avia-image-overlay-wrap\"><img decoding=\"async\" fetchpriority=\"high\" class='wp-image- avia-img-lazy-loading-not- avia_image' src=\"https:\/\/www.boogaerdthout.nl\/wp-content\/uploads\/2023\/07\/Zagerij-1215x440-1.jpg\" alt='' title=''   itemprop=\"thumbnailUrl\"  \/><\/div><\/div><\/div><br \/>\n\n<style type=\"text\/css\" data-created_by=\"avia_inline_auto\" id=\"style-css-av-s4xie-ffe1c3a202539d07c98dad57240539a2\">\n#top .hr.hr-invisible.av-s4xie-ffe1c3a202539d07c98dad57240539a2{\nheight:50px;\n}\n<\/style>\n<div  class='hr av-s4xie-ffe1c3a202539d07c98dad57240539a2 hr-invisible  avia-builder-el-8  el_after_av_image  el_before_av_textblock'><span class='hr-inner'><span class=\"hr-inner-style\"><\/span><\/span><\/div><br \/>\n<section  class='av_textblock_section av-ljwmu75g-f608bc00a2f2744cbb0731dd8e92007c'   itemscope=\"itemscope\" itemtype=\"https:\/\/schema.org\/CreativeWork\" ><div class='avia_textblock'  itemprop=\"text\" ><h2>Pr\u00e9dicat \u00ab\u00a0Royal\u00a0\u00bb<\/h2>\n<div class=\"group w-full text-gray-800 dark:text-gray-100 border-b border-black\/10 dark:border-gray-900\/50 bg-gray-50 dark:bg-&#091;#444654&#093;\">\n<div class=\"flex p-4 gap-4 text-base md:gap-6 md:max-w-2xl lg:max-w-&#091;38rem&#093; xl:max-w-3xl md:py-6 lg:px-0 m-auto\">\n<div class=\"relative flex w-&#091;calc(100%-50px)&#093; flex-col gap-1 md:gap-3 lg:w-&#091;calc(100%-115px)&#093;\">\n<div class=\"flex flex-grow flex-col gap-3\">\n<div class=\"min-h-&#091;20px&#093; flex items-start overflow-x-auto whitespace-pre-wrap break-words flex-col gap-4\">\n<div class=\"markdown prose w-full break-words dark:prose-invert light\">\n<p>En 1986, le groupe Boogaerdt a re\u00e7u le label \u00ab Royal \u00bb. \u00c0 la m\u00eame date, une nouvelle scierie et un atelier de rabotage sont entr\u00e9s en service \u00e0 Krimpen, augmentant ainsi les possibilit\u00e9s. Le bois, la mati\u00e8re premi\u00e8re la plus durable et la plus respectueuse de l&#039;environnement d&#039;aujourd&#039;hui et de demain, permet au groupe Royal Boogaerdt de continuer \u00e0 offrir pendant de nombreuses ann\u00e9es encore son savoir-faire et sa longue exp\u00e9rience avec une valeur ajout\u00e9e.<\/p>\n<p>La d\u00e9signation \u00ab Royal \u00bb a \u00e9t\u00e9 obtenue en 1986 et a \u00e9t\u00e9 prolong\u00e9e de 25 ans en 2012.<\/p>\n<\/div>\n<\/div>\n<\/div>\n<\/div>\n<\/div>\n<\/div>\n<\/div><\/section><br \/>\n\n<style type=\"text\/css\" data-created_by=\"avia_inline_auto\" id=\"style-css-av-n4die-7782727cc49d3ac8f509f40364376afe\">\n#top .hr.hr-invisible.av-n4die-7782727cc49d3ac8f509f40364376afe{\nheight:50px;\n}\n<\/style>\n<div  class='hr av-n4die-7782727cc49d3ac8f509f40364376afe hr-invisible  avia-builder-el-10  el_after_av_textblock  el_before_av_masonry_gallery  avia-builder-el-last'><span class='hr-inner'><span class=\"hr-inner-style\"><\/span><\/span><\/div><br \/>\n<\/p><\/div><\/p>\n<div  class='flex_column av-1gyva-dd8b06d0733dab47ded6e33b7b988352 av_one_third  avia-builder-el-12  el_after_av_two_third  avia-builder-el-last  flex_column_div'     ><div  class='avia-builder-widget-area clearfix  avia-builder-el-13  avia-builder-el-no-sibling'><section id=\"avia_auto_toc-2\" class=\"widget clearfix avia-widget-container avia_auto_toc avia_no_block_preview\"><div class=\"avia-preview-headline\">Enfold Child Table des contenus<\/div><div class=\"avia-preview-info\">Titre : Contenu de la page<\/div><div class=\"avia-preview-in-front\">Le tableau n\u2019est pas la bonne affiche au moment de sa publication.<\/div><span class=\"seperator extralight-border\"><\/span><\/section><section id=\"text-7\" class=\"widget clearfix widget_text\"><h3 class=\"widgettitle\">Plus d&#039;information<\/h3>\t\t\t<div class=\"textwidget\"><ul>\n<li><a href=\"https:\/\/www.boogaerdthout.nl\/inspiratie\/kennisbank\/\">Base de connaissances<\/a><\/li>\n<li><a href=\"https:\/\/www.boogaerdthout.nl\/over-ons\/downloads\/\">T\u00e9l\u00e9chargements<\/a><\/li>\n<li><a href=\"https:\/\/www.boogaerdthout.nl\/inspiratie\/projecten\/\">Projets<\/a><\/li>\n<li><a href=\"https:\/\/www.boogaerdthout.nl\/profielen-gevelbekleding\/\">Profil\u00e9s rev\u00eatement de fa\u00e7ade<\/a><\/li>\n<li><a href=\"https:\/\/www.boogaerdthout.nl\/profielen-vlonders\/\">Profils de terrasse<\/a><\/li>\n<li><a href=\"https:\/\/www.boogaerdthout.nl\/over-ons\/behandelingen-van-hout\/\">Traitements du bois<\/a><\/li>\n<\/ul>\n<\/div>\n\t\t<span class=\"seperator extralight-border\"><\/span><\/section><section id=\"custom_html-2\" class=\"widget_text widget clearfix widget_custom_html\"><h3 class=\"widgettitle\">Pose ta question<\/h3><div class=\"textwidget custom-html-widget\">\n\n\t\t\n\t    \t    \n        <div class=\"cta-foto\">\n                    <\/div>\n        <div class=\"cta-info\">\n            <p>Lars Bastiaansen<\/p>\n            <p class=\"functie\">Directeur des ventes<\/p>\n            <p>0180-551 552<\/p>\n            <a href=\"\/fr\/contact\/\" class=\"avia-button avia-icon_select-no avia-size-small btn-side avia-position-left avia-color-theme-color\"><span class=\"avia_iconbox_title\">Envoyer un message<\/span><\/a>\n        <\/div>\n        \n\t\t\n\t\t\n<\/div><span class=\"seperator extralight-border\"><\/span><\/section><section id=\"text-2\" class=\"widget clearfix widget_text\">\t\t\t<div class=\"textwidget\"><div class=\"artikelen\">\n<h4>Articles de presse<\/h4>\n<p>\t\t\t\t\t\t\t<a href=\"https:\/\/europeeshout.bonsaidev.nl\/fr\/2020\/04\/20\/eiken-panelen\/\">\t<\/p>\n<div class=\"wrapper\">\n<div class=\"artikel-content\">\n<p>Panneaux de ch\u00eane<\/p>\n<\/div><\/div>\n<p>        <\/a><br \/>\n\t\t\t\t\t\t\t<a href=\"https:\/\/europeeshout.bonsaidev.nl\/fr\/2019\/10\/02\/eiken-blokhout-voor-zeer-interessante-prijzen\/\">\t<\/p>\n<div class=\"wrapper\">\n<div class=\"artikel-content\">\n<p>B\u00fbches de ch\u00eane \u00e0 des prix tr\u00e8s int\u00e9ressants<\/p>\n<\/div><\/div>\n<p>        <\/a><\/p><\/div>\n<\/div>\n\t\t<span class=\"seperator extralight-border\"><\/span><\/section><\/div><\/div>","protected":false},"excerpt":{"rendered":"","protected":false},"author":1,"featured_media":0,"parent":91,"menu_order":0,"comment_status":"closed","ping_status":"closed","template":"","meta":{"_acf_changed":false,"footnotes":""},"class_list":["post-302","page","type-page","status-publish","hentry"],"acf":[],"yoast_head":"<!-- This site is optimized with the Yoast SEO plugin v27.4 - https:\/\/yoast.com\/product\/yoast-seo-wordpress\/ -->\n<title>Historie - Europees hout<\/title>\n<meta name=\"robots\" content=\"noindex, follow, max-snippet:-1, max-image-preview:large, max-video-preview:-1\" \/>\n<meta property=\"og:locale\" content=\"fr_FR\" \/>\n<meta property=\"og:type\" content=\"article\" \/>\n<meta property=\"og:title\" content=\"Historie - Europees hout\" \/>\n<meta property=\"og:url\" content=\"https:\/\/www.boogaerdthout.nl\/over-ons\/historie\/\" \/>\n<meta property=\"og:site_name\" content=\"Europees hout\" \/>\n<meta property=\"article:modified_time\" content=\"2024-11-25T13:14:01+00:00\" \/>\n<meta name=\"twitter:label1\" content=\"Dur\u00e9e de lecture estim\u00e9e\" \/>\n\t<meta name=\"twitter:data1\" content=\"4 minutes\" \/>\n<script type=\"application\/ld+json\" class=\"yoast-schema-graph\">{\"@context\":\"https:\\\/\\\/schema.org\",\"@graph\":[{\"@type\":\"WebPage\",\"@id\":\"https:\\\/\\\/www.boogaerdthout.nl\\\/over-ons\\\/historie\\\/\",\"url\":\"https:\\\/\\\/www.boogaerdthout.nl\\\/over-ons\\\/historie\\\/\",\"name\":\"Historie - Europees hout\",\"isPartOf\":{\"@id\":\"https:\\\/\\\/www.boogaerdthout.nl\\\/#website\"},\"datePublished\":\"2023-05-23T13:19:16+00:00\",\"dateModified\":\"2024-11-25T13:14:01+00:00\",\"breadcrumb\":{\"@id\":\"https:\\\/\\\/www.boogaerdthout.nl\\\/over-ons\\\/historie\\\/#breadcrumb\"},\"inLanguage\":\"fr-FR\",\"potentialAction\":[{\"@type\":\"ReadAction\",\"target\":[\"https:\\\/\\\/www.boogaerdthout.nl\\\/over-ons\\\/historie\\\/\"]}]},{\"@type\":\"BreadcrumbList\",\"@id\":\"https:\\\/\\\/www.boogaerdthout.nl\\\/over-ons\\\/historie\\\/#breadcrumb\",\"itemListElement\":[{\"@type\":\"ListItem\",\"position\":1,\"name\":\"Home\",\"item\":\"https:\\\/\\\/europeeshout.bonsaidev.nl\\\/home-2\\\/\"},{\"@type\":\"ListItem\",\"position\":2,\"name\":\"Over ons\",\"item\":\"https:\\\/\\\/www.boogaerdthout.nl\\\/over-ons\\\/\"},{\"@type\":\"ListItem\",\"position\":3,\"name\":\"Historie\"}]},{\"@type\":\"WebSite\",\"@id\":\"https:\\\/\\\/www.boogaerdthout.nl\\\/#website\",\"url\":\"https:\\\/\\\/www.boogaerdthout.nl\\\/\",\"name\":\"Europees hout\",\"description\":\"Koninklijke houthandel Boogaerdt B.V.\",\"potentialAction\":[{\"@type\":\"SearchAction\",\"target\":{\"@type\":\"EntryPoint\",\"urlTemplate\":\"https:\\\/\\\/www.boogaerdthout.nl\\\/?s={search_term_string}\"},\"query-input\":{\"@type\":\"PropertyValueSpecification\",\"valueRequired\":true,\"valueName\":\"search_term_string\"}}],\"inLanguage\":\"fr-FR\"}]}<\/script>\n<!-- \/ Yoast SEO plugin. -->","yoast_head_json":{"title":"Historie - Europees hout","robots":{"index":"noindex","follow":"follow","max-snippet":"max-snippet:-1","max-image-preview":"max-image-preview:large","max-video-preview":"max-video-preview:-1"},"og_locale":"fr_FR","og_type":"article","og_title":"Historie - Europees hout","og_url":"https:\/\/www.boogaerdthout.nl\/over-ons\/historie\/","og_site_name":"Europees hout","article_modified_time":"2024-11-25T13:14:01+00:00","twitter_misc":{"Dur\u00e9e de lecture estim\u00e9e":"4 minutes"},"schema":{"@context":"https:\/\/schema.org","@graph":[{"@type":"WebPage","@id":"https:\/\/www.boogaerdthout.nl\/over-ons\/historie\/","url":"https:\/\/www.boogaerdthout.nl\/over-ons\/historie\/","name":"Historie - Europees hout","isPartOf":{"@id":"https:\/\/www.boogaerdthout.nl\/#website"},"datePublished":"2023-05-23T13:19:16+00:00","dateModified":"2024-11-25T13:14:01+00:00","breadcrumb":{"@id":"https:\/\/www.boogaerdthout.nl\/over-ons\/historie\/#breadcrumb"},"inLanguage":"fr-FR","potentialAction":[{"@type":"ReadAction","target":["https:\/\/www.boogaerdthout.nl\/over-ons\/historie\/"]}]},{"@type":"BreadcrumbList","@id":"https:\/\/www.boogaerdthout.nl\/over-ons\/historie\/#breadcrumb","itemListElement":[{"@type":"ListItem","position":1,"name":"Home","item":"https:\/\/europeeshout.bonsaidev.nl\/home-2\/"},{"@type":"ListItem","position":2,"name":"Over ons","item":"https:\/\/www.boogaerdthout.nl\/over-ons\/"},{"@type":"ListItem","position":3,"name":"Historie"}]},{"@type":"WebSite","@id":"https:\/\/www.boogaerdthout.nl\/#website","url":"https:\/\/www.boogaerdthout.nl\/","name":"Bois europ\u00e9en","description":"Entreprises commerciales Boogaerdt BV","potentialAction":[{"@type":"SearchAction","target":{"@type":"EntryPoint","urlTemplate":"https:\/\/www.boogaerdthout.nl\/?s={search_term_string}"},"query-input":{"@type":"PropertyValueSpecification","valueRequired":true,"valueName":"search_term_string"}}],"inLanguage":"fr-FR"}]}},"_links":{"self":[{"href":"https:\/\/europeeshout.bonsaidev.nl\/fr\/wp-json\/wp\/v2\/pages\/302","targetHints":{"allow":["GET"]}}],"collection":[{"href":"https:\/\/europeeshout.bonsaidev.nl\/fr\/wp-json\/wp\/v2\/pages"}],"about":[{"href":"https:\/\/europeeshout.bonsaidev.nl\/fr\/wp-json\/wp\/v2\/types\/page"}],"author":[{"embeddable":true,"href":"https:\/\/europeeshout.bonsaidev.nl\/fr\/wp-json\/wp\/v2\/users\/1"}],"replies":[{"embeddable":true,"href":"https:\/\/europeeshout.bonsaidev.nl\/fr\/wp-json\/wp\/v2\/comments?post=302"}],"version-history":[{"count":0,"href":"https:\/\/europeeshout.bonsaidev.nl\/fr\/wp-json\/wp\/v2\/pages\/302\/revisions"}],"up":[{"embeddable":true,"href":"https:\/\/europeeshout.bonsaidev.nl\/fr\/wp-json\/wp\/v2\/pages\/91"}],"wp:attachment":[{"href":"https:\/\/europeeshout.bonsaidev.nl\/fr\/wp-json\/wp\/v2\/media?parent=302"}],"curies":[{"name":"wp","href":"https:\/\/api.w.org\/{rel}","templated":true}]}}