{"id":2811,"date":"2023-09-26T13:38:51","date_gmt":"2023-09-26T11:38:51","guid":{"rendered":"https:\/\/boogaerdthout.bonsaidev.nl\/?page_id=2811"},"modified":"2024-09-19T10:29:43","modified_gmt":"2024-09-19T08:29:43","slug":"peinture","status":"publish","type":"page","link":"https:\/\/europeeshout.bonsaidev.nl\/fr\/over-ons\/behandelingen-van-hout\/verf\/","title":{"rendered":"Peinture"},"content":{"rendered":"<div id='av-layout-grid-1'  class='av-layout-grid-container av-6xum6j-7efdd5be425b29ad7c646d65d3bf92bd entry-content-wrapper main_color av-flex-cells  avia-builder-el-0  el_before_av_section  avia-builder-el-first   container_wrap sidebar_right'  >\n\n<style type=\"text\/css\" data-created_by=\"avia_inline_auto\" id=\"style-css-av-64zqhn-fb4a6efb77c7cbd2b0d666e1427bcb03\">\n.flex_cell.av-64zqhn-fb4a6efb77c7cbd2b0d666e1427bcb03{\nvertical-align:middle;\nheight:580px;\nmin-height:580px;\nbackground-color:#004629;\n}\n.responsive #top #wrap_all .flex_cell.av-64zqhn-fb4a6efb77c7cbd2b0d666e1427bcb03{\npadding:2% 2% 2% 2% !important;\n}\n\n@media only screen and (min-width: 480px) and (max-width: 767px){ \n.responsive #top #wrap_all .flex_cell.av-64zqhn-fb4a6efb77c7cbd2b0d666e1427bcb03{\npadding:40px 40px 40px 40px !important;\n}\n}\n\n@media only screen and (max-width: 479px){ \n.responsive #top #wrap_all .flex_cell.av-64zqhn-fb4a6efb77c7cbd2b0d666e1427bcb03{\npadding:40px 40px 40px 40px !important;\n}\n}\n<\/style>\n<div class='flex_cell av-64zqhn-fb4a6efb77c7cbd2b0d666e1427bcb03 av-gridrow-cell av_one_half no_margin  avia-builder-el-1  el_before_av_cell_one_half  avia-builder-el-first  banner-tekst content-align-middle'  ><div class='flex_cell_inner'>\n<style type=\"text\/css\" data-created_by=\"avia_inline_auto\" id=\"style-css-av-ln8li16k-1d825ca3ec37dd1e5ca34551fb06e450\">\n#top .av_textblock_section.av-ln8li16k-1d825ca3ec37dd1e5ca34551fb06e450 .avia_textblock{\nfont-size:22px;\ncolor:#ffffff;\n}\n<\/style>\n<section  class='av_textblock_section av-ln8li16k-1d825ca3ec37dd1e5ca34551fb06e450'   itemscope=\"itemscope\" itemtype=\"https:\/\/schema.org\/CreativeWork\" ><div class='avia_textblock av_inherit_color'  itemprop=\"text\" ><h1><span style=\"color: #ffffff;\">Peinture<\/span><\/h1>\n<p>Le bardage en bois offre un aspect unique et naturel qui s\u00e9duit de nombreuses personnes. Mais dans certains cas, la durabilit\u00e9 ou la couleur constituent un souhait encore plus grand. Si vous choisissez certains types de bois pour un usage ext\u00e9rieur, ils doivent \u00eatre trait\u00e9s pour am\u00e9liorer leur durabilit\u00e9. Mais la couleur ou la pr\u00e9servation de l\u2019essence de bois est \u00e9galement un aspect important. Il existe diff\u00e9rentes options pour les deux options. Une peinture filmog\u00e8ne est une option, mais un traitement (semi) transparent ou un ban Shou Sugi est \u00e9galement possible.<\/p>\n<\/div><\/section>\n<\/div><\/div>\n<style type=\"text\/css\" data-created_by=\"avia_inline_auto\" id=\"style-css-av-ln8liwad-bf22065879e5988bce11b235bb0592e0\">\n.flex_cell.av-ln8liwad-bf22065879e5988bce11b235bb0592e0{\nvertical-align:middle;\nheight:580px;\nmin-height:580px;\nbackground:url(https:\/\/europeeshout.bonsaidev.nl\/wp-content\/uploads\/2023\/08\/20220311_095958-1-scaled.jpg) 50% 50% no-repeat scroll ;\n}\n.responsive #top #wrap_all .flex_cell.av-ln8liwad-bf22065879e5988bce11b235bb0592e0{\npadding:60px 60px 60px 60px !important;\n}\n<\/style>\n<div class='flex_cell av-ln8liwad-bf22065879e5988bce11b235bb0592e0 av-gridrow-cell av_one_half no_margin  avia-builder-el-3  el_after_av_cell_one_half  avia-builder-el-last  banner-foto content-align-middle avia-full-stretch'  ><div class='flex_cell_inner'>\n<style type=\"text\/css\" data-created_by=\"avia_inline_auto\" id=\"style-css-av-434hgr-eee0d6324fc4d87e226a5c7dbfcfb40c\">\n.flex_column.av-434hgr-eee0d6324fc4d87e226a5c7dbfcfb40c{\nborder-width:1px;\nborder-color:#ffffff;\nborder-style:solid;\npadding:370px 30px 30px 30px;\n}\n<\/style>\n<div  class='flex_column av-434hgr-eee0d6324fc4d87e226a5c7dbfcfb40c av_one_half  avia-builder-el-4  avia-builder-el-no-sibling  first flex_column_div'     ><section  class='av_textblock_section av-2uwenf-63e76be1cc3bec8197b54fa6849bf5d9'   itemscope=\"itemscope\" itemtype=\"https:\/\/schema.org\/CreativeWork\" ><div class='avia_textblock toepassing-logo'  itemprop=\"text\" ><p><img loading=\"lazy\" decoding=\"async\" class=\"alignnone wp-image-3162 size-full\" src=\"https:\/\/www.boogaerdthout.nl\/wp-content\/uploads\/2023\/10\/verf.png\" alt=\"\" width=\"310\" height=\"89\" srcset=\"https:\/\/europeeshout.bonsaidev.nl\/wp-content\/uploads\/2023\/10\/verf.png 310w, https:\/\/europeeshout.bonsaidev.nl\/wp-content\/uploads\/2023\/10\/verf-300x86.png 300w\" sizes=\"auto, (max-width: 310px) 100vw, 310px\" \/><\/p>\n<\/div><\/section><\/div>\n<\/div><\/div>\n<\/div>\n<div id='av_section_1'  class='avia-section av-12mh3i-610ce12294cfbec14be2807c2860364f main_color avia-section-large avia-no-border-styling  avia-builder-el-6  el_after_av_layout_row  avia-builder-el-last  avia-bg-style-scroll container_wrap sidebar_right'  ><div class='container av-section-cont-open' ><div class='template-page content  av-content-small alpha units'><div class='post-entry post-entry-type-page post-entry-2811'><div class='entry-content-wrapper clearfix'>\n<div  class='flex_column av-ys1au-d5f10af7cea9246befb7baeb59eb286e av_two_third  avia-builder-el-7  el_before_av_one_third  avia-builder-el-first  first flex_column_div'     ><section  class='av_textblock_section av-ljzlxw9o-0e2227b383f0e55921219c865e74af58'   itemscope=\"itemscope\" itemtype=\"https:\/\/schema.org\/CreativeWork\" ><div class='avia_textblock'  itemprop=\"text\" ><h2>Peinture opaque pour une finition color\u00e9e<\/h2>\n<p>Divers traitements de couleur prolongent manifestement la dur\u00e9e de vie du bois, rendant l\u2019entretien moins fr\u00e9quent. Il existe diff\u00e9rents types de traitements au sein de la collection de couleurs. Deux des options sont : les syst\u00e8mes de peinture filmog\u00e8nes et un syst\u00e8me de peinture semi-transparent. Le choix d\u00e9pend en grande partie du type de bois et de vos souhaits. Diff\u00e9rentes couleurs sont disponibles. Ce traitement peut \u00eatre r\u00e9alis\u00e9 m\u00e9caniquement ou manuellement et n\u00e9cessite quelques travaux de finition lors de la pose. La dur\u00e9e d\u2019entretien ou de peinture est d\u2019environ 5 ans*.<\/p>\n<p><em>*Cela d\u00e9pend de l&#039;exposition aux influences m\u00e9t\u00e9orologiques, comme la pluie et le soleil, qui affectent directement la dur\u00e9e de vie du bois.<\/em><\/p>\n<\/div><\/section><br \/>\n\n<style type=\"text\/css\" data-created_by=\"avia_inline_auto\" id=\"style-css-av-bqii3-55afe2f614f82f4b6eb0bc0c0508fb5e\">\n#top .hr.hr-invisible.av-bqii3-55afe2f614f82f4b6eb0bc0c0508fb5e{\nheight:50px;\n}\n<\/style>\n<div  class='hr av-bqii3-55afe2f614f82f4b6eb0bc0c0508fb5e hr-invisible  avia-builder-el-9  el_after_av_textblock  el_before_av_textblock'><span class='hr-inner'><span class=\"hr-inner-style\"><\/span><\/span><\/div><br \/>\n<section  class='av_textblock_section av-lq0y3xaw-06af882b5d1c13faba85c1f0f8050a2e'   itemscope=\"itemscope\" itemtype=\"https:\/\/schema.org\/CreativeWork\" ><div class='avia_textblock'  itemprop=\"text\" ><h2>Filmog\u00e8ne ou non<\/h2>\n<p>Pour choisir entre des produits filmog\u00e8nes et non filmog\u00e8nes, il faut d\u2019abord conna\u00eetre la diff\u00e9rence. Bref, les produits filmog\u00e8nes cr\u00e9ent un film. En appliquant un film, le produit reste en surface comme une couche suppl\u00e9mentaire. S&#039;il ne forme pas de film, il est absorb\u00e9 par le bois et prot\u00e8ge ainsi le bois de l&#039;int\u00e9rieur.<\/p>\n<h3>Peinture filmog\u00e8ne<\/h3>\n<p>Les produits filmog\u00e8nes sont des produits qui forment une nouvelle couche sur le bois et prot\u00e8gent ainsi le bois des influences ext\u00e9rieures. Ceci s&#039;applique aux peintures et vernis. Ces produits sont id\u00e9aux pour la protection. Le gros avantage est que ces produits offrent \u00e9galement une couche suppl\u00e9mentaire de protection UV. Cela le rend plus r\u00e9sistant aux rayons du soleil br\u00fblants. La protection est g\u00e9n\u00e9ralement plus forte que celle des produits non filmog\u00e8nes. Ces produits conviennent particuli\u00e8rement aux essences de bois plus dures. Le vernis et la peinture sont plus susceptibles de se fissurer sur le bois tendre. S&#039;il est n\u00e9cessaire d&#039;appliquer une nouvelle couche de peinture au fil du temps, l&#039;ancienne couche de peinture doit d&#039;abord \u00eatre ponc\u00e9e. Cela entra\u00eenera un l\u00e9ger changement de couleur au fil du temps.<\/p>\n<h3>Non filmog\u00e8ne<\/h3>\n<p>Le produit ne formant pas de film, il p\u00e9n\u00e8tre profond\u00e9ment dans le bois et prot\u00e8ge votre bois de l&#039;int\u00e9rieur. Les produits non filmog\u00e8nes sont (la plupart des types) les colorants et les huiles horticoles. Ces produits sont tr\u00e8s faciles \u00e0 appliquer. Le gros avantage des produits non filmog\u00e8nes est que dans de nombreux cas ils am\u00e9liorent l\u2019aspect du bois. Le grain du bois reste clairement visible et le bois ne perd pas son caract\u00e8re. Il existe des variations claires et color\u00e9es. La protection de ces produits est l\u00e9g\u00e8rement inf\u00e9rieure \u00e0 celle des produits filmog\u00e8nes. Par exemple, il prot\u00e8ge dans une moindre mesure contre les rayons UV. Dans la plupart des cas, les taches sont plus r\u00e9sistantes que les huiles.<\/p>\n<\/div><\/section><br \/>\n\n<style type=\"text\/css\" data-created_by=\"avia_inline_auto\" id=\"style-css-av-1vp9d7-f3074c206aab02e3e5781db7768c4b11\">\n#top .hr.hr-invisible.av-1vp9d7-f3074c206aab02e3e5781db7768c4b11{\nheight:50px;\n}\n<\/style>\n<div  class='hr av-1vp9d7-f3074c206aab02e3e5781db7768c4b11 hr-invisible  avia-builder-el-11  el_after_av_textblock  el_before_av_textblock'><span class='hr-inner'><span class=\"hr-inner-style\"><\/span><\/span><\/div><br \/>\n<section  class='av_textblock_section av-lq0tqabj-c2177dd860d9ab8b4b3318b108b05b67'   itemscope=\"itemscope\" itemtype=\"https:\/\/schema.org\/CreativeWork\" ><div class='avia_textblock'  itemprop=\"text\" ><h2>Aspect naturel : AC Stain<\/h2>\n<p>Un exemple de syst\u00e8me de peinture non filmog\u00e8ne est l\u2019AC Stain. Si vous souhaitez mieux pr\u00e9server la couleur naturelle et l\u2019aspect chaleureux du bois, vous pouvez le faire avec une teinture AC. Avec AC Stain, le bois conserve plus longtemps sa couleur chaude d\u2019origine. Cette lasure mate contient, entre autres, un bloqueur UV et offre une protection contre les rayons UV, la salet\u00e9 et l&#039;humidit\u00e9. Apr\u00e8s l&#039;installation, il doit encore \u00eatre mis \u00e0 jour et dispose d&#039;un intervalle de maintenance d&#039;environ 4 \u00e0 5 ans*. Ce rev\u00eatement est connu sous le nom d\u2019AC Stain. Ce traitement peut \u00eatre utilis\u00e9 sur tous les types de bois, mais cette peinture appara\u00eet diff\u00e9remment sur chaque type de bois. Par exemple, la bonne solution doit \u00eatre consid\u00e9r\u00e9e pour chaque type de bois et chaque application.<\/p>\n<p>En raison de la fine couche de teinture d&#039;AC Stain et de la tendance d&#039;Accoya \u00e0 attirer les champignons en suspension dans l&#039;air, il est recommand\u00e9 d&#039;appliquer une couche suppl\u00e9mentaire anti-moisissure sur Accoya.<\/p>\n<\/div><\/section><br \/>\n<br \/>\n\n<style type=\"text\/css\" data-created_by=\"avia_inline_auto\" id=\"style-css-av-2o8cob-1a2ff4ca49c6869c2303d07df4b44219\">\n#top .hr.hr-invisible.av-2o8cob-1a2ff4ca49c6869c2303d07df4b44219{\nheight:50px;\n}\n<\/style>\n<div  class='hr av-2o8cob-1a2ff4ca49c6869c2303d07df4b44219 hr-invisible  avia-builder-el-14  el_after_av_masonry_gallery  el_before_av_textblock  avia-builder-el-first'><span class='hr-inner'><span class=\"hr-inner-style\"><\/span><\/span><\/div><br \/>\n<section  class='av_textblock_section av-ln08xs2t-4baf9435fce4468c595cb915fb339e6f'   itemscope=\"itemscope\" itemtype=\"https:\/\/schema.org\/CreativeWork\" ><div class='avia_textblock'  itemprop=\"text\" ><h2 id=\"shou-sugi-ban\">Shou Sugi Ban<\/h2>\n<p>Le Shou Sugi Ban, une technique japonaise ancienne, offre une fa\u00e7on unique de donner au bois une belle apparence. Le br\u00fbler au four cr\u00e9e une couche de carbone qui accentue la texture du bois. Ce proc\u00e9d\u00e9 est non toxique et respectueux de l&#039;environnement. Avec l&#039;ajout d&#039;une huile naturelle, d&#039;un vernis ou d&#039;une r\u00e9sine, le fini est stabilis\u00e9 sans tacher.<\/p>\n<p>Le bois Accoya\u00ae, avec ses propri\u00e9t\u00e9s durables et stables, est id\u00e9al pour les rev\u00eatements de fa\u00e7ade noirs et peut \u00eatre class\u00e9 en classe de durabilit\u00e9 1. Cela lui conf\u00e8re la note de durabilit\u00e9 la plus \u00e9lev\u00e9e.<\/p>\n<\/div><\/section><br \/>\n\n<style type=\"text\/css\" data-created_by=\"avia_inline_auto\" id=\"style-css-av-lnvgbo97-f71fc110892449068301cf2394e40886\">\n.avia-image-container.av-lnvgbo97-f71fc110892449068301cf2394e40886 img.avia_image{\nbox-shadow:none;\n}\n.avia-image-container.av-lnvgbo97-f71fc110892449068301cf2394e40886 .av-image-caption-overlay-center{\ncolor:#ffffff;\n}\n<\/style>\n<div  class='avia-image-container av-lnvgbo97-f71fc110892449068301cf2394e40886 av-styling- avia-align-center  avia-builder-el-16  el_after_av_textblock  avia-builder-el-last'   itemprop=\"image\" itemscope=\"itemscope\" itemtype=\"https:\/\/schema.org\/ImageObject\" ><div class=\"avia-image-container-inner\"><div class=\"avia-image-overlay-wrap\"><img decoding=\"async\" fetchpriority=\"high\" class='wp-image- avia-img-lazy-loading-not- avia_image' src=\"https:\/\/www.boogaerdthout.nl\/wp-content\/uploads\/2023\/06\/shou-sugi-ban-zwarte-gevelbekleding.jpg\" alt='' title=''   itemprop=\"thumbnailUrl\"  \/><\/div><\/div><\/div><\/p><\/div><div  class='flex_column av-h8a8u-44dd9c63ec2f295194774810235164f8 av_one_third  avia-builder-el-17  el_after_av_two_third  avia-builder-el-last  flex_column_div'     ><div  class='avia-builder-widget-area clearfix  avia-builder-el-18  avia-builder-el-no-sibling'><section id=\"avia_auto_toc-2\" class=\"widget clearfix avia-widget-container avia_auto_toc avia_no_block_preview\"><div class=\"avia-preview-headline\">Enfold Child Table des contenus<\/div><div class=\"avia-preview-info\">Titre : Contenu de la page<\/div><div class=\"avia-preview-in-front\">Le tableau n\u2019est pas la bonne affiche au moment de sa publication.<\/div><span class=\"seperator extralight-border\"><\/span><\/section><section id=\"text-7\" class=\"widget clearfix widget_text\"><h3 class=\"widgettitle\">Plus d&#039;information<\/h3>\t\t\t<div class=\"textwidget\"><ul>\n<li><a href=\"https:\/\/www.boogaerdthout.nl\/inspiratie\/kennisbank\/\">Base de connaissances<\/a><\/li>\n<li><a href=\"https:\/\/www.boogaerdthout.nl\/over-ons\/downloads\/\">T\u00e9l\u00e9chargements<\/a><\/li>\n<li><a href=\"https:\/\/www.boogaerdthout.nl\/inspiratie\/projecten\/\">Projets<\/a><\/li>\n<li><a href=\"https:\/\/www.boogaerdthout.nl\/profielen-gevelbekleding\/\">Profil\u00e9s rev\u00eatement de fa\u00e7ade<\/a><\/li>\n<li><a href=\"https:\/\/www.boogaerdthout.nl\/profielen-vlonders\/\">Profils de terrasse<\/a><\/li>\n<li><a href=\"https:\/\/www.boogaerdthout.nl\/over-ons\/behandelingen-van-hout\/\">Traitements du bois<\/a><\/li>\n<\/ul>\n<\/div>\n\t\t<span class=\"seperator extralight-border\"><\/span><\/section><section id=\"custom_html-2\" class=\"widget_text widget clearfix widget_custom_html\"><h3 class=\"widgettitle\">Pose ta question<\/h3><div class=\"textwidget custom-html-widget\">\n\n\t\t\n\t    \t    \n        <div class=\"cta-foto\">\n                    <\/div>\n        <div class=\"cta-info\">\n            <p>Lars Bastiaansen<\/p>\n            <p class=\"functie\">Directeur des ventes<\/p>\n            <p>0180-551 552<\/p>\n            <a href=\"\/fr\/contact\/\" class=\"avia-button avia-icon_select-no avia-size-small btn-side avia-position-left avia-color-theme-color\"><span class=\"avia_iconbox_title\">Envoyer un message<\/span><\/a>\n        <\/div>\n        \n\t\t\n\t\t\n<\/div><span class=\"seperator extralight-border\"><\/span><\/section><section id=\"text-2\" class=\"widget clearfix widget_text\">\t\t\t<div class=\"textwidget\"><div class=\"artikelen\">\n<h4>Articles de presse<\/h4>\n<p>\t\t\t\t\t\t\t<a href=\"https:\/\/europeeshout.bonsaidev.nl\/fr\/2020\/04\/20\/eiken-panelen\/\">\t<\/p>\n<div class=\"wrapper\">\n<div class=\"artikel-content\">\n<p>Panneaux de ch\u00eane<\/p>\n<\/div><\/div>\n<p>        <\/a><br \/>\n\t\t\t\t\t\t\t<a href=\"https:\/\/europeeshout.bonsaidev.nl\/fr\/2019\/10\/02\/eiken-blokhout-voor-zeer-interessante-prijzen\/\">\t<\/p>\n<div class=\"wrapper\">\n<div class=\"artikel-content\">\n<p>B\u00fbches de ch\u00eane \u00e0 des prix tr\u00e8s int\u00e9ressants<\/p>\n<\/div><\/div>\n<p>        <\/a><\/p><\/div>\n<\/div>\n\t\t<span class=\"seperator extralight-border\"><\/span><\/section><\/div><\/div><\/div><\/div><\/div><!-- close content main div --><\/div><\/div><div id='after_section_1'  class='main_color av_default_container_wrap container_wrap sidebar_right'  ><div class='container av-section-cont-open' ><div class='template-page content  av-content-small alpha units'><div class='post-entry post-entry-type-page post-entry-2811'><div class='entry-content-wrapper clearfix'>","protected":false},"excerpt":{"rendered":"","protected":false},"author":4,"featured_media":0,"parent":312,"menu_order":0,"comment_status":"closed","ping_status":"closed","template":"","meta":{"_acf_changed":false,"footnotes":""},"class_list":["post-2811","page","type-page","status-publish","hentry"],"acf":[],"yoast_head":"<!-- This site is optimized with the Yoast SEO plugin v27.4 - https:\/\/yoast.com\/product\/yoast-seo-wordpress\/ -->\n<title>Verf - Europees hout<\/title>\n<meta name=\"robots\" content=\"noindex, follow, max-snippet:-1, max-image-preview:large, max-video-preview:-1\" \/>\n<meta property=\"og:locale\" content=\"fr_FR\" \/>\n<meta property=\"og:type\" content=\"article\" \/>\n<meta property=\"og:title\" content=\"Verf - Europees hout\" \/>\n<meta property=\"og:url\" content=\"https:\/\/www.boogaerdthout.nl\/over-ons\/behandelingen-van-hout\/verf\/\" \/>\n<meta property=\"og:site_name\" content=\"Europees hout\" \/>\n<meta property=\"article:modified_time\" content=\"2024-09-19T08:29:43+00:00\" \/>\n<meta property=\"og:image\" content=\"https:\/\/www.boogaerdthout.nl\/wp-content\/uploads\/2023\/10\/verf.png\" \/>\n<meta name=\"twitter:label1\" content=\"Dur\u00e9e de lecture estim\u00e9e\" \/>\n\t<meta name=\"twitter:data1\" content=\"6 minutes\" \/>\n<script type=\"application\/ld+json\" class=\"yoast-schema-graph\">{\"@context\":\"https:\\\/\\\/schema.org\",\"@graph\":[{\"@type\":\"WebPage\",\"@id\":\"https:\\\/\\\/www.boogaerdthout.nl\\\/over-ons\\\/behandelingen-van-hout\\\/verf\\\/\",\"url\":\"https:\\\/\\\/www.boogaerdthout.nl\\\/over-ons\\\/behandelingen-van-hout\\\/verf\\\/\",\"name\":\"Verf - Europees hout\",\"isPartOf\":{\"@id\":\"https:\\\/\\\/www.boogaerdthout.nl\\\/#website\"},\"primaryImageOfPage\":{\"@id\":\"https:\\\/\\\/www.boogaerdthout.nl\\\/over-ons\\\/behandelingen-van-hout\\\/verf\\\/#primaryimage\"},\"image\":{\"@id\":\"https:\\\/\\\/www.boogaerdthout.nl\\\/over-ons\\\/behandelingen-van-hout\\\/verf\\\/#primaryimage\"},\"thumbnailUrl\":\"https:\\\/\\\/www.boogaerdthout.nl\\\/wp-content\\\/uploads\\\/2023\\\/10\\\/verf.png\",\"datePublished\":\"2023-09-26T11:38:51+00:00\",\"dateModified\":\"2024-09-19T08:29:43+00:00\",\"breadcrumb\":{\"@id\":\"https:\\\/\\\/www.boogaerdthout.nl\\\/over-ons\\\/behandelingen-van-hout\\\/verf\\\/#breadcrumb\"},\"inLanguage\":\"fr-FR\",\"potentialAction\":[{\"@type\":\"ReadAction\",\"target\":[\"https:\\\/\\\/www.boogaerdthout.nl\\\/over-ons\\\/behandelingen-van-hout\\\/verf\\\/\"]}]},{\"@type\":\"ImageObject\",\"inLanguage\":\"fr-FR\",\"@id\":\"https:\\\/\\\/www.boogaerdthout.nl\\\/over-ons\\\/behandelingen-van-hout\\\/verf\\\/#primaryimage\",\"url\":\"https:\\\/\\\/www.boogaerdthout.nl\\\/wp-content\\\/uploads\\\/2023\\\/10\\\/verf.png\",\"contentUrl\":\"https:\\\/\\\/www.boogaerdthout.nl\\\/wp-content\\\/uploads\\\/2023\\\/10\\\/verf.png\"},{\"@type\":\"BreadcrumbList\",\"@id\":\"https:\\\/\\\/www.boogaerdthout.nl\\\/over-ons\\\/behandelingen-van-hout\\\/verf\\\/#breadcrumb\",\"itemListElement\":[{\"@type\":\"ListItem\",\"position\":1,\"name\":\"Home\",\"item\":\"https:\\\/\\\/europeeshout.bonsaidev.nl\\\/home-2\\\/\"},{\"@type\":\"ListItem\",\"position\":2,\"name\":\"Over ons\",\"item\":\"https:\\\/\\\/www.boogaerdthout.nl\\\/over-ons\\\/\"},{\"@type\":\"ListItem\",\"position\":3,\"name\":\"Behandelingen van hout\",\"item\":\"https:\\\/\\\/www.boogaerdthout.nl\\\/over-ons\\\/behandelingen-van-hout\\\/\"},{\"@type\":\"ListItem\",\"position\":4,\"name\":\"Verf\"}]},{\"@type\":\"WebSite\",\"@id\":\"https:\\\/\\\/www.boogaerdthout.nl\\\/#website\",\"url\":\"https:\\\/\\\/www.boogaerdthout.nl\\\/\",\"name\":\"Europees hout\",\"description\":\"Koninklijke houthandel Boogaerdt B.V.\",\"potentialAction\":[{\"@type\":\"SearchAction\",\"target\":{\"@type\":\"EntryPoint\",\"urlTemplate\":\"https:\\\/\\\/www.boogaerdthout.nl\\\/?s={search_term_string}\"},\"query-input\":{\"@type\":\"PropertyValueSpecification\",\"valueRequired\":true,\"valueName\":\"search_term_string\"}}],\"inLanguage\":\"fr-FR\"}]}<\/script>\n<!-- \/ Yoast SEO plugin. -->","yoast_head_json":{"title":"Verf - Europees hout","robots":{"index":"noindex","follow":"follow","max-snippet":"max-snippet:-1","max-image-preview":"max-image-preview:large","max-video-preview":"max-video-preview:-1"},"og_locale":"fr_FR","og_type":"article","og_title":"Verf - Europees hout","og_url":"https:\/\/www.boogaerdthout.nl\/over-ons\/behandelingen-van-hout\/verf\/","og_site_name":"Europees hout","article_modified_time":"2024-09-19T08:29:43+00:00","og_image":[{"url":"https:\/\/www.boogaerdthout.nl\/wp-content\/uploads\/2023\/10\/verf.png","type":"","width":"","height":""}],"twitter_misc":{"Dur\u00e9e de lecture estim\u00e9e":"6 minutes"},"schema":{"@context":"https:\/\/schema.org","@graph":[{"@type":"WebPage","@id":"https:\/\/www.boogaerdthout.nl\/over-ons\/behandelingen-van-hout\/verf\/","url":"https:\/\/www.boogaerdthout.nl\/over-ons\/behandelingen-van-hout\/verf\/","name":"Verf - Europees hout","isPartOf":{"@id":"https:\/\/www.boogaerdthout.nl\/#website"},"primaryImageOfPage":{"@id":"https:\/\/www.boogaerdthout.nl\/over-ons\/behandelingen-van-hout\/verf\/#primaryimage"},"image":{"@id":"https:\/\/www.boogaerdthout.nl\/over-ons\/behandelingen-van-hout\/verf\/#primaryimage"},"thumbnailUrl":"https:\/\/www.boogaerdthout.nl\/wp-content\/uploads\/2023\/10\/verf.png","datePublished":"2023-09-26T11:38:51+00:00","dateModified":"2024-09-19T08:29:43+00:00","breadcrumb":{"@id":"https:\/\/www.boogaerdthout.nl\/over-ons\/behandelingen-van-hout\/verf\/#breadcrumb"},"inLanguage":"fr-FR","potentialAction":[{"@type":"ReadAction","target":["https:\/\/www.boogaerdthout.nl\/over-ons\/behandelingen-van-hout\/verf\/"]}]},{"@type":"ImageObject","inLanguage":"fr-FR","@id":"https:\/\/www.boogaerdthout.nl\/over-ons\/behandelingen-van-hout\/verf\/#primaryimage","url":"https:\/\/www.boogaerdthout.nl\/wp-content\/uploads\/2023\/10\/verf.png","contentUrl":"https:\/\/www.boogaerdthout.nl\/wp-content\/uploads\/2023\/10\/verf.png"},{"@type":"BreadcrumbList","@id":"https:\/\/www.boogaerdthout.nl\/over-ons\/behandelingen-van-hout\/verf\/#breadcrumb","itemListElement":[{"@type":"ListItem","position":1,"name":"Home","item":"https:\/\/europeeshout.bonsaidev.nl\/home-2\/"},{"@type":"ListItem","position":2,"name":"Over ons","item":"https:\/\/www.boogaerdthout.nl\/over-ons\/"},{"@type":"ListItem","position":3,"name":"Behandelingen van hout","item":"https:\/\/www.boogaerdthout.nl\/over-ons\/behandelingen-van-hout\/"},{"@type":"ListItem","position":4,"name":"Verf"}]},{"@type":"WebSite","@id":"https:\/\/www.boogaerdthout.nl\/#website","url":"https:\/\/www.boogaerdthout.nl\/","name":"Bois europ\u00e9en","description":"Entreprises commerciales Boogaerdt BV","potentialAction":[{"@type":"SearchAction","target":{"@type":"EntryPoint","urlTemplate":"https:\/\/www.boogaerdthout.nl\/?s={search_term_string}"},"query-input":{"@type":"PropertyValueSpecification","valueRequired":true,"valueName":"search_term_string"}}],"inLanguage":"fr-FR"}]}},"_links":{"self":[{"href":"https:\/\/europeeshout.bonsaidev.nl\/fr\/wp-json\/wp\/v2\/pages\/2811","targetHints":{"allow":["GET"]}}],"collection":[{"href":"https:\/\/europeeshout.bonsaidev.nl\/fr\/wp-json\/wp\/v2\/pages"}],"about":[{"href":"https:\/\/europeeshout.bonsaidev.nl\/fr\/wp-json\/wp\/v2\/types\/page"}],"author":[{"embeddable":true,"href":"https:\/\/europeeshout.bonsaidev.nl\/fr\/wp-json\/wp\/v2\/users\/4"}],"replies":[{"embeddable":true,"href":"https:\/\/europeeshout.bonsaidev.nl\/fr\/wp-json\/wp\/v2\/comments?post=2811"}],"version-history":[{"count":0,"href":"https:\/\/europeeshout.bonsaidev.nl\/fr\/wp-json\/wp\/v2\/pages\/2811\/revisions"}],"up":[{"embeddable":true,"href":"https:\/\/europeeshout.bonsaidev.nl\/fr\/wp-json\/wp\/v2\/pages\/312"}],"wp:attachment":[{"href":"https:\/\/europeeshout.bonsaidev.nl\/fr\/wp-json\/wp\/v2\/media?parent=2811"}],"curies":[{"name":"wp","href":"https:\/\/api.w.org\/{rel}","templated":true}]}}