{"id":913,"date":"2023-07-11T14:44:00","date_gmt":"2023-07-11T12:44:00","guid":{"rendered":"https:\/\/boogaerdthout.bonsaidev.nl\/?page_id=913"},"modified":"2026-01-23T12:09:55","modified_gmt":"2026-01-23T11:09:55","slug":"keilgezinktes-schichtholz","status":"publish","type":"page","link":"https:\/\/europeeshout.bonsaidev.nl\/de\/inspiratie\/kennisbank\/gevingerlast-gelamineerd-hout\/","title":{"rendered":"Keilverzinktes Schichtholz"},"content":{"rendered":"<div id='av-layout-grid-1'  class='av-layout-grid-container av-kg1m9-25d96ed8b6f5ca23564cf51e6cecee4c entry-content-wrapper main_color av-flex-cells  avia-builder-el-0  el_before_av_section  avia-builder-el-first   container_wrap sidebar_right'  >\n\n<style type=\"text\/css\" data-created_by=\"avia_inline_auto\" id=\"style-css-av-dw96x-7aa6184f97c7d5ddcf8bfb9f42c41fb4\">\n.flex_cell.av-dw96x-7aa6184f97c7d5ddcf8bfb9f42c41fb4{\nvertical-align:middle;\nheight:580px;\nmin-height:580px;\nbackground-color:#004629;\n}\n.responsive #top #wrap_all .flex_cell.av-dw96x-7aa6184f97c7d5ddcf8bfb9f42c41fb4{\npadding:2% 2% 2% 2% !important;\n}\n\n@media only screen and (min-width: 480px) and (max-width: 767px){ \n.responsive #top #wrap_all .flex_cell.av-dw96x-7aa6184f97c7d5ddcf8bfb9f42c41fb4{\npadding:40px 40px 40px 40px !important;\n}\n}\n\n@media only screen and (max-width: 479px){ \n.responsive #top #wrap_all .flex_cell.av-dw96x-7aa6184f97c7d5ddcf8bfb9f42c41fb4{\npadding:40px 40px 40px 40px !important;\n}\n}\n<\/style>\n<div class='flex_cell av-dw96x-7aa6184f97c7d5ddcf8bfb9f42c41fb4 av-gridrow-cell av_one_half no_margin  avia-builder-el-1  el_before_av_cell_one_half  avia-builder-el-first  banner-tekst content-align-middle'  ><div class='flex_cell_inner'>\n<style type=\"text\/css\" data-created_by=\"avia_inline_auto\" id=\"style-css-av-mj8k7c56-8366b51b8685571b1cd44d02c8c366de\">\n#top .av_textblock_section.av-mj8k7c56-8366b51b8685571b1cd44d02c8c366de .avia_textblock{\nfont-size:22px;\ncolor:#ffffff;\n}\n<\/style>\n<section  class='av_textblock_section av-mj8k7c56-8366b51b8685571b1cd44d02c8c366de'   itemscope=\"itemscope\" itemtype=\"https:\/\/schema.org\/CreativeWork\" ><div class='avia_textblock av_inherit_color'  itemprop=\"text\" ><h1>Europ\u00e4isches keilgezinktes Schichtholz<\/h1>\n<p data-path-to-node=\"6\"><span class=\"\">Suchen Sie die authentische Optik von Massivholz?,<\/span><span class=\"\"> aber mit der f\u00fcr moderne Bauprojekte erforderlichen technischen Perfektion?<\/span><span class=\"\"> Unser europ\u00e4isches, keilgezinktes Schichtholz bietet die ideale Balance.<\/span><span class=\"\"> Es handelt sich um eine innovative und nachhaltige Alternative zu Massivholzrahmen.,<\/span><span class=\"\"> speziell entwickelt, um Ausfallkosten zu senken und die Rendite zu steigern.<\/span><\/p>\n<p data-path-to-node=\"7\">Ob Sie ein hochwertiges Minihaus, ein Renovierungsprojekt oder ein gro\u00dffl\u00e4chiges Gewerbegeb\u00e4ude errichten \u2013 unser makelloses, stressarmes Holz bietet Ihnen Sicherheit.<\/p>\n<\/div><\/section><br \/>\n<div  class='avia-button-wrap av-mj8lk3vl-96dda753a7e9454e6706687d247446c3-wrap avia-button-left  avia-builder-el-3  el_after_av_textblock  avia-builder-el-last'><a href='https:\/\/europeeshout.bonsaidev.nl\/de\/short-contact\/'  class='avia-button av-mj8lk3vl-96dda753a7e9454e6706687d247446c3 av-link-btn avia-icon_select-no avia-size-small avia-position-left avia-color-theme-color-subtle'   aria-label=\"kontaktiere mich\"><span class='avia_iconbox_title' >kontaktiere mich<\/span><\/a><\/div><\/p>\n<\/div><\/div>\n<style type=\"text\/css\" data-created_by=\"avia_inline_auto\" id=\"style-css-av-mj8k2n05-2a88ede09b3681229102609274505223\">\n.flex_cell.av-mj8k2n05-2a88ede09b3681229102609274505223{\nvertical-align:middle;\nheight:580px;\nmin-height:580px;\nbackground:url(https:\/\/europeeshout.bonsaidev.nl\/wp-content\/uploads\/2023\/08\/20230404_110448-e1693386528104-1030x868.jpg) 50% 50% no-repeat scroll ;\n}\n.responsive #top #wrap_all .flex_cell.av-mj8k2n05-2a88ede09b3681229102609274505223{\npadding:60px 60px 60px 60px !important;\n}\n<\/style>\n<div class='flex_cell av-mj8k2n05-2a88ede09b3681229102609274505223 av-gridrow-cell av_one_half no_margin  avia-builder-el-4  el_after_av_cell_one_half  avia-builder-el-last  banner-foto content-align-middle avia-full-stretch'  ><div class='flex_cell_inner'>\n<style type=\"text\/css\" data-created_by=\"avia_inline_auto\" id=\"style-css-av-bmldl-acff8aa38e161c0d44f34b61d3b2a438\">\n.flex_column.av-bmldl-acff8aa38e161c0d44f34b61d3b2a438{\nborder-width:1px;\nborder-color:#ffffff;\nborder-style:solid;\npadding:370px 30px 30px 30px;\n}\n<\/style>\n<div  class='flex_column av-bmldl-acff8aa38e161c0d44f34b61d3b2a438 av_one_half  avia-builder-el-5  avia-builder-el-no-sibling  first flex_column_div'     ><section  class='av_textblock_section av-mj8k49yu-30d14ede545e95554f16be47710737f9'   itemscope=\"itemscope\" itemtype=\"https:\/\/schema.org\/CreativeWork\" ><div class='avia_textblock toepassing-logo'  itemprop=\"text\" ><p><img loading=\"lazy\" decoding=\"async\" class=\"alignleft wp-image-2012\" src=\"https:\/\/www.boogaerdthout.nl\/wp-content\/uploads\/2023\/08\/natuurlijk-hout.png\" alt=\"Logo Naturholz\" width=\"230\" height=\"44\" \/><\/p>\n<\/div><\/section><\/div>\n<\/div><\/div><\/div><div id='av_section_1'  class='avia-section av-302689-72011d8e88618f4108430ce52c7a9c5a main_color avia-section-large avia-no-border-styling  avia-builder-el-7  el_after_av_layout_row  avia-builder-el-last  avia-bg-style-scroll container_wrap sidebar_right'  ><div class='container av-section-cont-open' ><div class='template-page content  av-content-small alpha units'><div class='post-entry post-entry-type-page post-entry-913'><div class='entry-content-wrapper clearfix'>\n<div  class='flex_column av-2yempl-b0dfc9fe398e7a918ae8675fd90fa0a4 av_two_third  avia-builder-el-8  el_before_av_one_third  avia-builder-el-first  first flex_column_div'     ><section  class='av_textblock_section av-ljya4rls-51f0f99480e13ea939a9f9a0d3225cb7'   itemscope=\"itemscope\" itemtype=\"https:\/\/schema.org\/CreativeWork\" ><div class='avia_textblock'  itemprop=\"text\" ><h2 data-path-to-node=\"13\">Beschikbare houtsoorten &amp; specificaties<\/h2>\n<p data-path-to-node=\"13\">Wir haben unser Sortiment speziell auf die Bed\u00fcrfnisse von Tischlereien und Innenausbauern zugeschnitten.<\/p>\n<ul>\n<li data-path-to-node=\"13\"><span style=\"text-decoration: underline;\">Europ\u00e4ische Eiche:<\/span> Der Klassiker f\u00fcr robuste Rahmen mit Charakter.<\/li>\n<li data-path-to-node=\"13\"><span style=\"text-decoration: underline;\">Europ\u00e4ische Buche<\/span>: Hart, verschlei\u00dffest und perfekt f\u00fcr Innenanwendungen.<\/li>\n<li data-path-to-node=\"13\"><span style=\"text-decoration: underline;\">Europ\u00e4isches Essen:<\/span> Hell in der Farbe mit einem wundersch\u00f6nen Flammenmuster.<\/li>\n<\/ul>\n<\/div><\/section><br \/>\n<div  class='avia-button-wrap av-ljya7lib-4c463c9c04cd17adbcf9a0c297627cb2-wrap avia-button-left  avia-builder-el-10  el_after_av_textblock  el_before_av_button'><a href='https:\/\/www.boogaerdthout.nl\/wp-content\/uploads\/2023\/07\/Eiken-lam-BGH.pdf'  class='avia-button av-ljya7lib-4c463c9c04cd17adbcf9a0c297627cb2 av-link-btn avia-icon_select-no avia-size-small avia-position-left avia-color-theme-color'  target=\"_blank\"  rel=\"noopener noreferrer\"  aria-label=\"Europ\u00e4ische Eiche\"><span class='avia_iconbox_title' >Europ\u00e4ische Eiche<\/span><\/a><\/div><br \/>\n<div  class='avia-button-wrap av-ljya7tdm-69685bb15e2b2ccb8c180ee6dbb7ecb8-wrap avia-button-left  avia-builder-el-11  el_after_av_button  el_before_av_button'><a href='https:\/\/www.boogaerdthout.nl\/wp-content\/uploads\/2023\/07\/Beuken-lam-BGH.pdf'  class='avia-button av-ljya7tdm-69685bb15e2b2ccb8c180ee6dbb7ecb8 av-link-btn avia-icon_select-no avia-size-small avia-position-left avia-color-theme-color'  target=\"_blank\"  rel=\"noopener noreferrer\"  aria-label=\"Europ\u00e4ische Buche\"><span class='avia_iconbox_title' >Europ\u00e4ische Buche<\/span><\/a><\/div><br \/>\n<div  class='avia-button-wrap av-ljya7pow-5c7a636783b70b64b478d214da6bd9c5-wrap avia-button-left  avia-builder-el-12  el_after_av_button  el_before_av_hr'><a href='https:\/\/www.boogaerdthout.nl\/wp-content\/uploads\/2023\/07\/Essen-lam-BGH.pdf'  class='avia-button av-ljya7pow-5c7a636783b70b64b478d214da6bd9c5 av-link-btn avia-icon_select-no avia-size-small avia-position-left avia-color-theme-color'  target=\"_blank\"  rel=\"noopener noreferrer\"  aria-label=\"Europ\u00e4isches Essen\"><span class='avia_iconbox_title' >Europ\u00e4isches Essen<\/span><\/a><\/div><br \/>\n\n<style type=\"text\/css\" data-created_by=\"avia_inline_auto\" id=\"style-css-av-aux8h-6912d4178ccb19286ec3f461adf8d929\">\n#top .hr.hr-invisible.av-aux8h-6912d4178ccb19286ec3f461adf8d929{\nheight:50px;\n}\n<\/style>\n<div  class='hr av-aux8h-6912d4178ccb19286ec3f461adf8d929 hr-invisible  avia-builder-el-13  el_after_av_button  el_before_av_textblock'><span class='hr-inner'><span class=\"hr-inner-style\"><\/span><\/span><\/div><br \/>\n<section  class='av_textblock_section av-ljya5f92-098484e248a25ee4a15da12a09a4e847'   itemscope=\"itemscope\" itemtype=\"https:\/\/schema.org\/CreativeWork\" ><div class='avia_textblock'  itemprop=\"text\" ><h2>Warum sollte man sich f\u00fcr keilgezinktes Schichtholz entscheiden?<\/h2>\n<p>Massivholz ist wundersch\u00f6n, doch aufgrund von Knappheit und Preisschwankungen kann es mitunter schwierig zu beschaffen sein. Unsere Laminatholz-Serie bietet die perfekte L\u00f6sung, ohne Kompromisse bei der \u00c4sthetik einzugehen. Durch die geschickte Verklebung europ\u00e4ischer Holzarten schaffen wir ein Produkt, das st\u00e4rker und formstabiler ist als Naturholz selbst.<\/p>\n<p>Die 6 Vorteile in Folge<\/p>\n<ul>\n<li><strong>\u00c4sthetische Perfektion<\/strong>Die \u00e4u\u00dferen Lamellen sind garantiert frei von Spinnmilben. Sie erhalten ein elegantes und gleichm\u00e4\u00dfiges Erscheinungsbild, ideal f\u00fcr sichtbare Arbeiten.<\/li>\n<li><strong>Bereit zur Bearbeitung<\/strong>Das Holz ist an vier Seiten kalibriert und sofort einsatzbereit. Sie sparen Zeit bei der Vorbearbeitung.<\/li>\n<li><strong>Maximale Stabilit\u00e4t<\/strong>Dank der vertikalen Konstruktion, der Fingerzinkenverbindung und der Verleimung werden Spannungen und Verzug praktisch eliminiert.<\/li>\n<li><strong>Hohe Effizienz:<\/strong> Da das Holz makellos geliefert wird, entsteht praktisch kein Restm\u00fcll. Dies reduziert die Anschaffungs- und Entsorgungskosten erheblich.<\/li>\n<li><strong>Europ\u00e4ischer Ursprung:<\/strong> Eine verantwortungsvolle Wahl mit geringerem CO2-Fu\u00dfabdruck durch den Einkauf bei europ\u00e4ischen Anbietern.<\/li>\n<\/ul>\n<\/div><\/section><br \/>\n\n<style type=\"text\/css\" data-created_by=\"avia_inline_auto\" id=\"style-css-av-80ii9-7a8b443483bf5a07782d2273ad194bbf\">\n#top .hr.hr-invisible.av-80ii9-7a8b443483bf5a07782d2273ad194bbf{\nheight:50px;\n}\n<\/style>\n<div  class='hr av-80ii9-7a8b443483bf5a07782d2273ad194bbf hr-invisible  avia-builder-el-15  el_after_av_textblock  el_before_av_textblock'><span class='hr-inner'><span class=\"hr-inner-style\"><\/span><\/span><\/div><br \/>\n<section  class='av_textblock_section av-ljya98im-055e2c4c2cee9411be940c7068579d63'   itemscope=\"itemscope\" itemtype=\"https:\/\/schema.org\/CreativeWork\" ><div class='avia_textblock'  itemprop=\"text\" ><h2>Actuele voorraad &amp; maatvoering direct leverbaar voor uw project.<\/h2>\n<\/div><\/section><br \/>\n<div class='avia-data-table-wrap av-22fdht-dfa879ff79f9a18b21d3ae58b795b395 avia_responsive_table avia-table-1'><table  class='avia-table avia-data-table avia_pricing_default  avia-builder-el-17  el_after_av_textblock  el_before_av_hr'  itemscope=\"itemscope\" itemtype=\"https:\/\/schema.org\/Table\" ><tbody><tr class='avia-heading-row'><th class='avia-desc-col'><\/th><th class=''>Dicke x Breite (in mm)<\/th><\/tr><tr class=''><th class='avia-desc-col'><strong>Kopfgr\u00f6\u00dfen<\/strong><\/th><td class=''>63x145mm<br \/>\n72 x 120 mm \u2013 72 x 145 mm<br \/>\n96 x 120 mm \u2013 96 x 145 mm<\/td><\/tr><tr class=''><th class='avia-desc-col'><strong>L\u00e4nge<\/strong><\/th><td class=''>600 cm<\/td><\/tr><tr class=''><th class='avia-desc-col'><strong>Zertifizierung<\/strong><\/th><td class=''>FSC\u00ae 100%<\/td><\/tr><\/tbody><\/table><\/div><style type='text\/css'>.avia-table-1 td:nth-of-type(0):before { content: ''; } .avia-table-1 td:nth-of-type(1):before { content: 'Dikte x breedte (in mm)'; } <\/style><br \/>\n\n<style type=\"text\/css\" data-created_by=\"avia_inline_auto\" id=\"style-css-av-d708p-d62f16e0c36065447b6eccaaed0c3ebf\">\n#top .hr.hr-invisible.av-d708p-d62f16e0c36065447b6eccaaed0c3ebf{\nheight:50px;\n}\n<\/style>\n<div  class='hr av-d708p-d62f16e0c36065447b6eccaaed0c3ebf hr-invisible  avia-builder-el-18  el_after_av_table  el_before_av_textblock'><span class='hr-inner'><span class=\"hr-inner-style\"><\/span><\/span><\/div><br \/>\n<section  class='av_textblock_section av-mj8kxowk-7e3220b9d3fac8c08187ceba111d47f4'   itemscope=\"itemscope\" itemtype=\"https:\/\/schema.org\/CreativeWork\" ><div class='avia_textblock'  itemprop=\"text\" ><h2>H\u00e4ufig gestellte Fragen zu keilgezinktem europ\u00e4ischem Holz<\/h2>\n<h4 data-path-to-node=\"22\">Ist die Fingergelenkung bei transparentem Lack sichtbar?<\/h4>\n<p data-path-to-node=\"22\"><i>Ja, bei einer transparenten Lackierung sind die Fingerzinkenverbindungen und die Lamellenstruktur sichtbar. Dies verleiht dem Holz eine technisch anspruchsvolle und moderne Optik. Bei einer deckenden Lackierung ist die Oberfl\u00e4che vollkommen glatt und ebenm\u00e4\u00dfig.<\/i><\/p>\n<h4 data-path-to-node=\"23\">Was bedeutet D4-Bindung?<\/h4>\n<p data-path-to-node=\"23\"><i>D4 ist die h\u00f6chste Qualit\u00e4tsstufe f\u00fcr Holzleim in nichttragenden Konstruktionen. Das bedeutet, dass die Verklebung h\u00e4ufigem Kontakt mit flie\u00dfendem Wasser oder Kondenswasser standh\u00e4lt. Ideal f\u00fcr Innenfensterrahmen (vorausgesetzt, diese sind fachgerecht behandelt).<\/i><\/p>\n<\/div><\/section><\/p><\/div><div  class='flex_column av-1gfa1-03eb50077375855486fa01219a626e44 av_one_third  avia-builder-el-20  el_after_av_two_third  avia-builder-el-last  flex_column_div'     ><div  class='avia-builder-widget-area clearfix  avia-builder-el-21  avia-builder-el-no-sibling'><section id=\"avia_auto_toc-2\" class=\"widget clearfix avia-widget-container avia_auto_toc avia_no_block_preview\"><div class=\"avia-preview-headline\">Enfold Child-Inhaltsverzeichnis<\/div><div class=\"avia-preview-info\">Titel: Seiteninhalt<\/div><div class=\"avia-preview-in-front\">Die Tabelle kann nur im Frontend gerendert werden.<\/div><span class=\"seperator extralight-border\"><\/span><\/section><section id=\"text-7\" class=\"widget clearfix widget_text\"><h3 class=\"widgettitle\">Mehr Informationen<\/h3>\t\t\t<div class=\"textwidget\"><ul>\n<li><a href=\"https:\/\/www.boogaerdthout.nl\/inspiratie\/kennisbank\/\">Wissensbasis<\/a><\/li>\n<li><a href=\"https:\/\/www.boogaerdthout.nl\/over-ons\/downloads\/\">Herunterladen<\/a><\/li>\n<li><a href=\"https:\/\/www.boogaerdthout.nl\/inspiratie\/projecten\/\">Projekte<\/a><\/li>\n<li><a href=\"https:\/\/www.boogaerdthout.nl\/profielen-gevelbekleding\/\">Profile f\u00fcr Fassadenverkleidung<\/a><\/li>\n<li><a href=\"https:\/\/www.boogaerdthout.nl\/profielen-vlonders\/\">Terrassenprofile<\/a><\/li>\n<li><a href=\"https:\/\/www.boogaerdthout.nl\/over-ons\/behandelingen-van-hout\/\">Holzbehandlungen<\/a><\/li>\n<\/ul>\n<\/div>\n\t\t<span class=\"seperator extralight-border\"><\/span><\/section><section id=\"custom_html-2\" class=\"widget_text widget clearfix widget_custom_html\"><h3 class=\"widgettitle\">Stell deine Frage<\/h3><div class=\"textwidget custom-html-widget\">\n\n\t\t\n\t    \t    \n        <div class=\"cta-foto\">\n                    <\/div>\n        <div class=\"cta-info\">\n            <p>Lars Bastiaansen<\/p>\n            <p class=\"functie\">Verkaufsleiter<\/p>\n            <p>0180-551 552<\/p>\n            <a href=\"\/de\/kontakt\/\" class=\"avia-button avia-icon_select-no avia-size-small btn-side avia-position-left avia-color-theme-color\"><span class=\"avia_iconbox_title\">Eine Nachricht schicken<\/span><\/a>\n        <\/div>\n        \n\t\t\n\t\t\n<\/div><span class=\"seperator extralight-border\"><\/span><\/section><section id=\"text-2\" class=\"widget clearfix widget_text\">\t\t\t<div class=\"textwidget\"><div class=\"artikelen\">\n<h4>Zeitungsartikel<\/h4>\n<p>\t\t\t\t\t\t\t<a href=\"https:\/\/europeeshout.bonsaidev.nl\/de\/2020\/04\/20\/eiken-panelen\/\">\t<\/p>\n<div class=\"wrapper\">\n<div class=\"artikel-content\">\n<p>Eichenholzplatten<\/p>\n<\/div><\/div>\n<p>        <\/a><br \/>\n\t\t\t\t\t\t\t<a href=\"https:\/\/europeeshout.bonsaidev.nl\/de\/2019\/10\/02\/eiken-blokhout-voor-zeer-interessante-prijzen\/\">\t<\/p>\n<div class=\"wrapper\">\n<div class=\"artikel-content\">\n<p>Eichenstammholz zu sehr interessanten Preisen<\/p>\n<\/div><\/div>\n<p>        <\/a><\/p><\/div>\n<\/div>\n\t\t<span class=\"seperator extralight-border\"><\/span><\/section><\/div><\/div>\n<\/div><\/div><\/div><!-- close content main div --><\/div><\/div><div id='after_section_1'  class='main_color av_default_container_wrap container_wrap sidebar_right'  ><div class='container av-section-cont-open' ><div class='template-page content  av-content-small alpha units'><div class='post-entry post-entry-type-page post-entry-913'><div class='entry-content-wrapper clearfix'><\/p>","protected":false},"excerpt":{"rendered":"","protected":false},"author":3,"featured_media":0,"parent":224,"menu_order":0,"comment_status":"closed","ping_status":"closed","template":"","meta":{"_acf_changed":false,"footnotes":""},"class_list":["post-913","page","type-page","status-publish","hentry"],"acf":[],"yoast_head":"<!-- This site is optimized with the Yoast SEO plugin v27.4 - https:\/\/yoast.com\/product\/yoast-seo-wordpress\/ -->\n<title>Gevingerlast gelamineerd hout voor kozijnen | Eiken, Essen &amp; Beuken Europees hout<\/title>\n<meta name=\"description\" content=\"Op zoek naar duurzaam kozijnhout? Ontdek ons Europees gevingerlast gelamineerd hout. Foutvrij, D4 verlijmd en direct beschikbaar in Eiken, Essen en Beuken\" \/>\n<meta name=\"robots\" content=\"noindex, follow, max-snippet:-1, max-image-preview:large, max-video-preview:-1\" \/>\n<meta property=\"og:locale\" content=\"de_DE\" \/>\n<meta property=\"og:type\" content=\"article\" \/>\n<meta property=\"og:title\" content=\"Gevingerlast gelamineerd hout voor kozijnen | Eiken, Essen &amp; Beuken Europees hout\" \/>\n<meta property=\"og:description\" content=\"Op zoek naar duurzaam kozijnhout? Ontdek ons Europees gevingerlast gelamineerd hout. Foutvrij, D4 verlijmd en direct beschikbaar in Eiken, Essen en Beuken\" \/>\n<meta property=\"og:url\" content=\"https:\/\/europeeshout.bonsaidev.nl\/de\/inspiration\/wissensbasis\/keilgezinktes-schichtholz\/\" \/>\n<meta property=\"og:site_name\" content=\"Europees hout\" \/>\n<meta property=\"article:modified_time\" content=\"2026-01-23T11:09:55+00:00\" \/>\n<meta property=\"og:image\" content=\"https:\/\/www.boogaerdthout.nl\/wp-content\/uploads\/2023\/08\/Boogaerdt-thumb-houtsoort-eiken.jpg\" \/>\n\t<meta property=\"og:image:width\" content=\"572\" \/>\n\t<meta property=\"og:image:height\" content=\"500\" \/>\n\t<meta property=\"og:image:type\" content=\"image\/jpeg\" \/>\n<meta name=\"twitter:label1\" content=\"Gesch\u00e4tzte Lesezeit\" \/>\n\t<meta name=\"twitter:data1\" content=\"4\u00a0Minuten\" \/>\n<script type=\"application\/ld+json\" class=\"yoast-schema-graph\">{\"@context\":\"https:\\\/\\\/schema.org\",\"@graph\":[{\"@type\":\"WebPage\",\"@id\":\"https:\\\/\\\/europeeshout.bonsaidev.nl\\\/inspiratie\\\/kennisbank\\\/gevingerlast-gelamineerd-hout\\\/\",\"url\":\"https:\\\/\\\/europeeshout.bonsaidev.nl\\\/inspiratie\\\/kennisbank\\\/gevingerlast-gelamineerd-hout\\\/\",\"name\":\"Gevingerlast gelamineerd hout voor kozijnen | Eiken, Essen & Beuken Europees hout\",\"isPartOf\":{\"@id\":\"https:\\\/\\\/www.boogaerdthout.nl\\\/#website\"},\"primaryImageOfPage\":{\"@id\":\"https:\\\/\\\/europeeshout.bonsaidev.nl\\\/inspiratie\\\/kennisbank\\\/gevingerlast-gelamineerd-hout\\\/#primaryimage\"},\"image\":{\"@id\":\"https:\\\/\\\/europeeshout.bonsaidev.nl\\\/inspiratie\\\/kennisbank\\\/gevingerlast-gelamineerd-hout\\\/#primaryimage\"},\"thumbnailUrl\":\"https:\\\/\\\/www.boogaerdthout.nl\\\/wp-content\\\/uploads\\\/2023\\\/08\\\/natuurlijk-hout.png\",\"datePublished\":\"2023-07-11T12:44:00+00:00\",\"dateModified\":\"2026-01-23T11:09:55+00:00\",\"description\":\"Op zoek naar duurzaam kozijnhout? Ontdek ons Europees gevingerlast gelamineerd hout. Foutvrij, D4 verlijmd en direct beschikbaar in Eiken, Essen en Beuken\",\"breadcrumb\":{\"@id\":\"https:\\\/\\\/europeeshout.bonsaidev.nl\\\/inspiratie\\\/kennisbank\\\/gevingerlast-gelamineerd-hout\\\/#breadcrumb\"},\"inLanguage\":\"de\",\"potentialAction\":[{\"@type\":\"ReadAction\",\"target\":[\"https:\\\/\\\/europeeshout.bonsaidev.nl\\\/inspiratie\\\/kennisbank\\\/gevingerlast-gelamineerd-hout\\\/\"]}]},{\"@type\":\"ImageObject\",\"inLanguage\":\"de\",\"@id\":\"https:\\\/\\\/europeeshout.bonsaidev.nl\\\/inspiratie\\\/kennisbank\\\/gevingerlast-gelamineerd-hout\\\/#primaryimage\",\"url\":\"https:\\\/\\\/www.boogaerdthout.nl\\\/wp-content\\\/uploads\\\/2023\\\/08\\\/natuurlijk-hout.png\",\"contentUrl\":\"https:\\\/\\\/www.boogaerdthout.nl\\\/wp-content\\\/uploads\\\/2023\\\/08\\\/natuurlijk-hout.png\"},{\"@type\":\"BreadcrumbList\",\"@id\":\"https:\\\/\\\/europeeshout.bonsaidev.nl\\\/inspiratie\\\/kennisbank\\\/gevingerlast-gelamineerd-hout\\\/#breadcrumb\",\"itemListElement\":[{\"@type\":\"ListItem\",\"position\":1,\"name\":\"Home\",\"item\":\"https:\\\/\\\/europeeshout.bonsaidev.nl\\\/home-2\\\/\"},{\"@type\":\"ListItem\",\"position\":2,\"name\":\"Inspiratie\",\"item\":\"https:\\\/\\\/europeeshout.bonsaidev.nl\\\/inspiratie\\\/\"},{\"@type\":\"ListItem\",\"position\":3,\"name\":\"Kennisbank\",\"item\":\"https:\\\/\\\/europeeshout.bonsaidev.nl\\\/inspiratie\\\/kennisbank\\\/\"},{\"@type\":\"ListItem\",\"position\":4,\"name\":\"Gevingerlast gelamineerd hout\"}]},{\"@type\":\"WebSite\",\"@id\":\"https:\\\/\\\/www.boogaerdthout.nl\\\/#website\",\"url\":\"https:\\\/\\\/www.boogaerdthout.nl\\\/\",\"name\":\"Europees hout\",\"description\":\"Koninklijke houthandel Boogaerdt B.V.\",\"potentialAction\":[{\"@type\":\"SearchAction\",\"target\":{\"@type\":\"EntryPoint\",\"urlTemplate\":\"https:\\\/\\\/www.boogaerdthout.nl\\\/?s={search_term_string}\"},\"query-input\":{\"@type\":\"PropertyValueSpecification\",\"valueRequired\":true,\"valueName\":\"search_term_string\"}}],\"inLanguage\":\"de\"}]}<\/script>\n<!-- \/ Yoast SEO plugin. -->","yoast_head_json":{"title":"Gevingerlast gelamineerd hout voor kozijnen | Eiken, Essen & Beuken Europees hout","description":"Suchen Sie nachhaltige Fensterrahmen? Entdecken Sie unser europ\u00e4isches, keilgezinktes Brettschichtholz. Makellos, D4-verleimt und sofort in Eiche, Esche und Buche erh\u00e4ltlich.","robots":{"index":"noindex","follow":"follow","max-snippet":"max-snippet:-1","max-image-preview":"max-image-preview:large","max-video-preview":"max-video-preview:-1"},"og_locale":"de_DE","og_type":"article","og_title":"Gevingerlast gelamineerd hout voor kozijnen | Eiken, Essen & Beuken Europees hout","og_description":"Op zoek naar duurzaam kozijnhout? Ontdek ons Europees gevingerlast gelamineerd hout. Foutvrij, D4 verlijmd en direct beschikbaar in Eiken, Essen en Beuken","og_url":"https:\/\/europeeshout.bonsaidev.nl\/de\/inspiration\/wissensbasis\/keilgezinktes-schichtholz\/","og_site_name":"Europees hout","article_modified_time":"2026-01-23T11:09:55+00:00","og_image":[{"width":572,"height":500,"url":"https:\/\/www.boogaerdthout.nl\/wp-content\/uploads\/2023\/08\/Boogaerdt-thumb-houtsoort-eiken.jpg","type":"image\/jpeg"}],"twitter_misc":{"Gesch\u00e4tzte Lesezeit":"4\u00a0Minuten"},"schema":{"@context":"https:\/\/schema.org","@graph":[{"@type":"WebPage","@id":"https:\/\/europeeshout.bonsaidev.nl\/inspiratie\/kennisbank\/gevingerlast-gelamineerd-hout\/","url":"https:\/\/europeeshout.bonsaidev.nl\/inspiratie\/kennisbank\/gevingerlast-gelamineerd-hout\/","name":"Gevingerlast gelamineerd hout voor kozijnen | Eiken, Essen & Beuken Europees hout","isPartOf":{"@id":"https:\/\/www.boogaerdthout.nl\/#website"},"primaryImageOfPage":{"@id":"https:\/\/europeeshout.bonsaidev.nl\/inspiratie\/kennisbank\/gevingerlast-gelamineerd-hout\/#primaryimage"},"image":{"@id":"https:\/\/europeeshout.bonsaidev.nl\/inspiratie\/kennisbank\/gevingerlast-gelamineerd-hout\/#primaryimage"},"thumbnailUrl":"https:\/\/www.boogaerdthout.nl\/wp-content\/uploads\/2023\/08\/natuurlijk-hout.png","datePublished":"2023-07-11T12:44:00+00:00","dateModified":"2026-01-23T11:09:55+00:00","description":"Suchen Sie nachhaltige Fensterrahmen? Entdecken Sie unser europ\u00e4isches, keilgezinktes Brettschichtholz. Makellos, D4-verleimt und sofort in Eiche, Esche und Buche erh\u00e4ltlich.","breadcrumb":{"@id":"https:\/\/europeeshout.bonsaidev.nl\/inspiratie\/kennisbank\/gevingerlast-gelamineerd-hout\/#breadcrumb"},"inLanguage":"de","potentialAction":[{"@type":"ReadAction","target":["https:\/\/europeeshout.bonsaidev.nl\/inspiratie\/kennisbank\/gevingerlast-gelamineerd-hout\/"]}]},{"@type":"ImageObject","inLanguage":"de","@id":"https:\/\/europeeshout.bonsaidev.nl\/inspiratie\/kennisbank\/gevingerlast-gelamineerd-hout\/#primaryimage","url":"https:\/\/www.boogaerdthout.nl\/wp-content\/uploads\/2023\/08\/natuurlijk-hout.png","contentUrl":"https:\/\/www.boogaerdthout.nl\/wp-content\/uploads\/2023\/08\/natuurlijk-hout.png"},{"@type":"BreadcrumbList","@id":"https:\/\/europeeshout.bonsaidev.nl\/inspiratie\/kennisbank\/gevingerlast-gelamineerd-hout\/#breadcrumb","itemListElement":[{"@type":"ListItem","position":1,"name":"Home","item":"https:\/\/europeeshout.bonsaidev.nl\/home-2\/"},{"@type":"ListItem","position":2,"name":"Inspiratie","item":"https:\/\/europeeshout.bonsaidev.nl\/inspiratie\/"},{"@type":"ListItem","position":3,"name":"Kennisbank","item":"https:\/\/europeeshout.bonsaidev.nl\/inspiratie\/kennisbank\/"},{"@type":"ListItem","position":4,"name":"Gevingerlast gelamineerd hout"}]},{"@type":"WebSite","@id":"https:\/\/www.boogaerdthout.nl\/#website","url":"https:\/\/www.boogaerdthout.nl\/","name":"Europ\u00e4isches Holz","description":"Koninklijke houthandel Boogaerdt BV","potentialAction":[{"@type":"SearchAction","target":{"@type":"EntryPoint","urlTemplate":"https:\/\/www.boogaerdthout.nl\/?s={search_term_string}"},"query-input":{"@type":"PropertyValueSpecification","valueRequired":true,"valueName":"search_term_string"}}],"inLanguage":"de"}]}},"_links":{"self":[{"href":"https:\/\/europeeshout.bonsaidev.nl\/de\/wp-json\/wp\/v2\/pages\/913","targetHints":{"allow":["GET"]}}],"collection":[{"href":"https:\/\/europeeshout.bonsaidev.nl\/de\/wp-json\/wp\/v2\/pages"}],"about":[{"href":"https:\/\/europeeshout.bonsaidev.nl\/de\/wp-json\/wp\/v2\/types\/page"}],"author":[{"embeddable":true,"href":"https:\/\/europeeshout.bonsaidev.nl\/de\/wp-json\/wp\/v2\/users\/3"}],"replies":[{"embeddable":true,"href":"https:\/\/europeeshout.bonsaidev.nl\/de\/wp-json\/wp\/v2\/comments?post=913"}],"version-history":[{"count":12,"href":"https:\/\/europeeshout.bonsaidev.nl\/de\/wp-json\/wp\/v2\/pages\/913\/revisions"}],"predecessor-version":[{"id":5282,"href":"https:\/\/europeeshout.bonsaidev.nl\/de\/wp-json\/wp\/v2\/pages\/913\/revisions\/5282"}],"up":[{"embeddable":true,"href":"https:\/\/europeeshout.bonsaidev.nl\/de\/wp-json\/wp\/v2\/pages\/224"}],"wp:attachment":[{"href":"https:\/\/europeeshout.bonsaidev.nl\/de\/wp-json\/wp\/v2\/media?parent=913"}],"curies":[{"name":"wp","href":"https:\/\/api.w.org\/{rel}","templated":true}]}}