{"id":5319,"date":"2026-01-27T10:35:13","date_gmt":"2026-01-27T09:35:13","guid":{"rendered":"https:\/\/www.boogaerdthout.nl\/?page_id=5319"},"modified":"2026-01-27T10:38:32","modified_gmt":"2026-01-27T09:38:32","slug":"egetraesramme-trae","status":"publish","type":"page","link":"https:\/\/europeeshout.bonsaidev.nl\/da\/inspiratie\/kennisbank\/eiken-kozijnhout\/","title":{"rendered":"Egetr\u00e6sramme Tr\u00e6"},"content":{"rendered":"<div id='av-layout-grid-1'  class='av-layout-grid-container av-2xjvq-5e6e5e3be56766929bc1d6ad1b19c9d0 entry-content-wrapper main_color av-flex-cells  avia-builder-el-0  el_before_av_section  avia-builder-el-first   container_wrap sidebar_right'  >\n\n<style type=\"text\/css\" data-created_by=\"avia_inline_auto\" id=\"style-css-av-5yosly-d0448aca7000e3c14f901e101e8c5fdb\">\n.flex_cell.av-5yosly-d0448aca7000e3c14f901e101e8c5fdb{\nvertical-align:middle;\nheight:580px;\nmin-height:580px;\nbackground-color:#004629;\n}\n.responsive #top #wrap_all .flex_cell.av-5yosly-d0448aca7000e3c14f901e101e8c5fdb{\npadding:2% 2% 2% 2% !important;\n}\n\n@media only screen and (min-width: 480px) and (max-width: 767px){ \n.responsive #top #wrap_all .flex_cell.av-5yosly-d0448aca7000e3c14f901e101e8c5fdb{\npadding:40px 40px 40px 40px !important;\n}\n}\n\n@media only screen and (max-width: 479px){ \n.responsive #top #wrap_all .flex_cell.av-5yosly-d0448aca7000e3c14f901e101e8c5fdb{\npadding:40px 40px 40px 40px !important;\n}\n}\n<\/style>\n<div class='flex_cell av-5yosly-d0448aca7000e3c14f901e101e8c5fdb av-gridrow-cell av_one_half no_margin  avia-builder-el-1  el_before_av_cell_one_half  avia-builder-el-first  banner-tekst content-align-middle'  ><div class='flex_cell_inner'>\n<style type=\"text\/css\" data-created_by=\"avia_inline_auto\" id=\"style-css-av-m32x4221-0f4fe2cd4d5e1c91ed70db6ce8bea468\">\n#top .av_textblock_section.av-m32x4221-0f4fe2cd4d5e1c91ed70db6ce8bea468 .avia_textblock{\nfont-size:22px;\ncolor:#ffffff;\n}\n<\/style>\n<section  class='av_textblock_section av-m32x4221-0f4fe2cd4d5e1c91ed70db6ce8bea468'   itemscope=\"itemscope\" itemtype=\"https:\/\/schema.org\/CreativeWork\" ><div class='avia_textblock av_inherit_color'  itemprop=\"text\" ><h1>Egetr\u00e6sramme Tr\u00e6<\/h1>\n<h2>B\u00e6redygtig elegance til t\u00f8mrerbranchen<\/h2>\n<p>Vinduesrammer i egetr\u00e6 er ikke bare noget tr\u00e6; de er en investering i dit hjems fremtid. Takket v\u00e6re sin h\u00f8je densitet og naturlige harpiks er egetr\u00e6 ideelt til vinduesrammer, vinduer og d\u00f8re. For at finde den rette balance mellem \u00e6stetik, stabilitet og budget til ethvert projekt tilbyder vi tre forskellige muligheder.<\/p>\n<\/div><\/section>\n<\/div><\/div>\n<style type=\"text\/css\" data-created_by=\"avia_inline_auto\" id=\"style-css-av-dkzw6-6cc4bca40c08b5d3667cbb216800d321\">\n.flex_cell.av-dkzw6-6cc4bca40c08b5d3667cbb216800d321{\nvertical-align:middle;\nheight:580px;\nmin-height:580px;\nbackground:url(https:\/\/europeeshout.bonsaidev.nl\/wp-content\/uploads\/2023\/08\/20230404_110448-e1693386528104-1030x868.jpg) 50% 50% no-repeat scroll ;\n}\n.responsive #top #wrap_all .flex_cell.av-dkzw6-6cc4bca40c08b5d3667cbb216800d321{\npadding:60px 60px 60px 60px !important;\n}\n<\/style>\n<div class='flex_cell av-dkzw6-6cc4bca40c08b5d3667cbb216800d321 av-gridrow-cell av_one_half no_margin  avia-builder-el-3  el_after_av_cell_one_half  avia-builder-el-last  banner-foto content-align-middle avia-full-stretch'  ><div class='flex_cell_inner'>\n<style type=\"text\/css\" data-created_by=\"avia_inline_auto\" id=\"style-css-av-21tmvq-a91a589ee9ec773e2b6e75b667e33d55\">\n.flex_column.av-21tmvq-a91a589ee9ec773e2b6e75b667e33d55{\nborder-width:1px;\nborder-color:#ffffff;\nborder-style:solid;\npadding:370px 30px 30px 30px;\n}\n<\/style>\n<div  class='flex_column av-21tmvq-a91a589ee9ec773e2b6e75b667e33d55 av_one_half  avia-builder-el-4  avia-builder-el-no-sibling  first flex_column_div'     ><section  class='av_textblock_section av-m32xct5m-6009feeb602a456980a41c7d6ba43f54'   itemscope=\"itemscope\" itemtype=\"https:\/\/schema.org\/CreativeWork\" ><div class='avia_textblock toepassing-logo'  itemprop=\"text\" ><p><img loading=\"lazy\" decoding=\"async\" class=\"alignleft wp-image-1473\" src=\"https:\/\/www.boogaerdthout.nl\/wp-content\/uploads\/2023\/07\/europees-eiken-300x105.png\" alt=\"Europ\u00e6isk egetr\u00e6slogo\" width=\"186\" height=\"43\" \/><\/p>\n<\/div><\/section><\/div>\n<\/div><\/div>\n<\/div>\n<div id='av_section_1'  class='avia-section av-302689-72011d8e88618f4108430ce52c7a9c5a main_color avia-section-large avia-no-border-styling  avia-builder-el-6  el_after_av_layout_row  avia-builder-el-last  avia-bg-style-scroll container_wrap sidebar_right'  ><div class='container av-section-cont-open' ><div class='template-page content  av-content-small alpha units'><div class='post-entry post-entry-type-page post-entry-5319'><div class='entry-content-wrapper clearfix'>\n<div  class='flex_column av-2yempl-b0dfc9fe398e7a918ae8675fd90fa0a4 av_two_third  avia-builder-el-7  el_before_av_one_third  avia-builder-el-first  first flex_column_div'     ><section  class='av_textblock_section av-ljya2u2n-2aca5d794b422abde024345f5bf2863b'   itemscope=\"itemscope\" itemtype=\"https:\/\/schema.org\/CreativeWork\" ><div class='avia_textblock'  itemprop=\"text\" ><h2 data-path-to-node=\"5\">Optimeret (fingerskarvet og lamineret)<\/h2>\n<p data-path-to-node=\"6\"><b data-path-to-node=\"6\" data-index-in-node=\"0\">Staldmesteren inden for indend\u00f8rs vinduesrammer.<\/b> I denne variant samles korte stykker egetr\u00e6 med en fingersamling og limes derefter sammen i lag (lameller).<\/p>\n<ul>\n<li data-path-to-node=\"7,0,0\"><b data-path-to-node=\"7,0,0\" data-index-in-node=\"0\">Stabilitet:<\/b> Ved at lime de forskellige tr\u00e6retninger mod hinanden, holdes den naturlige bev\u00e6gelse (tr\u00e6k og vrid) p\u00e5 et minimum.<\/li>\n<li data-path-to-node=\"7,1,0\"><b data-path-to-node=\"7,1,0\" data-index-in-node=\"0\">B\u00e6redygtighed:<\/b> Meget effektiv udnyttelse af tr\u00e6et, hvilket g\u00f8r dette til det mest \u00f8kologiske og omkostningseffektive valg.<\/li>\n<li><\/li>\n<li><\/li>\n<li data-path-to-node=\"7,2,0\"><b data-path-to-node=\"7,2,0\" data-index-in-node=\"0\">Se:<\/b> Fingersamlingerne er synlige p\u00e5 overfladen og skaber et karakteristisk, levende m\u00f8nster. Ideel til maling eller en industriel transparent finish.<\/li>\n<\/ul>\n<\/div><\/section><br \/>\n<div  class='avia-buttonrow-wrap av-mkwe9600-7809603690c0258a1fbe25bc21ee1c46 avia-buttonrow-left  avia-builder-el-9  el_after_av_textblock  el_before_av_hr'>\n\n<style type=\"text\/css\" data-created_by=\"avia_inline_auto\" id=\"style-css-av-mkwe8huc-62b8caf9d707b10c6b6b1dce301bd85a\">\n#top #wrap_all .avia-button.av-mkwe8huc-62b8caf9d707b10c6b6b1dce301bd85a{\nmargin-bottom:5px;\nmargin-right:5px;\n}\n<\/style>\n<a href='https:\/\/europeeshout.bonsaidev.nl\/da\/inspiratie\/kennisbank\/gevingerlast-gelamineerd-hout\/'  class='avia-button av-mkwe8huc-62b8caf9d707b10c6b6b1dce301bd85a avia-icon_select-no avia-size-small avia-color-theme-color'   aria-label=\"Se fingerskarvet eg\"><span class='avia_iconbox_title' >Se fingerskarvet eg<\/span><\/a>\n<\/div><br \/>\n\n<style type=\"text\/css\" data-created_by=\"avia_inline_auto\" id=\"style-css-av-2qcdmx-47e172c87930465a02b450221fb4d01f\">\n#top .hr.hr-invisible.av-2qcdmx-47e172c87930465a02b450221fb4d01f{\nheight:50px;\n}\n<\/style>\n<div  class='hr av-2qcdmx-47e172c87930465a02b450221fb4d01f hr-invisible  avia-builder-el-10  el_after_av_buttonrow  el_before_av_textblock'><span class='hr-inner'><span class=\"hr-inner-style\"><\/span><\/span><\/div><br \/>\n<section  class='av_textblock_section av-ljya5f92-098484e248a25ee4a15da12a09a4e847'   itemscope=\"itemscope\" itemtype=\"https:\/\/schema.org\/CreativeWork\" ><div class='avia_textblock'  itemprop=\"text\" ><div class=\"content-default wrapper wrapper--small text-center\">\n<div class=\"content-default__editor m10 cms-output\">\n<h2 data-path-to-node=\"8\">Massiv egetr\u00e6sramme<\/h2>\n<p data-path-to-node=\"9\"><b data-path-to-node=\"9\" data-index-in-node=\"0\">Naturens rene kraft.<\/b> Ingen langsg\u00e5ende limsamlinger, men \u00e9t massivt stykke tr\u00e6 fra stammen.<\/p>\n<ul>\n<li data-path-to-node=\"10,0,0\"><b data-path-to-node=\"10,0,0\" data-index-in-node=\"0\">\u00c6gthed:<\/b> Det eneste valg for dem, der elsker den uafbrudte \u00e5restruktur og det robuste udseende af ren eg.<\/li>\n<li data-path-to-node=\"10,1,0\"><b data-path-to-node=\"10,1,0\" data-index-in-node=\"0\">Anvendelse:<\/b> Ofte valgt til restaureringer af monumentale bygninger eller luksusvillaer, hvor udseende er vigtigere end pris.<\/li>\n<li data-path-to-node=\"10,2,0\"><b data-path-to-node=\"10,2,0\" data-index-in-node=\"0\">Opm\u00e6rksomhedspunkt:<\/b> Da tr\u00e6 er et naturprodukt, b\u00f8jer massivt tr\u00e6 sig mere end lamineret tr\u00e6. Professionel installation og korrekt behandling er afg\u00f8rende.<\/li>\n<\/ul>\n<\/div>\n<\/div>\n<div class=\"text-image wrapper wrapper--wide\">\n<div class=\"text-image__columns columns no-box-shadow text_position--right text_alignment--left\">\n<div class=\"text-image__column column column--right\">\n<div class=\"text-image__image\"><\/div>\n<\/div>\n<\/div>\n<\/div>\n<\/div><\/section><br \/>\n<div  class='avia-buttonrow-wrap av-mkweesmh-e158ac1b3dac1164c9a31e405749affa avia-buttonrow-left  avia-builder-el-12  el_after_av_textblock  el_before_av_hr'>\n\n<style type=\"text\/css\" data-created_by=\"avia_inline_auto\" id=\"style-css-av-mkweeq76-1600dd6e0a0985ac0f9cedb9fb2d13e1\">\n#top #wrap_all .avia-button.av-mkweeq76-1600dd6e0a0985ac0f9cedb9fb2d13e1{\nmargin-bottom:5px;\nmargin-right:5px;\n}\n<\/style>\n<a href='https:\/\/europeeshout.bonsaidev.nl\/da\/houtsoort\/europees-eiken\/'  class='avia-button av-mkweeq76-1600dd6e0a0985ac0f9cedb9fb2d13e1 avia-icon_select-no avia-size-small avia-color-theme-color'   aria-label=\"Se egetr\u00e6\"><span class='avia_iconbox_title' >Se egetr\u00e6<\/span><\/a>\n<\/div><br \/>\n\n<style type=\"text\/css\" data-created_by=\"avia_inline_auto\" id=\"style-css-av-aux8h-6912d4178ccb19286ec3f461adf8d929\">\n#top .hr.hr-invisible.av-aux8h-6912d4178ccb19286ec3f461adf8d929{\nheight:50px;\n}\n<\/style>\n<div  class='hr av-aux8h-6912d4178ccb19286ec3f461adf8d929 hr-invisible  avia-builder-el-13  el_after_av_buttonrow  el_before_av_textblock'><span class='hr-inner'><span class=\"hr-inner-style\"><\/span><\/span><\/div><br \/>\n<section  class='av_textblock_section av-ljya4rls-51f0f99480e13ea939a9f9a0d3225cb7'   itemscope=\"itemscope\" itemtype=\"https:\/\/schema.org\/CreativeWork\" ><div class='avia_textblock'  itemprop=\"text\" ><h2 data-path-to-node=\"11\">Fingerskarvet med kontinuerlig lamel (DKD)<\/h2>\n<p data-path-to-node=\"12\"><b data-path-to-node=\"12\" data-index-in-node=\"0\">Det bedste fra begge verdener.<\/b> Denne variant har en kerne, der er fingerskarvet for maksimal stabilitet, men de ydre lag (de synlige sider) best\u00e5r af \u00e9n sammenh\u00e6ngende lamel uden fingerskarv.<\/p>\n<ul>\n<li data-path-to-node=\"13,0,0\"><b data-path-to-node=\"13,0,0\" data-index-in-node=\"0\">\u00c6stetik:<\/b> Udefra ser rammen ud som massivt tr\u00e6; der er ingen synlige fingersamlinger p\u00e5 de brede sider.<\/li>\n<li data-path-to-node=\"13,1,0\"><b data-path-to-node=\"13,1,0\" data-index-in-node=\"0\">P\u00e5lidelighed:<\/b> Du drager fordel af lamineret tr\u00e6s formstabilitet, hvilket betyder, at dine vinduer og d\u00f8re stadig lukker perfekt, selv efter mange \u00e5rs brug.<\/li>\n<li data-path-to-node=\"13,2,0\"><b data-path-to-node=\"13,2,0\" data-index-in-node=\"0\">Luksus:<\/b> Det ideelle valg til avancerede projekter, der kr\u00e6ver et elegant og naturligt udseende uden risikoen ved massivt tr\u00e6.<\/li>\n<\/ul>\n<\/div><\/section><br \/>\n<div  class='avia-buttonrow-wrap av-4vnufb-c8908fa924c8d5a9b3b9d183c4da2512 avia-buttonrow-left  avia-builder-el-15  el_after_av_textblock  el_before_av_hr'>\n\n<style type=\"text\/css\" data-created_by=\"avia_inline_auto\" id=\"style-css-av-1azmls7-489af51dca6dc6827c9bd7ea629eeac3\">\n#top #wrap_all .avia-button.av-1azmls7-489af51dca6dc6827c9bd7ea629eeac3{\nmargin-bottom:5px;\nmargin-right:5px;\n}\n<\/style>\n<a href='https:\/\/europeeshout.bonsaidev.nl\/da\/inspiratie\/kennisbank\/gevingerlast-gelamineerd-hout\/'  class='avia-button av-1azmls7-489af51dca6dc6827c9bd7ea629eeac3 avia-icon_select-no avia-size-small avia-color-theme-color'   aria-label=\"Se fingerskarvet eg\"><span class='avia_iconbox_title' >Se fingerskarvet eg<\/span><\/a>\n<\/div><br \/>\n\n<style type=\"text\/css\" data-created_by=\"avia_inline_auto\" id=\"style-css-av-19kir7r-274ca5179a855a5ce6f478de328f632a\">\n#top .hr.hr-invisible.av-19kir7r-274ca5179a855a5ce6f478de328f632a{\nheight:50px;\n}\n<\/style>\n<div  class='hr av-19kir7r-274ca5179a855a5ce6f478de328f632a hr-invisible  avia-builder-el-16  el_after_av_buttonrow  el_before_av_textblock'><span class='hr-inner'><span class=\"hr-inner-style\"><\/span><\/span><\/div><br \/>\n<section  class='av_textblock_section av-mkwel8wh-a0241440b3ac5e1e9faf8867560885ed'   itemscope=\"itemscope\" itemtype=\"https:\/\/schema.org\/CreativeWork\" ><div class='avia_textblock'  itemprop=\"text\" ><div class=\"content-default wrapper wrapper--small text-center\">\n<div class=\"content-default__editor m10 cms-output\">\n<h2 data-path-to-node=\"8\">Se forskellene<\/h2>\n<\/div>\n<\/div>\n<div class=\"text-image wrapper wrapper--wide\">\n<div class=\"text-image__columns columns no-box-shadow text_position--right text_alignment--left\">\n<div class=\"text-image__column column column--right\">\n<div class=\"text-image__image\"><\/div>\n<\/div>\n<\/div>\n<\/div>\n<\/div><\/section><br \/>\n<div  class='avia-table av-17dptl3-5dad363ff24e4f66b806d6822a361b85 main_color avia-pricing-table-container avia_pricing_default  avia-builder-el-18  el_after_av_textblock  avia-builder-el-last  avia-table-1'  itemscope=\"itemscope\" itemtype=\"https:\/\/schema.org\/Table\" ><div class=\"pricing-table-wrap\"><ul class='pricing-table avia-desc-col'><li class='avia-heading-row'><div class='first-table-item'>Funktion<\/div><span class='pricing-extra'><\/span><\/li><li class=''>Stabilitet<\/li><li class=''>Synlige svejsninger<\/li><li class=''>Prisniveau<\/li><li class=''>Udseende<\/li><\/ul><\/div><div class=\"pricing-table-wrap\"><ul class='pricing-table'><li class='avia-heading-row'><div class='first-table-item'>Optimeret<\/div><span class='pricing-extra'><\/span><\/li><li class=''>Fremragende<\/li><li class=''>Ja<\/li><li class=''>\u20ac\u20ac<\/li><li class=''>Moderne \/ Rustikt<\/li><\/ul><\/div><div class=\"pricing-table-wrap\"><ul class='pricing-table'><li class='avia-heading-row'><div class='first-table-item'>Solid<\/div><span class='pricing-extra'><\/span><\/li><li class=''>Gennemsnit<\/li><li class=''>Ingen<\/li><li class=''>\u20ac\u20ac\u20ac\u20ac<\/li><li class=''>Autentisk \/ Klassisk<\/li><\/ul><\/div><div class=\"pricing-table-wrap\"><ul class='pricing-table'><li class='avia-heading-row'><div class='first-table-item'>Kontinuerlig lamel (DKD)<\/div><span class='pricing-extra'><\/span><\/li><li class=''>Meget god<\/li><li class=''>Nej (p\u00e5 den synlige side)<\/li><li class=''>\u20ac\u20ac\u20ac<\/li><li class=''>T\u00e6t \/ H\u00f8j kvalitet<\/li><\/ul><\/div><\/div><\/p><\/div><div  class='flex_column av-1gfa1-03eb50077375855486fa01219a626e44 av_one_third  avia-builder-el-19  el_after_av_two_third  avia-builder-el-last  flex_column_div'     ><div  class='avia-builder-widget-area clearfix  avia-builder-el-20  avia-builder-el-no-sibling'><section id=\"avia_auto_toc-2\" class=\"widget clearfix avia-widget-container avia_auto_toc avia_no_block_preview\"><div class=\"avia-preview-headline\">Fold underordnet indholdsfortegnelse ud<\/div><div class=\"avia-preview-info\">Titel: Sideindhold<\/div><div class=\"avia-preview-in-front\">Tabellen kan kun gengives i frontend.<\/div><span class=\"seperator extralight-border\"><\/span><\/section><section id=\"text-7\" class=\"widget clearfix widget_text\"><h3 class=\"widgettitle\">Mere information<\/h3>\t\t\t<div class=\"textwidget\"><ul>\n<li><a href=\"https:\/\/www.boogaerdthout.nl\/inspiratie\/kennisbank\/\">Vidensbase<\/a><\/li>\n<li><a href=\"https:\/\/www.boogaerdthout.nl\/over-ons\/downloads\/\">Downloads<\/a><\/li>\n<li><a href=\"https:\/\/www.boogaerdthout.nl\/inspiratie\/projecten\/\">Projekter<\/a><\/li>\n<li><a href=\"https:\/\/www.boogaerdthout.nl\/profielen-gevelbekleding\/\">Facadebekl\u00e6dningsprofiler<\/a><\/li>\n<li><a href=\"https:\/\/www.boogaerdthout.nl\/profielen-vlonders\/\">Terrasseprofiler<\/a><\/li>\n<li><a href=\"https:\/\/www.boogaerdthout.nl\/over-ons\/behandelingen-van-hout\/\">Tr\u00e6behandlinger<\/a><\/li>\n<\/ul>\n<\/div>\n\t\t<span class=\"seperator extralight-border\"><\/span><\/section><section id=\"custom_html-2\" class=\"widget_text widget clearfix widget_custom_html\"><h3 class=\"widgettitle\">Stil dit sp\u00f8rgsm\u00e5l<\/h3><div class=\"textwidget custom-html-widget\">\n\n\t\t\n\t    \t    \n        <div class=\"cta-foto\">\n                    <\/div>\n        <div class=\"cta-info\">\n            <p>Lars Bastiaansen<\/p>\n            <p class=\"functie\">Salgschef<\/p>\n            <p>0180-551 552<\/p>\n            <a href=\"\/da\/kontakte\/\" class=\"avia-button avia-icon_select-no avia-size-small btn-side avia-position-left avia-color-theme-color\"><span class=\"avia_iconbox_title\">Send en besked<\/span><\/a>\n        <\/div>\n        \n\t\t\n\t\t\n<\/div><span class=\"seperator extralight-border\"><\/span><\/section><section id=\"text-2\" class=\"widget clearfix widget_text\">\t\t\t<div class=\"textwidget\"><div class=\"artikelen\">\n<h4>Nyhedsartikler<\/h4>\n<p>\t\t\t\t\t\t\t<a href=\"https:\/\/europeeshout.bonsaidev.nl\/da\/2020\/04\/20\/eiken-panelen\/\">\t<\/p>\n<div class=\"wrapper\">\n<div class=\"artikel-content\">\n<p>Egetr\u00e6spaneler<\/p>\n<\/div><\/div>\n<p>        <\/a><br \/>\n\t\t\t\t\t\t\t<a href=\"https:\/\/europeeshout.bonsaidev.nl\/da\/2019\/10\/02\/eiken-blokhout-voor-zeer-interessante-prijzen\/\">\t<\/p>\n<div class=\"wrapper\">\n<div class=\"artikel-content\">\n<p>Bloktr\u00e6 i egetr\u00e6 til meget interessante priser<\/p>\n<\/div><\/div>\n<p>        <\/a><\/p><\/div>\n<\/div>\n\t\t<span class=\"seperator extralight-border\"><\/span><\/section><\/div><\/div><\/div><\/div><\/div><!-- close content main div --><\/div><\/div><div id='after_section_1'  class='main_color av_default_container_wrap container_wrap sidebar_right'  ><div class='container av-section-cont-open' ><div class='template-page content  av-content-small alpha units'><div class='post-entry post-entry-type-page post-entry-5319'><div class='entry-content-wrapper clearfix'>","protected":false},"excerpt":{"rendered":"","protected":false},"author":4,"featured_media":2104,"parent":224,"menu_order":0,"comment_status":"closed","ping_status":"closed","template":"","meta":{"_acf_changed":false,"footnotes":""},"class_list":["post-5319","page","type-page","status-publish","has-post-thumbnail","hentry"],"acf":[],"yoast_head":"<!-- This site is optimized with the Yoast SEO plugin v27.4 - https:\/\/yoast.com\/product\/yoast-seo-wordpress\/ -->\n<title>Eiken Kozijnhout - Europees hout<\/title>\n<meta name=\"robots\" content=\"noindex, follow, max-snippet:-1, max-image-preview:large, max-video-preview:-1\" \/>\n<meta property=\"og:locale\" content=\"da_DK\" \/>\n<meta property=\"og:type\" content=\"article\" \/>\n<meta property=\"og:title\" content=\"Eiken Kozijnhout - Europees hout\" \/>\n<meta property=\"og:url\" content=\"https:\/\/europeeshout.bonsaidev.nl\/da\/inspiration-2\/vidensbase\/egetraesramme-trae\/\" \/>\n<meta property=\"og:site_name\" content=\"Europees hout\" \/>\n<meta property=\"article:modified_time\" content=\"2026-01-27T09:38:32+00:00\" \/>\n<meta property=\"og:image\" content=\"https:\/\/www.boogaerdthout.nl\/wp-content\/uploads\/2023\/08\/20230404_110448-e1693386528104.jpg\" \/>\n\t<meta property=\"og:image:width\" content=\"1545\" \/>\n\t<meta property=\"og:image:height\" content=\"1302\" \/>\n\t<meta property=\"og:image:type\" content=\"image\/jpeg\" \/>\n<meta name=\"twitter:label1\" content=\"Estimeret l\u00e6setid\" \/>\n\t<meta name=\"twitter:data1\" content=\"4 minutter\" \/>\n<script type=\"application\/ld+json\" class=\"yoast-schema-graph\">{\"@context\":\"https:\\\/\\\/schema.org\",\"@graph\":[{\"@type\":\"WebPage\",\"@id\":\"https:\\\/\\\/europeeshout.bonsaidev.nl\\\/inspiratie\\\/kennisbank\\\/eiken-kozijnhout\\\/\",\"url\":\"https:\\\/\\\/europeeshout.bonsaidev.nl\\\/inspiratie\\\/kennisbank\\\/eiken-kozijnhout\\\/\",\"name\":\"Eiken Kozijnhout - Europees hout\",\"isPartOf\":{\"@id\":\"https:\\\/\\\/www.boogaerdthout.nl\\\/#website\"},\"primaryImageOfPage\":{\"@id\":\"https:\\\/\\\/europeeshout.bonsaidev.nl\\\/inspiratie\\\/kennisbank\\\/eiken-kozijnhout\\\/#primaryimage\"},\"image\":{\"@id\":\"https:\\\/\\\/europeeshout.bonsaidev.nl\\\/inspiratie\\\/kennisbank\\\/eiken-kozijnhout\\\/#primaryimage\"},\"thumbnailUrl\":\"https:\\\/\\\/europeeshout.bonsaidev.nl\\\/wp-content\\\/uploads\\\/2023\\\/08\\\/20230404_110448-e1693386528104.jpg\",\"datePublished\":\"2026-01-27T09:35:13+00:00\",\"dateModified\":\"2026-01-27T09:38:32+00:00\",\"breadcrumb\":{\"@id\":\"https:\\\/\\\/europeeshout.bonsaidev.nl\\\/inspiratie\\\/kennisbank\\\/eiken-kozijnhout\\\/#breadcrumb\"},\"inLanguage\":\"da-DK\",\"potentialAction\":[{\"@type\":\"ReadAction\",\"target\":[\"https:\\\/\\\/europeeshout.bonsaidev.nl\\\/inspiratie\\\/kennisbank\\\/eiken-kozijnhout\\\/\"]}]},{\"@type\":\"ImageObject\",\"inLanguage\":\"da-DK\",\"@id\":\"https:\\\/\\\/europeeshout.bonsaidev.nl\\\/inspiratie\\\/kennisbank\\\/eiken-kozijnhout\\\/#primaryimage\",\"url\":\"https:\\\/\\\/europeeshout.bonsaidev.nl\\\/wp-content\\\/uploads\\\/2023\\\/08\\\/20230404_110448-e1693386528104.jpg\",\"contentUrl\":\"https:\\\/\\\/europeeshout.bonsaidev.nl\\\/wp-content\\\/uploads\\\/2023\\\/08\\\/20230404_110448-e1693386528104.jpg\",\"width\":1545,\"height\":1302,\"caption\":\"eik gevingerlast\"},{\"@type\":\"BreadcrumbList\",\"@id\":\"https:\\\/\\\/europeeshout.bonsaidev.nl\\\/inspiratie\\\/kennisbank\\\/eiken-kozijnhout\\\/#breadcrumb\",\"itemListElement\":[{\"@type\":\"ListItem\",\"position\":1,\"name\":\"Home\",\"item\":\"https:\\\/\\\/europeeshout.bonsaidev.nl\\\/home-2\\\/\"},{\"@type\":\"ListItem\",\"position\":2,\"name\":\"Inspiratie\",\"item\":\"https:\\\/\\\/europeeshout.bonsaidev.nl\\\/inspiratie\\\/\"},{\"@type\":\"ListItem\",\"position\":3,\"name\":\"Kennisbank\",\"item\":\"https:\\\/\\\/europeeshout.bonsaidev.nl\\\/inspiratie\\\/kennisbank\\\/\"},{\"@type\":\"ListItem\",\"position\":4,\"name\":\"Eiken Kozijnhout\"}]},{\"@type\":\"WebSite\",\"@id\":\"https:\\\/\\\/www.boogaerdthout.nl\\\/#website\",\"url\":\"https:\\\/\\\/www.boogaerdthout.nl\\\/\",\"name\":\"Europees hout\",\"description\":\"Koninklijke houthandel Boogaerdt B.V.\",\"potentialAction\":[{\"@type\":\"SearchAction\",\"target\":{\"@type\":\"EntryPoint\",\"urlTemplate\":\"https:\\\/\\\/www.boogaerdthout.nl\\\/?s={search_term_string}\"},\"query-input\":{\"@type\":\"PropertyValueSpecification\",\"valueRequired\":true,\"valueName\":\"search_term_string\"}}],\"inLanguage\":\"da-DK\"}]}<\/script>\n<!-- \/ Yoast SEO plugin. -->","yoast_head_json":{"title":"Eiken Kozijnhout - Europees hout","robots":{"index":"noindex","follow":"follow","max-snippet":"max-snippet:-1","max-image-preview":"max-image-preview:large","max-video-preview":"max-video-preview:-1"},"og_locale":"da_DK","og_type":"article","og_title":"Eiken Kozijnhout - Europees hout","og_url":"https:\/\/europeeshout.bonsaidev.nl\/da\/inspiration-2\/vidensbase\/egetraesramme-trae\/","og_site_name":"Europees hout","article_modified_time":"2026-01-27T09:38:32+00:00","og_image":[{"width":1545,"height":1302,"url":"https:\/\/www.boogaerdthout.nl\/wp-content\/uploads\/2023\/08\/20230404_110448-e1693386528104.jpg","type":"image\/jpeg"}],"twitter_misc":{"Estimeret l\u00e6setid":"4 minutter"},"schema":{"@context":"https:\/\/schema.org","@graph":[{"@type":"WebPage","@id":"https:\/\/europeeshout.bonsaidev.nl\/inspiratie\/kennisbank\/eiken-kozijnhout\/","url":"https:\/\/europeeshout.bonsaidev.nl\/inspiratie\/kennisbank\/eiken-kozijnhout\/","name":"Eiken Kozijnhout - Europees hout","isPartOf":{"@id":"https:\/\/www.boogaerdthout.nl\/#website"},"primaryImageOfPage":{"@id":"https:\/\/europeeshout.bonsaidev.nl\/inspiratie\/kennisbank\/eiken-kozijnhout\/#primaryimage"},"image":{"@id":"https:\/\/europeeshout.bonsaidev.nl\/inspiratie\/kennisbank\/eiken-kozijnhout\/#primaryimage"},"thumbnailUrl":"https:\/\/europeeshout.bonsaidev.nl\/wp-content\/uploads\/2023\/08\/20230404_110448-e1693386528104.jpg","datePublished":"2026-01-27T09:35:13+00:00","dateModified":"2026-01-27T09:38:32+00:00","breadcrumb":{"@id":"https:\/\/europeeshout.bonsaidev.nl\/inspiratie\/kennisbank\/eiken-kozijnhout\/#breadcrumb"},"inLanguage":"da-DK","potentialAction":[{"@type":"ReadAction","target":["https:\/\/europeeshout.bonsaidev.nl\/inspiratie\/kennisbank\/eiken-kozijnhout\/"]}]},{"@type":"ImageObject","inLanguage":"da-DK","@id":"https:\/\/europeeshout.bonsaidev.nl\/inspiratie\/kennisbank\/eiken-kozijnhout\/#primaryimage","url":"https:\/\/europeeshout.bonsaidev.nl\/wp-content\/uploads\/2023\/08\/20230404_110448-e1693386528104.jpg","contentUrl":"https:\/\/europeeshout.bonsaidev.nl\/wp-content\/uploads\/2023\/08\/20230404_110448-e1693386528104.jpg","width":1545,"height":1302,"caption":"eik gevingerlast"},{"@type":"BreadcrumbList","@id":"https:\/\/europeeshout.bonsaidev.nl\/inspiratie\/kennisbank\/eiken-kozijnhout\/#breadcrumb","itemListElement":[{"@type":"ListItem","position":1,"name":"Home","item":"https:\/\/europeeshout.bonsaidev.nl\/home-2\/"},{"@type":"ListItem","position":2,"name":"Inspiratie","item":"https:\/\/europeeshout.bonsaidev.nl\/inspiratie\/"},{"@type":"ListItem","position":3,"name":"Kennisbank","item":"https:\/\/europeeshout.bonsaidev.nl\/inspiratie\/kennisbank\/"},{"@type":"ListItem","position":4,"name":"Eiken Kozijnhout"}]},{"@type":"WebSite","@id":"https:\/\/www.boogaerdthout.nl\/#website","url":"https:\/\/www.boogaerdthout.nl\/","name":"Europ\u00e6isk tr\u00e6","description":"Kongelig t\u00f8mmerhandel Boogaerdt BV.","potentialAction":[{"@type":"SearchAction","target":{"@type":"EntryPoint","urlTemplate":"https:\/\/www.boogaerdthout.nl\/?s={search_term_string}"},"query-input":{"@type":"PropertyValueSpecification","valueRequired":true,"valueName":"search_term_string"}}],"inLanguage":"da-DK"}]}},"_links":{"self":[{"href":"https:\/\/europeeshout.bonsaidev.nl\/da\/wp-json\/wp\/v2\/pages\/5319","targetHints":{"allow":["GET"]}}],"collection":[{"href":"https:\/\/europeeshout.bonsaidev.nl\/da\/wp-json\/wp\/v2\/pages"}],"about":[{"href":"https:\/\/europeeshout.bonsaidev.nl\/da\/wp-json\/wp\/v2\/types\/page"}],"author":[{"embeddable":true,"href":"https:\/\/europeeshout.bonsaidev.nl\/da\/wp-json\/wp\/v2\/users\/4"}],"replies":[{"embeddable":true,"href":"https:\/\/europeeshout.bonsaidev.nl\/da\/wp-json\/wp\/v2\/comments?post=5319"}],"version-history":[{"count":5,"href":"https:\/\/europeeshout.bonsaidev.nl\/da\/wp-json\/wp\/v2\/pages\/5319\/revisions"}],"predecessor-version":[{"id":5324,"href":"https:\/\/europeeshout.bonsaidev.nl\/da\/wp-json\/wp\/v2\/pages\/5319\/revisions\/5324"}],"up":[{"embeddable":true,"href":"https:\/\/europeeshout.bonsaidev.nl\/da\/wp-json\/wp\/v2\/pages\/224"}],"wp:featuredmedia":[{"embeddable":true,"href":"https:\/\/europeeshout.bonsaidev.nl\/da\/wp-json\/wp\/v2\/media\/2104"}],"wp:attachment":[{"href":"https:\/\/europeeshout.bonsaidev.nl\/da\/wp-json\/wp\/v2\/media?parent=5319"}],"curies":[{"name":"wp","href":"https:\/\/api.w.org\/{rel}","templated":true}]}}